{"id":744192,"date":"2025-08-28T01:51:24","date_gmt":"2025-08-27T22:51:24","guid":{"rendered":"https:\/\/roveyayinevi.com.tr\/index.php\/urun\/benim-adim-mavi\/"},"modified":"2026-04-16T02:55:45","modified_gmt":"2026-04-15T23:55:45","slug":"benim-adim-mavi","status":"publish","type":"product","link":"https:\/\/roveyayinevi.com.tr\/index.php\/urun\/benim-adim-mavi\/","title":{"rendered":"Benim Ad\u0131m Mavi"},"content":{"rendered":"<p>Bazen bizden farkl\u0131 olan renklerin g\u00fczelligini kesfetmek i\u00e7in gereken tek sey uzak \u00e7ay\u0131rlar ve \u00e7i\u00e7ekler \u00fczerinde u\u00e7makt\u0131r. T\u0131pk\u0131 bu hik\u00e2yenin k\u00fc\u00e7\u00fck ar\u0131 kahraman\u0131 Mavi&#8217;nin yapt\u0131g\u0131 gibi.<\/p>\n","protected":false},"excerpt":{"rendered":"<p>Bazen bizden farkl\u0131 olan renklerin g\u00fczelligini kesfetmek i\u00e7in gereken tek sey uzak \u00e7ay\u0131rlar ve \u00e7i\u00e7ekler \u00fczerinde u\u00e7makt\u0131r. T\u0131pk\u0131 bu hik\u00e2yenin k\u00fc\u00e7\u00fck ar\u0131 kahraman\u0131 Mavi&#8217;nin yapt\u0131g\u0131 gibi.<\/p>\n","protected":false},"featured_media":0,"template":"","meta":{"_monsterinsights_skip_tracking":false,"_monsterinsights_sitenote_active":false,"_monsterinsights_sitenote_note":"","_monsterinsights_sitenote_category":0},"product_brand":[],"product_cat":[15192,12274],"product_tag":[],"class_list":{"0":"post-744192","1":"product","2":"type-product","3":"status-publish","5":"product_cat-1-3-yas-kitaplari","6":"product_cat-cocuk-ve-genclik-kitaplari","7":"pa_cilt-ciltsiz","8":"pa_tur-kitap","9":"pa_yayinevi-timas-cocuk","10":"pa_yazar-irene-guglielmi","12":"first","13":"instock","14":"sale","15":"shipping-taxable","16":"purchasable","17":"product-type-simple"},"_links":{"self":[{"href":"https:\/\/roveyayinevi.com.tr\/index.php\/wp-json\/wp\/v2\/product\/744192","targetHints":{"allow":["GET"]}}],"collection":[{"href":"https:\/\/roveyayinevi.com.tr\/index.php\/wp-json\/wp\/v2\/product"}],"about":[{"href":"https:\/\/roveyayinevi.com.tr\/index.php\/wp-json\/wp\/v2\/types\/product"}],"wp:attachment":[{"href":"https:\/\/roveyayinevi.com.tr\/index.php\/wp-json\/wp\/v2\/media?parent=744192"}],"wp:term":[{"taxonomy":"product_brand","embeddable":true,"href":"https:\/\/roveyayinevi.com.tr\/index.php\/wp-json\/wp\/v2\/product_brand?post=744192"},{"taxonomy":"product_cat","embeddable":true,"href":"https:\/\/roveyayinevi.com.tr\/index.php\/wp-json\/wp\/v2\/product_cat?post=744192"},{"taxonomy":"product_tag","embeddable":true,"href":"https:\/\/roveyayinevi.com.tr\/index.php\/wp-json\/wp\/v2\/product_tag?post=744192"}],"curies":[{"name":"wp","href":"https:\/\/api.w.org\/{rel}","templated":true}]}}