{"id":744187,"date":"2025-08-28T01:51:16","date_gmt":"2025-08-27T22:51:16","guid":{"rendered":"https:\/\/roveyayinevi.com.tr\/index.php\/urun\/gezegenler-ve-yildizlar-eglenceli-bilim\/"},"modified":"2026-04-16T02:55:45","modified_gmt":"2026-04-15T23:55:45","slug":"gezegenler-ve-yildizlar-eglenceli-bilim","status":"publish","type":"product","link":"https:\/\/roveyayinevi.com.tr\/index.php\/urun\/gezegenler-ve-yildizlar-eglenceli-bilim\/","title":{"rendered":"Gezegenler ve Y\u0131ld\u0131zlar &#8211; E\u011flenceli Bilim"},"content":{"rendered":"<p>Y\u0131ld\u0131zlar\u0131n gezegenlerden fark\u0131 nedir? G\u00fcne\u015f neden parlar? Y\u0131ld\u0131z kaymas\u0131 nas\u0131l meydana gelir? Gezegenler ve y\u0131ld\u0131zlar hakk\u0131nda bir\u00e7ok sorunun cevab\u0131n\u0131 bulabilece\u011finiz e\u011fitici bir kitap. *K\u0131sa ve anla\u015f\u0131l\u0131r metinler *\u00c7ocuklar\u0131n sordu\u011fu sorulara yan\u0131tlar * Mini S\u00f6zl\u00fck * Zengin g\u00f6rseller *Yetkin fizik\u00e7i ve pedagog taraf\u0131ndan kontrol edilen i\u00e7erik   <\/p>\n","protected":false},"excerpt":{"rendered":"<p>Y\u0131ld\u0131zlar\u0131n gezegenlerden fark\u0131 nedir? G\u00fcne\u015f neden parlar? Y\u0131ld\u0131z kaymas\u0131 nas\u0131l meydana gelir? Gezegenler ve y\u0131ld\u0131zlar hakk\u0131nda bir\u00e7ok sorunun cevab\u0131n\u0131 bulabilece\u011finiz e\u011fitici bir kitap. *K\u0131sa ve anla\u015f\u0131l\u0131r<span class=\"excerpt-hellip\"> [\u2026]<\/span><\/p>\n","protected":false},"featured_media":0,"template":"","meta":{"_monsterinsights_skip_tracking":false,"_monsterinsights_sitenote_active":false,"_monsterinsights_sitenote_note":"","_monsterinsights_sitenote_category":0},"product_brand":[],"product_cat":[13829,12274],"product_tag":[],"class_list":{"0":"post-744187","1":"product","2":"type-product","3":"status-publish","5":"product_cat-bilimsel-kitaplar","6":"product_cat-cocuk-ve-genclik-kitaplari","7":"pa_cilt-ciltsiz","8":"pa_tur-kitap","9":"pa_yayinevi-is-bankasi-kultur-yayinlari","10":"pa_yazar-monika-wittmann","12":"first","13":"instock","14":"sale","15":"shipping-taxable","16":"purchasable","17":"product-type-simple"},"_links":{"self":[{"href":"https:\/\/roveyayinevi.com.tr\/index.php\/wp-json\/wp\/v2\/product\/744187","targetHints":{"allow":["GET"]}}],"collection":[{"href":"https:\/\/roveyayinevi.com.tr\/index.php\/wp-json\/wp\/v2\/product"}],"about":[{"href":"https:\/\/roveyayinevi.com.tr\/index.php\/wp-json\/wp\/v2\/types\/product"}],"wp:attachment":[{"href":"https:\/\/roveyayinevi.com.tr\/index.php\/wp-json\/wp\/v2\/media?parent=744187"}],"wp:term":[{"taxonomy":"product_brand","embeddable":true,"href":"https:\/\/roveyayinevi.com.tr\/index.php\/wp-json\/wp\/v2\/product_brand?post=744187"},{"taxonomy":"product_cat","embeddable":true,"href":"https:\/\/roveyayinevi.com.tr\/index.php\/wp-json\/wp\/v2\/product_cat?post=744187"},{"taxonomy":"product_tag","embeddable":true,"href":"https:\/\/roveyayinevi.com.tr\/index.php\/wp-json\/wp\/v2\/product_tag?post=744187"}],"curies":[{"name":"wp","href":"https:\/\/api.w.org\/{rel}","templated":true}]}}