{"id":744185,"date":"2025-08-28T01:51:13","date_gmt":"2025-08-27T22:51:13","guid":{"rendered":"https:\/\/roveyayinevi.com.tr\/index.php\/urun\/duello-ciltli-somizli\/"},"modified":"2026-04-16T02:55:45","modified_gmt":"2026-04-15T23:55:45","slug":"duello-ciltli-somizli","status":"publish","type":"product","link":"https:\/\/roveyayinevi.com.tr\/index.php\/urun\/duello-ciltli-somizli\/","title":{"rendered":"D\u00fcello (Ciltli-\u015e\u00f6mizli)"},"content":{"rendered":"<p>\u00c7ehov 1891 y\u0131l\u0131nda Novoye Vremya gazetesinde tefrika edilen D\u00fcello\u2019da, insan do\u011fas\u0131n\u0131n karma\u015f\u0131kl\u0131\u011f\u0131n\u0131 \u00e7arp\u0131c\u0131 bir \u00fcslupla ortaya koyar. Tan\u0131d\u0131\u011f\u0131 bir zoologla d\u00f6nemin pop\u00fcler meselelerinden biri olan \u201cen g\u00fc\u00e7l\u00fcn\u00fcn ayakta kalmas\u0131\u201d \u00fczerine tart\u0131\u015fmalar\u0131 epistemolojik ve etik \u00e7at\u0131\u015fmalar ekseninde yap\u0131t\u0131n temelini olu\u015fturmu\u015ftur. Yazar insan\u0131n zaaflar\u0131na, ba\u015fkalar\u0131n\u0131 ba\u011f\u0131\u015flama ve kendini de\u011fi\u015ftirip geli\u015ftirme yetisine i\u015faret etti\u011fi bu \u00f6yk\u00fcs\u00fcne mek\u00e2n olarak Kafkasya\u2019y\u0131, Karadeniz k\u0131y\u0131s\u0131ndaki k\u00fc\u00e7\u00fck bir kenti se\u00e7mi\u015ftir. E\u011fitimli Rus aristokrat Layevski, evli bir kad\u0131nla ya\u015famaktad\u0131r ve birlikte ka\u00e7\u0131p geldikleri bu kentte devlet memuru olmu\u015ftur. Ancak zamanla kad\u0131ndan so\u011fumu\u015f, ili\u015fkiyi sonland\u0131rman\u0131n yollar\u0131n\u0131 aramaktad\u0131r. Layevski\u2019nin sorumsuzlu\u011fu, fazla i\u00e7ki i\u00e7mesi, hesab\u0131n\u0131 bilmeden para harcamas\u0131 ve kendisine ba\u011f\u0131ml\u0131 olan bir kad\u0131ndan kurtulmaya \u00e7al\u0131\u015fmas\u0131, sosyal Darwinci zoolog Von Koren\u2019de tiksinti uyand\u0131rmaktad\u0131r. Olaylara sadece bilimin \u00e7er\u00e7evesinden bakabilen Von Koren\u2019in g\u00f6z\u00fcnde Layevski gibiler insanl\u0131\u011fa ve uygarl\u0131\u011fa y\u00f6nelik bir tehdittir ve d\u00fcnya b\u00f6yle insanlardan \u201car\u0131nd\u0131r\u0131l\u0131rsa\u201d \u00e7ok daha ya\u015fan\u0131las\u0131 bir yer haline gelecektir. \u0130kili aras\u0131nda giderek b\u00fcy\u00fcyen, bir askeri doktorla bir diyakozun da dahil olup tan\u0131kl\u0131k ettikleri etik tart\u0131\u015fma ve fikir sava\u015f\u0131, ans\u0131z\u0131n fiziksel \u015fiddet i\u00e7eren bir meydan okumaya evrilir. <\/p>\n","protected":false},"excerpt":{"rendered":"<p>\u00c7ehov 1891 y\u0131l\u0131nda Novoye Vremya gazetesinde tefrika edilen D\u00fcello\u2019da, insan do\u011fas\u0131n\u0131n karma\u015f\u0131kl\u0131\u011f\u0131n\u0131 \u00e7arp\u0131c\u0131 bir \u00fcslupla ortaya koyar. Tan\u0131d\u0131\u011f\u0131 bir zoologla d\u00f6nemin pop\u00fcler meselelerinden biri olan \u201cen<span class=\"excerpt-hellip\"> [\u2026]<\/span><\/p>\n","protected":false},"featured_media":0,"template":"","meta":{"_monsterinsights_skip_tracking":false,"_monsterinsights_sitenote_active":false,"_monsterinsights_sitenote_note":"","_monsterinsights_sitenote_category":0},"product_brand":[],"product_cat":[12291,13872],"product_tag":[],"class_list":{"0":"post-744185","1":"product","2":"type-product","3":"status-publish","5":"product_cat-edebiyat","6":"product_cat-klasikler","7":"pa_cilt-ciltli","8":"pa_tur-kitap","9":"pa_yayinevi-is-bankasi-kultur-yayinlari","10":"pa_yazar-anton-cehov","12":"first","13":"instock","14":"sale","15":"shipping-taxable","16":"purchasable","17":"product-type-simple"},"_links":{"self":[{"href":"https:\/\/roveyayinevi.com.tr\/index.php\/wp-json\/wp\/v2\/product\/744185","targetHints":{"allow":["GET"]}}],"collection":[{"href":"https:\/\/roveyayinevi.com.tr\/index.php\/wp-json\/wp\/v2\/product"}],"about":[{"href":"https:\/\/roveyayinevi.com.tr\/index.php\/wp-json\/wp\/v2\/types\/product"}],"wp:attachment":[{"href":"https:\/\/roveyayinevi.com.tr\/index.php\/wp-json\/wp\/v2\/media?parent=744185"}],"wp:term":[{"taxonomy":"product_brand","embeddable":true,"href":"https:\/\/roveyayinevi.com.tr\/index.php\/wp-json\/wp\/v2\/product_brand?post=744185"},{"taxonomy":"product_cat","embeddable":true,"href":"https:\/\/roveyayinevi.com.tr\/index.php\/wp-json\/wp\/v2\/product_cat?post=744185"},{"taxonomy":"product_tag","embeddable":true,"href":"https:\/\/roveyayinevi.com.tr\/index.php\/wp-json\/wp\/v2\/product_tag?post=744185"}],"curies":[{"name":"wp","href":"https:\/\/api.w.org\/{rel}","templated":true}]}}