{"id":744183,"date":"2025-08-28T01:51:10","date_gmt":"2025-08-27T22:51:10","guid":{"rendered":"https:\/\/roveyayinevi.com.tr\/index.php\/urun\/turkcenin-ustalari-ve-cilgin-yontemleri\/"},"modified":"2026-04-16T02:55:45","modified_gmt":"2026-04-15T23:55:45","slug":"turkcenin-ustalari-ve-cilgin-yontemleri","status":"publish","type":"product","link":"https:\/\/roveyayinevi.com.tr\/index.php\/urun\/turkcenin-ustalari-ve-cilgin-yontemleri\/","title":{"rendered":"T\u00fcrk\u00e7enin Ustalar\u0131 ve \u00c7\u0131lg\u0131n Y\u00f6ntemleri"},"content":{"rendered":"<p>Bu kitapta seninle T\u00fcrk\u00e7enin ustalar\u0131n\u0131n d\u00fcnyas\u0131na \u00e7ok e\u011flenceli bir yolculuk yapacak; yazarl\u0131k ve \u015fairli\u011fin p\u00fcf noktalar\u0131n\u0131 \u00f6\u011frenece\u011fiz. Ustalar\u0131n, s\u00f6ylemek istediklerini simgelerle nas\u0131l anlatt\u0131klar\u0131n\u0131; kelimeleri kullanarak ne oyunlar oynad\u0131klar\u0131n\u0131 ve g\u00f6r\u00fcnen anlam\u0131n arkas\u0131na saklad\u0131klar\u0131 derinlikleri ke\u015ffedece\u011fiz. Kitab\u0131n\u0131 yazmak i\u00e7in y\u0131llarca yolculuk yapan Ka\u015fgarl\u0131 Mahmut; mutlulu\u011fun s\u0131rlar\u0131n\u0131 anlatan Yusuf Has H\u00e2cip; ger\u00e7eklerden s\u00f6z eden Y\u00fcknekli Edip Ahmet; sevgi okyanusu Yesili Hoca Ahmet; gariplikleri dillendiren \u00c2\u015f\u0131k Pa\u015fa; okuma yazmay\u0131 \u00f6\u011frenir \u00f6\u011frenmez \u015fiir yazmaya ba\u015flayan Ali \u015e\u00eer Nev\u00e2\u00ee; sanat\u0131 imk\u00e2ns\u0131z bir kolayl\u0131k olan S\u00fcleyman \u00c7elebi; suyla oynamay\u0131 seven Fuz\u00fbl\u00ee; \u015fiirleri s\u00fcmb\u00fcl kokan B\u00e2k\u00ee; \u015fefkat madalyas\u0131 sahibi Nig\u00e2r Han\u0131m yazarl\u0131k ve \u015fairlik s\u0131rlar\u0131n\u0131 payla\u015fmak i\u00e7in seni bekliyor. T\u00fcrk\u00e7enin ustalar\u0131yla tan\u0131\u015fmak, hi\u00e7 bu kadar e\u011flenceli olmam\u0131\u015ft\u0131!<\/p>\n","protected":false},"excerpt":{"rendered":"<p>Bu kitapta seninle T\u00fcrk\u00e7enin ustalar\u0131n\u0131n d\u00fcnyas\u0131na \u00e7ok e\u011flenceli bir yolculuk yapacak; yazarl\u0131k ve \u015fairli\u011fin p\u00fcf noktalar\u0131n\u0131 \u00f6\u011frenece\u011fiz. Ustalar\u0131n, s\u00f6ylemek istediklerini simgelerle nas\u0131l anlatt\u0131klar\u0131n\u0131; kelimeleri kullanarak ne<span class=\"excerpt-hellip\"> [\u2026]<\/span><\/p>\n","protected":false},"featured_media":0,"template":"","meta":{"_monsterinsights_skip_tracking":false,"_monsterinsights_sitenote_active":false,"_monsterinsights_sitenote_note":"","_monsterinsights_sitenote_category":0},"product_brand":[],"product_cat":[13829,12274],"product_tag":[],"class_list":{"0":"post-744183","1":"product","2":"type-product","3":"status-publish","5":"product_cat-bilimsel-kitaplar","6":"product_cat-cocuk-ve-genclik-kitaplari","7":"pa_cilt-ciltsiz","8":"pa_tur-kitap","9":"pa_yayinevi-eglenceli-bilgi-yayinlari","10":"pa_yazar-nefise-atcakarlar","12":"first","13":"instock","14":"sale","15":"shipping-taxable","16":"purchasable","17":"product-type-simple"},"_links":{"self":[{"href":"https:\/\/roveyayinevi.com.tr\/index.php\/wp-json\/wp\/v2\/product\/744183","targetHints":{"allow":["GET"]}}],"collection":[{"href":"https:\/\/roveyayinevi.com.tr\/index.php\/wp-json\/wp\/v2\/product"}],"about":[{"href":"https:\/\/roveyayinevi.com.tr\/index.php\/wp-json\/wp\/v2\/types\/product"}],"wp:attachment":[{"href":"https:\/\/roveyayinevi.com.tr\/index.php\/wp-json\/wp\/v2\/media?parent=744183"}],"wp:term":[{"taxonomy":"product_brand","embeddable":true,"href":"https:\/\/roveyayinevi.com.tr\/index.php\/wp-json\/wp\/v2\/product_brand?post=744183"},{"taxonomy":"product_cat","embeddable":true,"href":"https:\/\/roveyayinevi.com.tr\/index.php\/wp-json\/wp\/v2\/product_cat?post=744183"},{"taxonomy":"product_tag","embeddable":true,"href":"https:\/\/roveyayinevi.com.tr\/index.php\/wp-json\/wp\/v2\/product_tag?post=744183"}],"curies":[{"name":"wp","href":"https:\/\/api.w.org\/{rel}","templated":true}]}}