{"id":744176,"date":"2025-08-28T01:51:01","date_gmt":"2025-08-27T22:51:01","guid":{"rendered":"https:\/\/roveyayinevi.com.tr\/index.php\/urun\/sana-kek-yaptim\/"},"modified":"2026-04-16T02:55:44","modified_gmt":"2026-04-15T23:55:44","slug":"sana-kek-yaptim","status":"publish","type":"product","link":"https:\/\/roveyayinevi.com.tr\/index.php\/urun\/sana-kek-yaptim\/","title":{"rendered":"Sana Kek Yapt\u0131m"},"content":{"rendered":"<p>Akademisyen Anne olarak tan\u0131nan Saniye Bencik Kangal\u2019\u0131n ilk \u00e7ocuk kitab\u0131 Sana Kek Yapt\u0131m, babalar\u0131 mutfa\u011fa sokuyor, evleri mis kokularla dolduruyor, \u00e7ocuklar\u0131n ba\u015f\u0131na e\u011flenceli i\u015fler a\u00e7\u0131yor. Dilerseniz ayn\u0131 f\u0131r\u0131ndan \u00e7\u0131kan Benim Kapkek Kitab\u0131m adl\u0131 etkinlik kitab\u0131yla e\u011flenceye kald\u0131\u011f\u0131n\u0131z yerden devam edebilirsiniz.   Demir ve G\u00fcne\u015f kek yapmay\u0131 ve yemeyi \u00e7ok seviyor. Yine bir g\u00fcn kek yaparken aksilikler bir t\u00fcrl\u00fc pe\u015flerini b\u0131rakm\u0131yor! Acaba bunca aksili\u011fe ra\u011fmen kekleri f\u0131r\u0131na girebilecek mi?   Saniye Bencik Kangal\u2019\u0131n yazd\u0131\u011f\u0131 bu e\u011flenceli \u00f6yk\u00fcye, Ay\u015f\u0131n Deliba\u015f Ero\u011flu reng\u00e2renk \u00e7izimleriyle e\u015flik ediyor\u2026<\/p>\n","protected":false},"excerpt":{"rendered":"<p>Akademisyen Anne olarak tan\u0131nan Saniye Bencik Kangal\u2019\u0131n ilk \u00e7ocuk kitab\u0131 Sana Kek Yapt\u0131m, babalar\u0131 mutfa\u011fa sokuyor, evleri mis kokularla dolduruyor, \u00e7ocuklar\u0131n ba\u015f\u0131na e\u011flenceli i\u015fler a\u00e7\u0131yor. Dilerseniz<span class=\"excerpt-hellip\"> [\u2026]<\/span><\/p>\n","protected":false},"featured_media":0,"template":"","meta":{"_monsterinsights_skip_tracking":false,"_monsterinsights_sitenote_active":false,"_monsterinsights_sitenote_note":"","_monsterinsights_sitenote_category":0},"product_brand":[],"product_cat":[12274,12518],"product_tag":[],"class_list":{"0":"post-744176","1":"product","2":"type-product","3":"status-publish","5":"product_cat-cocuk-ve-genclik-kitaplari","6":"product_cat-okul-oncesi-kitaplar","7":"pa_cilt-ciltsiz","8":"pa_tur-kitap","9":"pa_yayinevi-turta-kitap","10":"pa_yazar-saniye-bencik-kangal","12":"first","13":"instock","14":"sale","15":"shipping-taxable","16":"purchasable","17":"product-type-simple"},"_links":{"self":[{"href":"https:\/\/roveyayinevi.com.tr\/index.php\/wp-json\/wp\/v2\/product\/744176","targetHints":{"allow":["GET"]}}],"collection":[{"href":"https:\/\/roveyayinevi.com.tr\/index.php\/wp-json\/wp\/v2\/product"}],"about":[{"href":"https:\/\/roveyayinevi.com.tr\/index.php\/wp-json\/wp\/v2\/types\/product"}],"wp:attachment":[{"href":"https:\/\/roveyayinevi.com.tr\/index.php\/wp-json\/wp\/v2\/media?parent=744176"}],"wp:term":[{"taxonomy":"product_brand","embeddable":true,"href":"https:\/\/roveyayinevi.com.tr\/index.php\/wp-json\/wp\/v2\/product_brand?post=744176"},{"taxonomy":"product_cat","embeddable":true,"href":"https:\/\/roveyayinevi.com.tr\/index.php\/wp-json\/wp\/v2\/product_cat?post=744176"},{"taxonomy":"product_tag","embeddable":true,"href":"https:\/\/roveyayinevi.com.tr\/index.php\/wp-json\/wp\/v2\/product_tag?post=744176"}],"curies":[{"name":"wp","href":"https:\/\/api.w.org\/{rel}","templated":true}]}}