{"id":744175,"date":"2025-08-28T01:50:59","date_gmt":"2025-08-27T22:50:59","guid":{"rendered":"https:\/\/roveyayinevi.com.tr\/index.php\/urun\/ne-su-ayni-artik-ne-de-sen\/"},"modified":"2026-04-16T02:55:44","modified_gmt":"2026-04-15T23:55:44","slug":"ne-su-ayni-artik-ne-de-sen","status":"publish","type":"product","link":"https:\/\/roveyayinevi.com.tr\/index.php\/urun\/ne-su-ayni-artik-ne-de-sen\/","title":{"rendered":"Ne Su Ayn\u0131 Art\u0131k Ne de Sen"},"content":{"rendered":"<p>Ki\u015fi, kurguyla bellek sondaj\u0131 yapt\u0131k\u00e7a kendisine \u00e7arpar. Hep bir \u015fey eksikmi\u015f gibi&#8230; Kendisine yabanc\u0131 oldu\u011funu anlad\u0131\u011f\u0131nda da d\u00f6n\u00fc\u015f\u00fcm\u00fc ba\u015flar. Hakan Akdo\u011fan   Edebiyat\u0131 bu kadar vazge\u00e7ilmez k\u0131lan, insandaki d\u00f6n\u00fc\u015f\u00fcm yetene\u011fine olan inanc\u0131d\u0131r. Bir kitap bir insan\u0131 ve bir insan d\u00fcnyay\u0131 de\u011fi\u015ftirebilir. Bu kitaptaki \u00f6yk\u00fcler sizi i\u00e7ten gelen de\u011fi\u015fimin b\u00fcy\u00fcl\u00fc f\u0131rt\u0131nas\u0131nda s\u00fcr\u00fcklemeye davet ediyor. Ona kat\u0131lman\u0131z\u0131 \u00f6neririm. G\u00fcl\u015fah Elikbank   Bir metnin sonuna geldi\u011finizde ba\u015flang\u0131\u00e7takinden farkl\u0131 bir yerdesinizdir art\u0131k. Bu hik\u00e2yelerin yazarlar\u0131 da ayn\u0131 yoldan ge\u00e7ti. Ba\u015fkalar\u0131n\u0131 tan\u0131rken kendilerini de tan\u0131yarak. Hayat b\u00f6yle daha anlaml\u0131 de\u011fil mi? Mario Levi   Hik\u00e2yeler d\u00fcnyay\u0131 de\u011fi\u015ftirme g\u00fcc\u00fcne sahiptir, \u00e7\u00fcnk\u00fc b\u00fct\u00fcn hik\u00e2yeler esas\u0131nda bir d\u00f6n\u00fc\u015f\u00fcm\u00fc anlat\u0131r. Bu kitaptaki hik\u00e2yeler d\u00f6n\u00fc\u015f\u00fcm ger\u00e7e\u011finin fark\u0131nda olan yazarlar taraf\u0131ndan k\u00e2\u011f\u0131da d\u00f6k\u00fclm\u00fc\u015ft\u00fcr. Hasan G\u00fcmen   Ger\u00e7eklik su gibi olmakt\u0131r. Su ki al\u00e7akg\u00f6n\u00fcll\u00fcd\u00fcr, al\u00e7aklardan s\u00fcz\u00fcl\u00fcr gider. \u0130nand\u0131r\u0131c\u0131l\u0131k su gibi olmakt\u0131r. Y\u0131k\u0131c\u0131 olmadan ya\u015fam\u0131 in\u015fa eder her daim. Kararl\u0131 olmak su gibi olmakt\u0131r. Gerekiyorsa deler ge\u00e7er. \u0130lgin\u00e7tir uyumlu olmak da su gibi olmakt\u0131r ki kayaya do\u011fru akan suyu d\u00fc\u015f\u00fcn\u00fcrsen, su sadece etraf\u0131ndan ak\u0131p gider. Bu kitap da harika olmu\u015f; su gibi! Ba\u015flang\u0131\u00e7taki \u015fekilsiz fikir, akan fikir \u0131rmaklar\u0131na d\u00f6n\u00fc\u015fm\u00fc\u015f. \u0130yi ki&#8230; U\u011fur Bat\u0131   Hi\u00e7bir \u015fey, bir hik\u00e2yeyi kaleme almak kadar de\u011fi\u015ftiremez insan\u0131. O hik\u00e2yeyi ya\u015famak bile&#8230; \u0130ddial\u0131 m\u0131 oldu s\u00f6z\u00fcm? Bir bildi\u011fim var belki&#8230; Selda Terek   Ayn\u0131 nehirde iki kere y\u0131kan\u0131lmaz demi\u015f Herakleitos. Elinizde tuttu\u011funuz kitab\u0131n i\u00e7indeki hik\u00e2yeler de siz okurlar\u0131 t\u0131pk\u0131 suyun ta\u015f\u0131d\u0131\u011f\u0131 enerjinin d\u00f6n\u00fc\u015fmesi gibi, heyecan verici bir d\u00f6n\u00fc\u015f\u00fcm yolculu\u011funa davet ediyor. Zuhal G\u00fcr\u00e7imen <\/p>\n","protected":false},"excerpt":{"rendered":"<p>Ki\u015fi, kurguyla bellek sondaj\u0131 yapt\u0131k\u00e7a kendisine \u00e7arpar. Hep bir \u015fey eksikmi\u015f gibi&#8230; Kendisine yabanc\u0131 oldu\u011funu anlad\u0131\u011f\u0131nda da d\u00f6n\u00fc\u015f\u00fcm\u00fc ba\u015flar. Hakan Akdo\u011fan Edebiyat\u0131 bu kadar vazge\u00e7ilmez k\u0131lan,<span class=\"excerpt-hellip\"> [\u2026]<\/span><\/p>\n","protected":false},"featured_media":0,"template":"","meta":{"_monsterinsights_skip_tracking":false,"_monsterinsights_sitenote_active":false,"_monsterinsights_sitenote_note":"","_monsterinsights_sitenote_category":0},"product_brand":[],"product_cat":[12291,12711],"product_tag":[],"class_list":{"0":"post-744175","1":"product","2":"type-product","3":"status-publish","5":"product_cat-edebiyat","6":"product_cat-roman-oyku","7":"pa_cilt-ciltsiz","8":"pa_tur-kitap","9":"pa_yayinevi-destek-yayinlari","10":"pa_yazar-kolektif","12":"first","13":"instock","14":"sale","15":"shipping-taxable","16":"purchasable","17":"product-type-simple"},"_links":{"self":[{"href":"https:\/\/roveyayinevi.com.tr\/index.php\/wp-json\/wp\/v2\/product\/744175","targetHints":{"allow":["GET"]}}],"collection":[{"href":"https:\/\/roveyayinevi.com.tr\/index.php\/wp-json\/wp\/v2\/product"}],"about":[{"href":"https:\/\/roveyayinevi.com.tr\/index.php\/wp-json\/wp\/v2\/types\/product"}],"wp:attachment":[{"href":"https:\/\/roveyayinevi.com.tr\/index.php\/wp-json\/wp\/v2\/media?parent=744175"}],"wp:term":[{"taxonomy":"product_brand","embeddable":true,"href":"https:\/\/roveyayinevi.com.tr\/index.php\/wp-json\/wp\/v2\/product_brand?post=744175"},{"taxonomy":"product_cat","embeddable":true,"href":"https:\/\/roveyayinevi.com.tr\/index.php\/wp-json\/wp\/v2\/product_cat?post=744175"},{"taxonomy":"product_tag","embeddable":true,"href":"https:\/\/roveyayinevi.com.tr\/index.php\/wp-json\/wp\/v2\/product_tag?post=744175"}],"curies":[{"name":"wp","href":"https:\/\/api.w.org\/{rel}","templated":true}]}}