{"id":744174,"date":"2025-08-28T01:50:58","date_gmt":"2025-08-27T22:50:58","guid":{"rendered":"https:\/\/roveyayinevi.com.tr\/index.php\/urun\/kanun-i-sahinsahi\/"},"modified":"2026-04-16T02:55:44","modified_gmt":"2026-04-15T23:55:44","slug":"kanun-i-sahinsahi","status":"publish","type":"product","link":"https:\/\/roveyayinevi.com.tr\/index.php\/urun\/kanun-i-sahinsahi\/","title":{"rendered":"Kanun-i \u015eahin\u015fahi"},"content":{"rendered":"<p>\u201cE\u011fer d\u00fcnya m\u00fclk\u00fc padi\u015fah\u0131, o ruhani manalar\u0131n s\u0131fatlar\u0131 ile vas\u0131flanmaz, Allah ahlak\u0131 ile ahlaklanmada, Allah\u2019\u0131n g\u00f6lgeli\u011fine lay\u0131k olmazsa; ona verilen sultanl\u0131k ismi, mecaz ve istiare yoluyla satran\u00e7 oyununda bir ta\u015f olan \u015fah kabilindendir.\u201d\u0130dr\u00ees-i Bitl\u00ees\u00ee Sultan II. Beyaz\u0131t, Yavuz Sultan Selim ve Kanuni Sultan S\u00fcleyman d\u00f6nemlerinde Osmanl\u0131 Devleti\u2019nin hizmetinde g\u00f6rev yapan k\u0131ymetli bir \u00e2lim ve devlet adam\u0131 olan \u0130dr\u00ees-i Bitl\u00ees\u00ee, Fars\u00e7a, Arap\u00e7a, T\u00fcrk\u00e7e olmak \u00fczere tarih, tasavvuf, felsefe, siyaset, ahlak, t\u0131p ve hadis gibi bir\u00e7ok alanda eserler kaleme alm\u0131\u015ft\u0131r. Bitl\u00ees\u00ee\u2019nin Fars\u00e7a kaleme ald\u0131\u011f\u0131 K\u0101n\u00fbn-i \u015e\u00e2hen\u015f\u00e2h\u00ee eserinde i\u015flenen esas konu ise nizam-\u0131 \u00e2lemdir.Dolay\u0131s\u0131yla Bitl\u00ees\u00ee bu eserinde, \u015fahl\u0131k taht\u0131 i\u00e7in sahip olunmas\u0131 gereken melekelere; sultanl\u0131k makam\u0131na yara\u015f\u0131r \u00e2m\u00e2l ve ahv\u00e2le; padi\u015fahlar\u0131n ve meliklerin kime kar\u015f\u0131 nas\u0131l davranacaklar\u0131na, vezirlerin, naiblerin, ehl-i kalemin yapmas\u0131 gereken i\u015flere ve \u00f6zelliklerine; uleman\u0131n \u00f6nemine ve g\u00f6revlerine; d\u00fcnyevi saltanat vesilesiyle manevi saltanat\u0131 elde edebilmenin keyfiyeti gibi daha \u00e7ok toplumu g\u00fc\u00e7l\u00fc k\u0131lan faziletlere, ahlaki ve din\u00ee de\u011ferlere de\u011finir.Osmanl\u0131 siyasetname literat\u00fcr\u00fcn\u00fcn k\u0131ymetli eserlerinden biri olan bu \u00e7al\u0131\u015fma, Pelin Seval Esen ile Eseng\u00fcl Uzuno\u011flu Say\u0131n taraf\u0131ndan Fars\u00e7adan g\u00fcn\u00fcm\u00fcz T\u00fcrk\u00e7esine \u00e7evrilip notland\u0131r\u0131larak okuyucular\u0131n istifadesine sunulmu\u015ftur. Tima\u015f Akademi, bu k\u0131ymetli eser ile birlikte Siyasetname Kitapl\u0131\u011f\u0131n\u0131 geni\u015fletmeye devam etmekte ve Osmanl\u0131 siyasetname literat\u00fcr\u00fcn\u00fcn g\u00fcn\u00fcm\u00fcz okuyucular\u0131nca da ula\u015f\u0131labilir olmas\u0131n\u0131 sa\u011flamaya gayret etmektedir.<\/p>\n","protected":false},"excerpt":{"rendered":"<p>\u201cE\u011fer d\u00fcnya m\u00fclk\u00fc padi\u015fah\u0131, o ruhani manalar\u0131n s\u0131fatlar\u0131 ile vas\u0131flanmaz, Allah ahlak\u0131 ile ahlaklanmada, Allah\u2019\u0131n g\u00f6lgeli\u011fine lay\u0131k olmazsa; ona verilen sultanl\u0131k ismi, mecaz ve istiare yoluyla<span class=\"excerpt-hellip\"> [\u2026]<\/span><\/p>\n","protected":false},"featured_media":0,"template":"","meta":{"_monsterinsights_skip_tracking":false,"_monsterinsights_sitenote_active":false,"_monsterinsights_sitenote_note":"","_monsterinsights_sitenote_category":0},"product_brand":[],"product_cat":[13517,12304],"product_tag":[],"class_list":{"0":"post-744174","1":"product","2":"type-product","3":"status-publish","5":"product_cat-osmanli-tarihi","6":"product_cat-tarih","7":"pa_cilt-ciltsiz","8":"pa_tur-kitap","9":"pa_yayinevi-timas-akademi-yayinlari","10":"pa_yazar-idris-i-bitlisi","12":"first","13":"instock","14":"sale","15":"shipping-taxable","16":"purchasable","17":"product-type-simple"},"_links":{"self":[{"href":"https:\/\/roveyayinevi.com.tr\/index.php\/wp-json\/wp\/v2\/product\/744174","targetHints":{"allow":["GET"]}}],"collection":[{"href":"https:\/\/roveyayinevi.com.tr\/index.php\/wp-json\/wp\/v2\/product"}],"about":[{"href":"https:\/\/roveyayinevi.com.tr\/index.php\/wp-json\/wp\/v2\/types\/product"}],"wp:attachment":[{"href":"https:\/\/roveyayinevi.com.tr\/index.php\/wp-json\/wp\/v2\/media?parent=744174"}],"wp:term":[{"taxonomy":"product_brand","embeddable":true,"href":"https:\/\/roveyayinevi.com.tr\/index.php\/wp-json\/wp\/v2\/product_brand?post=744174"},{"taxonomy":"product_cat","embeddable":true,"href":"https:\/\/roveyayinevi.com.tr\/index.php\/wp-json\/wp\/v2\/product_cat?post=744174"},{"taxonomy":"product_tag","embeddable":true,"href":"https:\/\/roveyayinevi.com.tr\/index.php\/wp-json\/wp\/v2\/product_tag?post=744174"}],"curies":[{"name":"wp","href":"https:\/\/api.w.org\/{rel}","templated":true}]}}