{"id":744173,"date":"2025-08-28T01:50:56","date_gmt":"2025-08-27T22:50:56","guid":{"rendered":"https:\/\/roveyayinevi.com.tr\/index.php\/urun\/gorunmez-krallik-2\/"},"modified":"2026-04-16T02:55:44","modified_gmt":"2026-04-15T23:55:44","slug":"gorunmez-krallik-2","status":"publish","type":"product","link":"https:\/\/roveyayinevi.com.tr\/index.php\/urun\/gorunmez-krallik-2\/","title":{"rendered":"G\u00f6r\u00fcnmez Krall\u0131k-2"},"content":{"rendered":"<p>Y\u00f6r\u00fcngenin D\u0131\u015f\u0131nda   Be\u011fenilen bilim kurgu destan\u0131 devam ediyor! Vess ve Grix, \u015fok edici bir ke\u015fifle birbirlerine ba\u011fland\u0131lar: Sermayenin de iman\u0131n da yozla\u015fm\u0131\u015f oldu\u011fu\u2026 ve birbirlerine komplo kurduklar\u0131. \u015eimdi, bu aldatmacay\u0131 if\u015fa ettikten sonra kahramanlar\u0131m\u0131z, uzay\u0131n en \u00f6l\u00fcmc\u00fcl noktalar\u0131ndan birinde mahsur kal\u0131r. Tek umutlar\u0131n\u0131n At\u0131k Halkas\u0131\u2019n\u0131n en korkutucu korsan \u00e7etesi oldu\u011funu anlad\u0131ktan sonra Grix ve Vess, kendileri, m\u00fcrettebatlar\u0131 ve bunlar\u0131n hepsinden daha da de\u011ferli bir \u015fey i\u00e7in sava\u015fmak zorunda kal\u0131r: A\u015fk.   \u201cZekice yaz\u0131lm\u0131\u015f pop-art ve feminist bir Star Wars hik\u00e2yesi gibi. Bilim kurgu sevenler, bittikten sonra daha fazlas\u0131n\u0131 okumak isteyecekler.\u201d Publishers Weekly   \u201cDinamik ve konu a\u00e7\u0131s\u0131ndan zengin bir uzay dramas\u0131. 2019\u2019un en iyi 10 \u00e7izgi roman\u0131ndan biri.\u201d SyFy Wire   \u201cEn iyi bilim kurgu serilerinin yapmas\u0131 gerekeni yap\u0131yor: Bize tan\u0131d\u0131k ve \u00e7a\u011fda\u015f gelen bir \u015feyi anlatmak i\u00e7in fantazyay\u0131 kullan\u0131yor.\u201d Bleeding Cool   \u201cBa\u015f d\u00f6nd\u00fcr\u00fcc\u00fc ve s\u00fcr\u00fckleyici bir d\u00fcnya.\u201d Sequential Planet   <\/p>\n","protected":false},"excerpt":{"rendered":"<p>Y\u00f6r\u00fcngenin D\u0131\u015f\u0131nda Be\u011fenilen bilim kurgu destan\u0131 devam ediyor! Vess ve Grix, \u015fok edici bir ke\u015fifle birbirlerine ba\u011fland\u0131lar: Sermayenin de iman\u0131n da yozla\u015fm\u0131\u015f oldu\u011fu\u2026 ve birbirlerine komplo<span class=\"excerpt-hellip\"> [\u2026]<\/span><\/p>\n","protected":false},"featured_media":0,"template":"","meta":{"_monsterinsights_skip_tracking":false,"_monsterinsights_sitenote_active":false,"_monsterinsights_sitenote_note":"","_monsterinsights_sitenote_category":0},"product_brand":[],"product_cat":[12689,12274],"product_tag":[],"class_list":{"0":"post-744173","1":"product","2":"type-product","3":"status-publish","5":"product_cat-cizgi-roman-cocuk-ve-genclik-kitaplari","6":"product_cat-cocuk-ve-genclik-kitaplari","7":"pa_cilt-ciltsiz","8":"pa_tur-kitap","9":"pa_yayinevi-kara-karga-yayinlari","10":"pa_yazar-g-willow-wilson-christian-ward","12":"first","13":"instock","14":"sale","15":"shipping-taxable","16":"purchasable","17":"product-type-simple"},"_links":{"self":[{"href":"https:\/\/roveyayinevi.com.tr\/index.php\/wp-json\/wp\/v2\/product\/744173","targetHints":{"allow":["GET"]}}],"collection":[{"href":"https:\/\/roveyayinevi.com.tr\/index.php\/wp-json\/wp\/v2\/product"}],"about":[{"href":"https:\/\/roveyayinevi.com.tr\/index.php\/wp-json\/wp\/v2\/types\/product"}],"wp:attachment":[{"href":"https:\/\/roveyayinevi.com.tr\/index.php\/wp-json\/wp\/v2\/media?parent=744173"}],"wp:term":[{"taxonomy":"product_brand","embeddable":true,"href":"https:\/\/roveyayinevi.com.tr\/index.php\/wp-json\/wp\/v2\/product_brand?post=744173"},{"taxonomy":"product_cat","embeddable":true,"href":"https:\/\/roveyayinevi.com.tr\/index.php\/wp-json\/wp\/v2\/product_cat?post=744173"},{"taxonomy":"product_tag","embeddable":true,"href":"https:\/\/roveyayinevi.com.tr\/index.php\/wp-json\/wp\/v2\/product_tag?post=744173"}],"curies":[{"name":"wp","href":"https:\/\/api.w.org\/{rel}","templated":true}]}}