{"id":744172,"date":"2025-08-28T01:50:56","date_gmt":"2025-08-27T22:50:56","guid":{"rendered":"https:\/\/roveyayinevi.com.tr\/index.php\/urun\/fikih-usulunde-lafizlarin-kesinligi-problemi\/"},"modified":"2026-04-16T02:55:44","modified_gmt":"2026-04-15T23:55:44","slug":"fikih-usulunde-lafizlarin-kesinligi-problemi","status":"publish","type":"product","link":"https:\/\/roveyayinevi.com.tr\/index.php\/urun\/fikih-usulunde-lafizlarin-kesinligi-problemi\/","title":{"rendered":"F\u0131k\u0131h Usul\u00fcnde Laf\u0131zlar\u0131n Kesinli\u011fi Problemi"},"content":{"rendered":"<p>\u0130nsan ileti\u015fiminin en \u00f6nemli unsurlar\u0131ndan biri olan dil, insan\u0131n toplumsal kimli\u011finin bir tezah\u00fcr\u00fc olmas\u0131n\u0131n yan\u0131 s\u0131ra d\u00fc\u015f\u00fcnce ve aktar\u0131m\u0131n geli\u015ftirilmesinde de temel bir ara\u00e7 olarak kar\u015f\u0131m\u0131za \u00e7\u0131kmaktad\u0131r. Dilin kesinli\u011fi tart\u0131\u015fmas\u0131n\u0131, y\u00f6ntem olarak dilin g\u00fcvenilirli\u011fini ve kaynakl\u0131k de\u011ferini sorgulayan metodolojik bir problem olarak g\u00f6rmek m\u00fcmk\u00fcnd\u00fcr. Dilin bu \u00e7er\u00e7evede sorgulanmas\u0131, \u0130sl\u00e2m d\u00fc\u015f\u00fcncesinde bilginin elde edebilece\u011fi sa\u011flam metodolojinin ne oldu\u011fu tart\u0131\u015fmas\u0131n\u0131 da beraberinde getirmi\u015ftir. Selma \u00c7akmak\u2019\u0131n, F\u0131k\u0131h Us\u00fbl\u00fcnde Laf\u0131zlar\u0131n Kesinli\u011fi Problemi ad\u0131n\u0131 verdi\u011fi bu \u00e7al\u0131\u015fmas\u0131n\u0131n temel ara\u015ft\u0131rma sorusu; \u0130sl\u00e2m d\u00fc\u015f\u00fcnce tarihinde ortaya \u00e7\u0131kan dilin kesinli\u011fi tart\u0131\u015fmas\u0131n\u0131n Sadr\u00fc\u015f\u015fer\u00eea\u2019n\u0131n f\u0131k\u0131h us\u00fbl\u00fc d\u00fc\u015f\u00fcncesinde nas\u0131l bir problem olarak ele al\u0131nd\u0131\u011f\u0131, yorumland\u0131\u011f\u0131 ve sonras\u0131nda nas\u0131l bir seyir takip etti\u011fidir.Dilin kesinli\u011fi problemini ortaya \u00e7\u0131karan nedenler nelerdir?Bu problemin g\u00fcndeme gelmesini sa\u011flayan arka plan nedir?Laf\u0131zlar\u0131n del\u00e2leti ve kesinli\u011fi hakk\u0131ndaki tart\u0131\u015fmalar\u0131n s\u00f6z\u00fcn mahiyeti ve kel\u00e2m\u00ee ilkelerle ba\u011flant\u0131s\u0131 var m\u0131d\u0131r?Dil-mant\u0131k tart\u0131\u015fmalar\u0131n\u0131n bu problemle ilgisi nedir?Dilin kesinlik ta\u015f\u0131mad\u0131\u011f\u0131n\u0131 \u00f6ne s\u00fcrmenin gerek\u00e7eleri ve tehlikeleri nelerdir?Dilin kesinli\u011fi tart\u0131\u015fmaya a\u00e7\u0131ld\u0131\u011f\u0131nda vahyin otoritesi ve \u015feriat nas\u0131l a\u00e7\u0131klanabilir?Kesinlik tek midir, dereceli midir?Bu tart\u0131\u015fmada kesinlik anlay\u0131\u015f\u0131n\u0131n rol\u00fc nedir?Kesinli\u011fin s\u0131n\u0131rlar\u0131 ve esaslar\u0131 nelerdir?Bu do\u011frultuda R\u00e2z\u00ee ve Sadr\u00fc\u015f\u015fer\u00eea\u2019n\u0131n kesinlik anlay\u0131\u015f\u0131 nas\u0131ld\u0131r?Sadr\u00fc\u015f\u015fer\u00eea\u2019n\u0131n dilin kesinli\u011fi tart\u0131\u015fmas\u0131n\u0131 Hanef\u00ee usul\u00fcne ta\u015f\u0131mas\u0131n\u0131n nedenleri nelerdir?Onun bu tart\u0131\u015fmada tak\u0131nd\u0131\u011f\u0131 tav\u0131r Hanef\u00ee anlay\u0131\u015f\u0131n\u0131 temsil eder mi?Sadr\u00fc\u015f\u015fer\u00eea ile Hanef\u00ee literat\u00fcr\u00fcne giren bu mesele temel Hanef\u00ee us\u00fbl eserleri dikkate al\u0131nd\u0131\u011f\u0131nda nas\u0131l bir seyir izlemi\u015ftir?Dilin kesinli\u011fi problemi elf\u00e2z meseleleri \u00e7er\u00e7evesinde Sadr\u00fc\u015f\u015fer\u00eea\u2019n\u0131n f\u0131k\u0131h usul\u00fc d\u00fc\u015f\u00fcncesine nas\u0131l yans\u0131m\u0131\u015ft\u0131r?Bu noktada R\u00e2z\u00ee ve Sadr\u00fc\u015f\u015fer\u00eea\u2019n\u0131n bu meselelere yakla\u015f\u0131mlar\u0131 dilin kesinli\u011fi tart\u0131\u015fmas\u0131ndaki s\u00f6ylemleri ile tutarl\u0131 m\u0131d\u0131r?Elinizdeki bu eser, bu ve benzeri bir\u00e7ok soruya cevap vermekle beraber Fahreddin R\u00e2zi\u2019den Sadr\u00fc\u015f\u015feria\u2019ya bu konunun tarih\u00ee s\u00fcrecini b\u00fct\u00fcn ayr\u0131nt\u0131lar\u0131yla ele almaktad\u0131r.<\/p>\n","protected":false},"excerpt":{"rendered":"<p>\u0130nsan ileti\u015fiminin en \u00f6nemli unsurlar\u0131ndan biri olan dil, insan\u0131n toplumsal kimli\u011finin bir tezah\u00fcr\u00fc olmas\u0131n\u0131n yan\u0131 s\u0131ra d\u00fc\u015f\u00fcnce ve aktar\u0131m\u0131n geli\u015ftirilmesinde de temel bir ara\u00e7 olarak kar\u015f\u0131m\u0131za<span class=\"excerpt-hellip\"> [\u2026]<\/span><\/p>\n","protected":false},"featured_media":0,"template":"","meta":{"_monsterinsights_skip_tracking":false,"_monsterinsights_sitenote_active":false,"_monsterinsights_sitenote_note":"","_monsterinsights_sitenote_category":0},"product_brand":[],"product_cat":[13036,12718,12719],"product_tag":[],"class_list":{"0":"post-744172","1":"product","2":"type-product","3":"status-publish","5":"product_cat-arastirma-inceleme-islam","6":"product_cat-din","7":"product_cat-islam","8":"pa_cilt-ciltsiz","9":"pa_tur-kitap","10":"pa_yayinevi-timas-akademi-yayinlari","11":"pa_yazar-selma-cakmak","13":"first","14":"instock","15":"sale","16":"shipping-taxable","17":"purchasable","18":"product-type-simple"},"_links":{"self":[{"href":"https:\/\/roveyayinevi.com.tr\/index.php\/wp-json\/wp\/v2\/product\/744172","targetHints":{"allow":["GET"]}}],"collection":[{"href":"https:\/\/roveyayinevi.com.tr\/index.php\/wp-json\/wp\/v2\/product"}],"about":[{"href":"https:\/\/roveyayinevi.com.tr\/index.php\/wp-json\/wp\/v2\/types\/product"}],"wp:attachment":[{"href":"https:\/\/roveyayinevi.com.tr\/index.php\/wp-json\/wp\/v2\/media?parent=744172"}],"wp:term":[{"taxonomy":"product_brand","embeddable":true,"href":"https:\/\/roveyayinevi.com.tr\/index.php\/wp-json\/wp\/v2\/product_brand?post=744172"},{"taxonomy":"product_cat","embeddable":true,"href":"https:\/\/roveyayinevi.com.tr\/index.php\/wp-json\/wp\/v2\/product_cat?post=744172"},{"taxonomy":"product_tag","embeddable":true,"href":"https:\/\/roveyayinevi.com.tr\/index.php\/wp-json\/wp\/v2\/product_tag?post=744172"}],"curies":[{"name":"wp","href":"https:\/\/api.w.org\/{rel}","templated":true}]}}