{"id":744168,"date":"2025-08-28T01:50:52","date_gmt":"2025-08-27T22:50:52","guid":{"rendered":"https:\/\/roveyayinevi.com.tr\/index.php\/urun\/kaos-icindeki-dunyada-kapitalizmi-yeniden-tasarlamak\/"},"modified":"2026-04-16T02:55:44","modified_gmt":"2026-04-15T23:55:44","slug":"kaos-icindeki-dunyada-kapitalizmi-yeniden-tasarlamak","status":"publish","type":"product","link":"https:\/\/roveyayinevi.com.tr\/index.php\/urun\/kaos-icindeki-dunyada-kapitalizmi-yeniden-tasarlamak\/","title":{"rendered":"Kaos \u0130\u00e7indeki D\u00fcnyada Kapitalizmi Yeniden Tasarlamak"},"content":{"rendered":"<p>Serbest piyasa kapitalizmi: \u0130nsanl\u0131\u011f\u0131n en b\u00fcy\u00fck icatlar\u0131ndan biri, d\u00fcnyan\u0131n en \u00f6nemli refah kayna\u011f\u0131.Fakat bu ba\u015far\u0131n\u0131n ard\u0131nda, \u00f6denen a\u011f\u0131r bedeller var. Kapitalizmi yaln\u0131zca bir refah arac\u0131 olarak de\u011fil, ayn\u0131 zamanda \u00e7evresel ger\u00e7eklerle, sosyal adalet \u00e7abas\u0131yla ve ger\u00e7ekten demokratik kurumlar\u0131n talepleriyle uyumlu bir sistem olacak \u015fekilde kurgulamakta ba\u015far\u0131s\u0131z olduk. Servet daha \u00f6nce g\u00f6rmedi\u011fi kadar zirvede bir noktay\u0131 g\u00f6r\u00fcrken gelir adaletsizli\u011fi derinle\u015fiyor. Kapitalizm, gezegeni yok etmenin ve toplumu istikrars\u0131zla\u015ft\u0131rman\u0131n e\u015fi\u011finde. Ve harekete ge\u00e7mek i\u00e7in olduk\u00e7a k\u0131s\u0131tl\u0131 bir zaman\u0131m\u0131z var.\u2018\u0130\u015f\u2019in tek amac\u0131n\u0131n para kazanmak ve \u2018k\u00e2r\u2019\u0131 maksimize etmek oldu\u011fu \u015feklindeki d\u00fcnya g\u00f6r\u00fc\u015f\u00fcn\u00fc \u00e7\u00fcr\u00fcten Harvard profes\u00f6r\u00fc Rebecca Henderson\u2019\u0131n global \u015firketlerle y\u0131llara dayanan \u00e7al\u0131\u015fmalar\u0131ndan edindi\u011fi tecr\u00fcbelerle ekonomi, psikoloji ve \u00f6rg\u00fctsel davran\u0131\u015f \u00fczerine kaleme ald\u0131\u011f\u0131 bu kitap, bize bir \u00e7\u0131k\u0131\u015f yolu sunuyor.Henderson, Kaos \u0130\u00e7indeki D\u00fcnyada Kapitalizmi Yeniden Tasarlamak\u2019ta kapitalizmin girdi\u011fi krizden nas\u0131l kurtulaca\u011f\u0131n\u0131 ve nas\u0131l insanlara daha faydal\u0131 hale gelebilece\u011finin yol haritas\u0131 \u00e7izip i\u015f d\u00fcnyas\u0131n\u0131n tabular\u0131n\u0131 sars\u0131yor. Bunu yaparken yaln\u0131zca olan\u0131 y\u0131km\u0131yor, s\u00fcrd\u00fcr\u00fclebilir kalk\u0131nma i\u00e7in yeni bir ekonomik d\u00fczlem ve yeni bir i\u015fletme mant\u0131\u011f\u0131 \u00f6neriyor.&#8221;Bu g\u00fc\u00e7l\u00fc kitap, kapitalizmi yeniden tasarlamaya ve in\u015fa etmeye y\u00f6nelik bir eylem \u00e7a\u011fr\u0131s\u0131. Piyasa ekonomisi verimlilik ve refah art\u0131\u015f\u0131 \u00f6zelli\u011fini son k\u0131rk y\u0131lda yitirmeye ba\u015flad\u0131. G\u00fc\u00e7 dengesinin b\u00fcy\u00fck \u015firketler ve lobiler lehine de\u011fi\u015fmesi, temel d\u00fczenlemelerin y\u0131k\u0131lmas\u0131, \u015firketlerin ve \u00e7ok-zenginlerin hayat\u0131n her alan\u0131nda kendi yollar\u0131n\u0131 bulma yeteneklerinin artmas\u0131 kar\u015f\u0131s\u0131nda devletin yoksul vatanda\u015flar\u0131n\u0131 koruma konusundaki isteksizli\u011fi, ABD ekonomisindeki gelir adaletsizli\u011finden ve d\u00fc\u015f\u00fck verimlilik art\u0131\u015f\u0131ndan devleti genel olarak sorumlu yapar. Rebecca Henderson, piyasa sisteminin reforme edilebilece\u011fini ve bunun \u015firketlere haks\u0131z yere zarar verilmeden yap\u0131labilece\u011fini savunuyor. Daha ahlakl\u0131 ve yenilik\u00e7i bir kapitalizm m\u00fcmk\u00fcn. Umut var!&#8221; \u2014Daron Acemo\u011flu, Uluslar\u0131n D\u00fc\u015f\u00fc\u015f\u00fc&#8217;n\u00fcn yazar\u0131 &#8220;Bu kitap, ama\u00e7 odakl\u0131 i\u015fletmelerin toplumumuzdaki hayati rol\u00fcne ve kapitalizmle demokrasinin en ivedi sorunlar\u0131m\u0131z\u0131 \u00e7\u00f6zmek i\u00e7in nas\u0131l yap\u0131c\u0131 bir \u015fekilde etkile\u015fime girebilece\u011fine dair \u00f6nemli bir mesaja sahip.&#8221; \u2014Stanford \u0130\u015fletme Okulu &#8220;Kaos \u0130\u00e7indeki D\u00fcnyada Kapitalizmi Yeniden Tasarlamak&#8230; Devletler, \u015firketler ve toplumlar aras\u0131nda yeni bir uyum ve i\u015f birli\u011fi d\u00f6nemini te\u015fvik ediyor.&#8221; \u2014Andrew Hill, Financial Times<\/p>\n","protected":false},"excerpt":{"rendered":"<p>Serbest piyasa kapitalizmi: \u0130nsanl\u0131\u011f\u0131n en b\u00fcy\u00fck icatlar\u0131ndan biri, d\u00fcnyan\u0131n en \u00f6nemli refah kayna\u011f\u0131.Fakat bu ba\u015far\u0131n\u0131n ard\u0131nda, \u00f6denen a\u011f\u0131r bedeller var. Kapitalizmi yaln\u0131zca bir refah arac\u0131 olarak<span class=\"excerpt-hellip\"> [\u2026]<\/span><\/p>\n","protected":false},"featured_media":0,"template":"","meta":{"_monsterinsights_skip_tracking":false,"_monsterinsights_sitenote_active":false,"_monsterinsights_sitenote_note":"","_monsterinsights_sitenote_category":0},"product_brand":[],"product_cat":[13043,17647],"product_tag":[],"class_list":{"0":"post-744168","1":"product","2":"type-product","3":"status-publish","5":"product_cat-ekonomi","6":"product_cat-is-dunyasi","7":"pa_cilt-ciltsiz","8":"pa_tur-kitap","9":"pa_yayinevi-timas-yayinlari","10":"pa_yazar-rebecca-m-henderson","12":"first","13":"instock","14":"sale","15":"shipping-taxable","16":"purchasable","17":"product-type-simple"},"_links":{"self":[{"href":"https:\/\/roveyayinevi.com.tr\/index.php\/wp-json\/wp\/v2\/product\/744168","targetHints":{"allow":["GET"]}}],"collection":[{"href":"https:\/\/roveyayinevi.com.tr\/index.php\/wp-json\/wp\/v2\/product"}],"about":[{"href":"https:\/\/roveyayinevi.com.tr\/index.php\/wp-json\/wp\/v2\/types\/product"}],"wp:attachment":[{"href":"https:\/\/roveyayinevi.com.tr\/index.php\/wp-json\/wp\/v2\/media?parent=744168"}],"wp:term":[{"taxonomy":"product_brand","embeddable":true,"href":"https:\/\/roveyayinevi.com.tr\/index.php\/wp-json\/wp\/v2\/product_brand?post=744168"},{"taxonomy":"product_cat","embeddable":true,"href":"https:\/\/roveyayinevi.com.tr\/index.php\/wp-json\/wp\/v2\/product_cat?post=744168"},{"taxonomy":"product_tag","embeddable":true,"href":"https:\/\/roveyayinevi.com.tr\/index.php\/wp-json\/wp\/v2\/product_tag?post=744168"}],"curies":[{"name":"wp","href":"https:\/\/api.w.org\/{rel}","templated":true}]}}