{"id":744167,"date":"2025-08-28T01:50:51","date_gmt":"2025-08-27T22:50:51","guid":{"rendered":"https:\/\/roveyayinevi.com.tr\/index.php\/urun\/devlet-oldururse\/"},"modified":"2026-04-16T02:55:44","modified_gmt":"2026-04-15T23:55:44","slug":"devlet-oldururse","status":"publish","type":"product","link":"https:\/\/roveyayinevi.com.tr\/index.php\/urun\/devlet-oldururse\/","title":{"rendered":"Devlet \u00d6ld\u00fcr\u00fcrse"},"content":{"rendered":"<p>G\u00fcnahkar\u0131n yak\u0131lmadan evvel bo\u011fulmadan \u00f6ld\u00fcr\u00fclmesi veya ac\u0131lar\u0131n\u0131n derhal son bulmas\u0131 i\u00e7in bo\u011faz\u0131na k\u00fc\u00e7\u00fck bir kese i\u00e7inde barut ba\u011flanmas\u0131 merhamet belirtisiydi.   Me\u015fru \u015fiddet tekelini elinde tutan tek \u00f6rgu\u0308tlenme dedi\u011fimiz devlet ger\u00e7ekten vatanda\u015flar\u0131n\u0131 \u00f6ldu\u0308rme hakk\u0131na sahip midir? Uzun y\u0131llar su\u0308ren mu\u0308cadeleler sonucu idam cezas\u0131 \u00e7o\u011fu u\u0308lkede kalkt\u0131 ama kalkmadan \u00f6nce devlet nas\u0131l infaz ediyordu? Ne hakla ediyordu? Devletin infaz uygulamalar\u0131 da y\u0131llar i\u00e7inde art\u0131k yumu\u015fak diyebilece\u011fimiz bir yere evrildi. Fakat insan ruhunun karanl\u0131\u011f\u0131 kolektifi her bo\u011fdu\u011funda tekrar su yu\u0308zu\u0308ne \u00e7\u0131kan idam taleplerine nas\u0131l yakla\u015fmak gerekir?   Helmut Ortner\u2019in titizli\u011fi, keskin kavray\u0131\u015f\u0131 ve cesur sorgulamalar\u0131 e\u015fli\u011finde yazd\u0131\u011f\u0131 bu kitap devlet infaz\u0131n\u0131 ge\u00e7mi\u015ften gu\u0308nu\u0308mu\u0308ze ele al\u0131yor. Devletin infaz ara\u00e7lar\u0131n\u0131, infaz yolundaki niyetleri, bu ara\u00e7 ve niyetlerin de\u011fi\u015fimini g\u00f6zler \u00f6nu\u0308ne seren Ortner Tu\u0308rkiye\u2019de \u00f6lu\u0308m cezas\u0131n\u0131n yeniden gu\u0308ndeme gelmesi u\u0308zerine de kalem oynat\u0131yor. B\u00f6ylelikle hem taze bir \u00e7al\u0131\u015fmaya hem \u00e7a\u011fda\u015f bir klasi\u011fe imza at\u0131yor. Merhum Yu\u0308cel Sayman\u2019\u0131n k\u0131\u015fk\u0131rt\u0131c\u0131 \u00f6ns\u00f6zu\u0308ne de yer verdi\u011fimiz bu eseri gururla dikkatinize sunuyoruz.   \u00bbDevlet eliyle ger\u00e7ekle\u015ftirilen \u00f6lu\u0308mlerin tarihi, bir toplumun ahlaki durumuna dair bilgi veren \u00f6rf ve adetin foto\u011fraf\u0131d\u0131r.\u00ab Helmut Ortner<\/p>\n","protected":false},"excerpt":{"rendered":"<p>G\u00fcnahkar\u0131n yak\u0131lmadan evvel bo\u011fulmadan \u00f6ld\u00fcr\u00fclmesi veya ac\u0131lar\u0131n\u0131n derhal son bulmas\u0131 i\u00e7in bo\u011faz\u0131na k\u00fc\u00e7\u00fck bir kese i\u00e7inde barut ba\u011flanmas\u0131 merhamet belirtisiydi. Me\u015fru \u015fiddet tekelini elinde tutan tek<span class=\"excerpt-hellip\"> [\u2026]<\/span><\/p>\n","protected":false},"featured_media":0,"template":"","meta":{"_monsterinsights_skip_tracking":false,"_monsterinsights_sitenote_active":false,"_monsterinsights_sitenote_note":"","_monsterinsights_sitenote_category":0},"product_brand":[],"product_cat":[13590,12337],"product_tag":[],"class_list":{"0":"post-744167","1":"product","2":"type-product","3":"status-publish","5":"product_cat-arastirma-inceleme-politika-siyaset","6":"product_cat-politika-siyaset","7":"pa_cilt-ciltsiz","8":"pa_tur-kitap","9":"pa_yayinevi-tekin-yayinevi","10":"pa_yazar-helmut-ortner","12":"first","13":"instock","14":"sale","15":"shipping-taxable","16":"purchasable","17":"product-type-simple"},"_links":{"self":[{"href":"https:\/\/roveyayinevi.com.tr\/index.php\/wp-json\/wp\/v2\/product\/744167","targetHints":{"allow":["GET"]}}],"collection":[{"href":"https:\/\/roveyayinevi.com.tr\/index.php\/wp-json\/wp\/v2\/product"}],"about":[{"href":"https:\/\/roveyayinevi.com.tr\/index.php\/wp-json\/wp\/v2\/types\/product"}],"wp:attachment":[{"href":"https:\/\/roveyayinevi.com.tr\/index.php\/wp-json\/wp\/v2\/media?parent=744167"}],"wp:term":[{"taxonomy":"product_brand","embeddable":true,"href":"https:\/\/roveyayinevi.com.tr\/index.php\/wp-json\/wp\/v2\/product_brand?post=744167"},{"taxonomy":"product_cat","embeddable":true,"href":"https:\/\/roveyayinevi.com.tr\/index.php\/wp-json\/wp\/v2\/product_cat?post=744167"},{"taxonomy":"product_tag","embeddable":true,"href":"https:\/\/roveyayinevi.com.tr\/index.php\/wp-json\/wp\/v2\/product_tag?post=744167"}],"curies":[{"name":"wp","href":"https:\/\/api.w.org\/{rel}","templated":true}]}}