{"id":744166,"date":"2025-08-28T01:50:49","date_gmt":"2025-08-27T22:50:49","guid":{"rendered":"https:\/\/roveyayinevi.com.tr\/index.php\/urun\/graziella\/"},"modified":"2026-04-16T02:55:44","modified_gmt":"2026-04-15T23:55:44","slug":"graziella","status":"publish","type":"product","link":"https:\/\/roveyayinevi.com.tr\/index.php\/urun\/graziella\/","title":{"rendered":"Graziella"},"content":{"rendered":"<p>Romantik d\u00f6nemin \u00f6nde gelen yazar\u0131 Alphonse de Lamartine\u2019in yazd\u0131\u011f\u0131 Graziella; \u0130talya&#8217;daki bir Frans\u0131z&#8217;\u0131n a\u015fka ve erotizme uyan\u0131\u015f\u0131n\u0131n benzersiz roman\u0131d\u0131r. \u0130talyan ruhunun ve do\u011fas\u0131n\u0131n incelikli g\u00f6rkeminin yan\u0131nda gen\u00e7 bir adam\u0131n a\u015fk deneyimlerini de g\u00f6zler \u00f6n\u00fcne seren eser, Frans\u0131z romantik gelene\u011findeki en iyi kurgu eserlerden biridir. Derin d\u00fc\u015f\u00fcncelerle dolu, \u0130talyan ya\u015fam\u0131n\u0131n r\u00fcya gibi tutkular\u0131n\u0131 ve ba\u015ftan \u00e7\u0131kar\u0131c\u0131 bir portresini sunan Lamartine, romantik edebiyattaki g\u00fc\u00e7l\u00fc yeriyle dikkat \u00e7ekiyor. Gen\u00e7li\u011fin pi\u015fmanl\u0131klar\u0131n\u0131, yanl\u0131\u015f y\u00f6nlendirilmi\u015f ideallerini, zamans\u0131z bir a\u015fk portresini anlatan dev bir eser Graziella. Alphonse de Lamartine\u2019in Napoli yolculu\u011fu s\u0131ras\u0131nda tuttu\u011fu g\u00fcnl\u00fcklerden yola \u00e7\u0131karak kaleme ald\u0131\u011f\u0131 roman, t\u00fcm bu g\u00fczellikleri okura sunan romantizm klasi\u011fi olman\u0131n yan\u0131nda ayn\u0131 zamanda sanat\u00e7\u0131n\u0131n da melankolik bir portresidir. <\/p>\n","protected":false},"excerpt":{"rendered":"<p>Romantik d\u00f6nemin \u00f6nde gelen yazar\u0131 Alphonse de Lamartine\u2019in yazd\u0131\u011f\u0131 Graziella; \u0130talya&#8217;daki bir Frans\u0131z&#8217;\u0131n a\u015fka ve erotizme uyan\u0131\u015f\u0131n\u0131n benzersiz roman\u0131d\u0131r. \u0130talyan ruhunun ve do\u011fas\u0131n\u0131n incelikli g\u00f6rkeminin yan\u0131nda<span class=\"excerpt-hellip\"> [\u2026]<\/span><\/p>\n","protected":false},"featured_media":0,"template":"","meta":{"_monsterinsights_skip_tracking":false,"_monsterinsights_sitenote_active":false,"_monsterinsights_sitenote_note":"","_monsterinsights_sitenote_category":0},"product_brand":[],"product_cat":[12291,12711],"product_tag":[],"class_list":{"0":"post-744166","1":"product","2":"type-product","3":"status-publish","5":"product_cat-edebiyat","6":"product_cat-roman-oyku","7":"pa_cilt-ciltsiz","8":"pa_tur-kitap","9":"pa_yayinevi-yitik-ulke-yayinlari","10":"pa_yazar-alphonse-de-lamartine","12":"first","13":"instock","14":"sale","15":"shipping-taxable","16":"purchasable","17":"product-type-simple"},"_links":{"self":[{"href":"https:\/\/roveyayinevi.com.tr\/index.php\/wp-json\/wp\/v2\/product\/744166","targetHints":{"allow":["GET"]}}],"collection":[{"href":"https:\/\/roveyayinevi.com.tr\/index.php\/wp-json\/wp\/v2\/product"}],"about":[{"href":"https:\/\/roveyayinevi.com.tr\/index.php\/wp-json\/wp\/v2\/types\/product"}],"wp:attachment":[{"href":"https:\/\/roveyayinevi.com.tr\/index.php\/wp-json\/wp\/v2\/media?parent=744166"}],"wp:term":[{"taxonomy":"product_brand","embeddable":true,"href":"https:\/\/roveyayinevi.com.tr\/index.php\/wp-json\/wp\/v2\/product_brand?post=744166"},{"taxonomy":"product_cat","embeddable":true,"href":"https:\/\/roveyayinevi.com.tr\/index.php\/wp-json\/wp\/v2\/product_cat?post=744166"},{"taxonomy":"product_tag","embeddable":true,"href":"https:\/\/roveyayinevi.com.tr\/index.php\/wp-json\/wp\/v2\/product_tag?post=744166"}],"curies":[{"name":"wp","href":"https:\/\/api.w.org\/{rel}","templated":true}]}}