{"id":744161,"date":"2025-08-28T01:50:42","date_gmt":"2025-08-27T22:50:42","guid":{"rendered":"https:\/\/roveyayinevi.com.tr\/index.php\/urun\/gunes-ulkesi-3\/"},"modified":"2026-04-16T02:55:44","modified_gmt":"2026-04-15T23:55:44","slug":"gunes-ulkesi-3","status":"publish","type":"product","link":"https:\/\/roveyayinevi.com.tr\/index.php\/urun\/gunes-ulkesi-3\/","title":{"rendered":"G\u00fcne\u015f \u00dclkesi"},"content":{"rendered":"<p>G\u00fcne\u015f \u00dclkesi, \u2018\u2019modern-\u00f6ncesi\u2019\u2019 e\u015fitlik fikrinin anlat\u0131ld\u0131\u011f\u0131 ilk kitaplardan biridir. Tomasso Campanella, memleketi Kalabriya\u2019y\u0131 \u0130spanyol egemenli\u011finden kurtarmak ve hayalindeki e\u015fitlik\u00e7i \u00fctopik toplumu kurabilmek i\u00e7in 1599 y\u0131l\u0131nda bir ayaklanma plan\u0131 haz\u0131rlad\u0131. Fakat isyan planlar\u0131, ihbar edilmeli \u00fczerine \u00e7\u00f6kt\u00fc. Campanella tutukland\u0131 ve \u00f6m\u00fcr boyu hapis cezas\u0131na \u00e7arpt\u0131r\u0131ld\u0131. \u0130\u015fte G\u00fcne\u015f \u00dclkesi\u2019ni \u00f6m\u00fcr boyu hapis cezas\u0131 \u00e7ekti\u011fi bu hapishanede 1600\u2019l\u00fc y\u0131llarda yazd\u0131. Campanella, G\u00fcne\u015f \u00dclkesi\u2019nde kimsenin yoksulluk \u00e7ekmedi\u011fi, herkesin e\u015fit e\u011fitimden yararland\u0131\u011f\u0131, e\u015fit, \u00f6zg\u00fcr ve mutlu insanlar\u0131n ya\u015fad\u0131\u011f\u0131 bir \u00fclkeyi anlat\u0131r. <\/p>\n","protected":false},"excerpt":{"rendered":"<p>G\u00fcne\u015f \u00dclkesi, \u2018\u2019modern-\u00f6ncesi\u2019\u2019 e\u015fitlik fikrinin anlat\u0131ld\u0131\u011f\u0131 ilk kitaplardan biridir. Tomasso Campanella, memleketi Kalabriya\u2019y\u0131 \u0130spanyol egemenli\u011finden kurtarmak ve hayalindeki e\u015fitlik\u00e7i \u00fctopik toplumu kurabilmek i\u00e7in 1599 y\u0131l\u0131nda bir<span class=\"excerpt-hellip\"> [\u2026]<\/span><\/p>\n","protected":false},"featured_media":0,"template":"","meta":{"_monsterinsights_skip_tracking":false,"_monsterinsights_sitenote_active":false,"_monsterinsights_sitenote_note":"","_monsterinsights_sitenote_category":0},"product_brand":[],"product_cat":[12291,12711],"product_tag":[],"class_list":{"0":"post-744161","1":"product","2":"type-product","3":"status-publish","5":"product_cat-edebiyat","6":"product_cat-roman-oyku","7":"pa_cilt-ciltsiz","8":"pa_tur-kitap","9":"pa_yayinevi-fark-yayinlari","10":"pa_yazar-tommaso-campanella","12":"first","13":"instock","14":"sale","15":"shipping-taxable","16":"purchasable","17":"product-type-simple"},"_links":{"self":[{"href":"https:\/\/roveyayinevi.com.tr\/index.php\/wp-json\/wp\/v2\/product\/744161","targetHints":{"allow":["GET"]}}],"collection":[{"href":"https:\/\/roveyayinevi.com.tr\/index.php\/wp-json\/wp\/v2\/product"}],"about":[{"href":"https:\/\/roveyayinevi.com.tr\/index.php\/wp-json\/wp\/v2\/types\/product"}],"wp:attachment":[{"href":"https:\/\/roveyayinevi.com.tr\/index.php\/wp-json\/wp\/v2\/media?parent=744161"}],"wp:term":[{"taxonomy":"product_brand","embeddable":true,"href":"https:\/\/roveyayinevi.com.tr\/index.php\/wp-json\/wp\/v2\/product_brand?post=744161"},{"taxonomy":"product_cat","embeddable":true,"href":"https:\/\/roveyayinevi.com.tr\/index.php\/wp-json\/wp\/v2\/product_cat?post=744161"},{"taxonomy":"product_tag","embeddable":true,"href":"https:\/\/roveyayinevi.com.tr\/index.php\/wp-json\/wp\/v2\/product_tag?post=744161"}],"curies":[{"name":"wp","href":"https:\/\/api.w.org\/{rel}","templated":true}]}}