{"id":744160,"date":"2025-08-28T01:50:41","date_gmt":"2025-08-27T22:50:41","guid":{"rendered":"https:\/\/roveyayinevi.com.tr\/index.php\/urun\/felsefenin-temel-ilkeleri-2\/"},"modified":"2026-04-16T02:55:44","modified_gmt":"2026-04-15T23:55:44","slug":"felsefenin-temel-ilkeleri-2","status":"publish","type":"product","link":"https:\/\/roveyayinevi.com.tr\/index.php\/urun\/felsefenin-temel-ilkeleri-2\/","title":{"rendered":"Felsefenin Temel \u0130lkeleri"},"content":{"rendered":"<p>Georges Politzer, 23 May\u0131s 1942 g\u00fcn\u00fc Naziler taraf\u0131ndan kur\u015funa dizilerek idam edildi. Kar\u0131\u015f\u0131 ve yolda\u015f\u0131 Mai ise bir y\u0131l sonra, Mart 1943\u2019te, g\u00f6t\u00fcr\u00fcld\u00fc\u011f\u00fc Auschwitz\u2019de \u00f6ld\u00fc. \u2019K\u0131z\u0131l kafal\u0131 filozof \u2018olarak da bilinen Georges Politzer\u2019in kahkahan\u0131n v\u00fccut bulmu\u015f hali oldu\u011fu s\u0131k s\u0131k s\u00f6ylenirdi. Politzer\u2019in ba\u015fl\u0131ca \u00fc\u00e7 miras\u0131 vard\u0131r; \u2018\u2019g\u00fclmek devrimci bir eylemdir\u2019\u2019, \u2018felsefenin temel ilkeleri\u2019, \u2018felsefenin ba\u015flang\u0131\u00e7 ilkeleri\u2019. Elinizde bulunan kitap, George Politzer\u2019in Paris \u0130\u015f\u00e7i \u00dcniversitesi\u2019nde II. D\u00fcnya Sava\u015f\u0131ndan \u00f6nce verdi\u011fi derslerin derlenmesiyle olu\u015fmu\u015ftur. Felsefenin temel ilkeleri, idealizm-materyalizm ayr\u0131m\u0131n\u0131, zenginli\u011fin ve kapitalizmin k\u00f6klerini, kapitalizmin adaletsizli\u011fine ra\u011fmen varl\u0131\u011f\u0131n\u0131 nas\u0131l s\u00fcrd\u00fcrebildi\u011fini, kapitalizmden neden kurtulmak gerekti\u011fini ve nihayet kapitalizmden kurtulma alternatiflerini anlatmaktad\u0131r. B\u00fct\u00fcn bat\u0131 dillerinde, Fars\u00e7a ve Arap\u00e7a yay\u0131mlanan \u2018\u2019felsefenin temel ilkeleri\u2019\u2019 George Politzer\u2019in Auschwitz\u2019de \u00f6ld\u00fcr\u00fclmesinden sonra arkada\u015flar\u0131 taraf\u0131ndan yay\u0131mlanan \u2018\u2019Felsefenin Ba\u015flang\u0131\u00e7 \u0130lkeleri\u2019\u2019kitab\u0131n\u0131n Guy Besse, Maurice Cavering taraf\u0131ndan geni\u015fletilmesiyle ortaya \u00e7\u0131km\u0131\u015ft\u0131r. <\/p>\n","protected":false},"excerpt":{"rendered":"<p>Georges Politzer, 23 May\u0131s 1942 g\u00fcn\u00fc Naziler taraf\u0131ndan kur\u015funa dizilerek idam edildi. Kar\u0131\u015f\u0131 ve yolda\u015f\u0131 Mai ise bir y\u0131l sonra, Mart 1943\u2019te, g\u00f6t\u00fcr\u00fcld\u00fc\u011f\u00fc Auschwitz\u2019de \u00f6ld\u00fc. \u2019K\u0131z\u0131l<span class=\"excerpt-hellip\"> [\u2026]<\/span><\/p>\n","protected":false},"featured_media":0,"template":"","meta":{"_monsterinsights_skip_tracking":false,"_monsterinsights_sitenote_active":false,"_monsterinsights_sitenote_note":"","_monsterinsights_sitenote_category":0},"product_brand":[],"product_cat":[12388,13555],"product_tag":[],"class_list":{"0":"post-744160","1":"product","2":"type-product","3":"status-publish","5":"product_cat-felsefe","6":"product_cat-genel-felsefe","7":"pa_cilt-ciltsiz","8":"pa_tur-kitap","9":"pa_yayinevi-fark-yayinlari","10":"pa_yazar-georges-politzer","12":"first","13":"instock","14":"sale","15":"shipping-taxable","16":"purchasable","17":"product-type-simple"},"_links":{"self":[{"href":"https:\/\/roveyayinevi.com.tr\/index.php\/wp-json\/wp\/v2\/product\/744160","targetHints":{"allow":["GET"]}}],"collection":[{"href":"https:\/\/roveyayinevi.com.tr\/index.php\/wp-json\/wp\/v2\/product"}],"about":[{"href":"https:\/\/roveyayinevi.com.tr\/index.php\/wp-json\/wp\/v2\/types\/product"}],"wp:attachment":[{"href":"https:\/\/roveyayinevi.com.tr\/index.php\/wp-json\/wp\/v2\/media?parent=744160"}],"wp:term":[{"taxonomy":"product_brand","embeddable":true,"href":"https:\/\/roveyayinevi.com.tr\/index.php\/wp-json\/wp\/v2\/product_brand?post=744160"},{"taxonomy":"product_cat","embeddable":true,"href":"https:\/\/roveyayinevi.com.tr\/index.php\/wp-json\/wp\/v2\/product_cat?post=744160"},{"taxonomy":"product_tag","embeddable":true,"href":"https:\/\/roveyayinevi.com.tr\/index.php\/wp-json\/wp\/v2\/product_tag?post=744160"}],"curies":[{"name":"wp","href":"https:\/\/api.w.org\/{rel}","templated":true}]}}