{"id":744155,"date":"2025-08-28T01:50:35","date_gmt":"2025-08-27T22:50:35","guid":{"rendered":"https:\/\/roveyayinevi.com.tr\/index.php\/urun\/daglar-yalniz-usur\/"},"modified":"2026-04-05T03:00:25","modified_gmt":"2026-04-05T00:00:25","slug":"daglar-yalniz-usur","status":"publish","type":"product","link":"https:\/\/roveyayinevi.com.tr\/index.php\/urun\/daglar-yalniz-usur\/","title":{"rendered":"Da\u011flar Yaln\u0131z \u00dc\u015f\u00fcr"},"content":{"rendered":"<p>Bir an \u00f6nce kendime kimsesiz bir yer bulmal\u0131yd\u0131m, y\u00fcz\u00fcme bir su \u00e7almak, Musa\u2019n\u0131n boynundaki s\u0131z\u0131y\u0131 ald\u0131\u011f\u0131m dudaklar\u0131ma bir daha bakmak, ayaklar\u0131mdaki ate\u015fi topra\u011fa vermek, sa\u00e7lar\u0131m\u0131n diplerinden t\u00fctt\u00fc\u011f\u00fcn\u00fc sand\u0131\u011f\u0131m arzular\u0131n g\u00f6r\u00fcnmesinin \u00f6n\u00fcne ge\u00e7mek i\u00e7in bir \u015feyler yapmal\u0131yd\u0131m. Nereme elimi vursam Musa\u2019n\u0131n s\u0131ca\u011f\u0131yla deprem yerine d\u00f6nen bedenim, her ne d\u00fc\u015f\u00fcnsem koynundal\u0131\u011f\u0131 Musa\u2019n\u0131n. Gece\u2019nin korkun\u00e7lu\u011funu halayl\u0131 d\u00fc\u011f\u00fcnlere bulayan bir ho\u015fluk ile \u00e7alkalan\u0131yor i\u00e7im, g\u00f6zlerinin derinli\u011fine varmak i\u00e7in \u00f6lmek ise \u00f6lmek, gitmek ise gitmek.<\/p>\n","protected":false},"excerpt":{"rendered":"<p>Bir an \u00f6nce kendime kimsesiz bir yer bulmal\u0131yd\u0131m, y\u00fcz\u00fcme bir su \u00e7almak, Musa\u2019n\u0131n boynundaki s\u0131z\u0131y\u0131 ald\u0131\u011f\u0131m dudaklar\u0131ma bir daha bakmak, ayaklar\u0131mdaki ate\u015fi topra\u011fa vermek, sa\u00e7lar\u0131m\u0131n diplerinden<span class=\"excerpt-hellip\"> [\u2026]<\/span><\/p>\n","protected":false},"featured_media":0,"template":"","meta":{"_monsterinsights_skip_tracking":false,"_monsterinsights_sitenote_active":false,"_monsterinsights_sitenote_note":"","_monsterinsights_sitenote_category":0},"product_brand":[],"product_cat":[12291,12711],"product_tag":[],"class_list":{"0":"post-744155","1":"product","2":"type-product","3":"status-publish","5":"product_cat-edebiyat","6":"product_cat-roman-oyku","7":"pa_cilt-ciltsiz","8":"pa_tur-kitap","9":"pa_yayinevi-kitap-muptelasi-yayinlari","10":"pa_yazar-abbas-turan","12":"first","13":"instock","14":"sale","15":"shipping-taxable","16":"purchasable","17":"product-type-simple"},"_links":{"self":[{"href":"https:\/\/roveyayinevi.com.tr\/index.php\/wp-json\/wp\/v2\/product\/744155","targetHints":{"allow":["GET"]}}],"collection":[{"href":"https:\/\/roveyayinevi.com.tr\/index.php\/wp-json\/wp\/v2\/product"}],"about":[{"href":"https:\/\/roveyayinevi.com.tr\/index.php\/wp-json\/wp\/v2\/types\/product"}],"wp:attachment":[{"href":"https:\/\/roveyayinevi.com.tr\/index.php\/wp-json\/wp\/v2\/media?parent=744155"}],"wp:term":[{"taxonomy":"product_brand","embeddable":true,"href":"https:\/\/roveyayinevi.com.tr\/index.php\/wp-json\/wp\/v2\/product_brand?post=744155"},{"taxonomy":"product_cat","embeddable":true,"href":"https:\/\/roveyayinevi.com.tr\/index.php\/wp-json\/wp\/v2\/product_cat?post=744155"},{"taxonomy":"product_tag","embeddable":true,"href":"https:\/\/roveyayinevi.com.tr\/index.php\/wp-json\/wp\/v2\/product_tag?post=744155"}],"curies":[{"name":"wp","href":"https:\/\/api.w.org\/{rel}","templated":true}]}}