{"id":744154,"date":"2025-08-28T01:50:34","date_gmt":"2025-08-27T22:50:34","guid":{"rendered":"https:\/\/roveyayinevi.com.tr\/index.php\/urun\/personel\/"},"modified":"2026-04-16T02:55:43","modified_gmt":"2026-04-15T23:55:43","slug":"personel","status":"publish","type":"product","link":"https:\/\/roveyayinevi.com.tr\/index.php\/urun\/personel\/","title":{"rendered":"Personel"},"content":{"rendered":"<p>Gelecekte bir zamanda, m\u00fcrettebat\u0131 insan ve insans\u0131lardan olu\u015fan bir uzaygemisi, d\u00fcnyadan kilometrelerce uzaktaki bir gezegene ke\u015fif gezisine g\u00f6nderilmi\u015ftir. Bir komite, 18 ay boyunca, m\u00fcrettebat ve \u00e7al\u0131\u015fanlar\u0131n gezegende bulunan nesnelerle kurduklar\u0131 ili\u015fkilerle ilgili bir soru\u015fturma y\u00fcr\u00fct\u00fcr. \u00c7\u00fcnk\u00fc gemideki steril ortam ve ko\u015fullardan olduk\u00e7a farkl\u0131 yap\u0131lar\u0131 olan bu nesneler m\u00fcrettebat \u00fczerinde beklenmedik duyumsal etkiler yaratmaktad\u0131r. Her iki kesimin \u00fcyelerinde de ya\u015fam, \u00f6l\u00fcm, \u00f6l\u00fcms\u00fczl\u00fck ve aidiyet gibi konularda ciddi sorgulamalar ba\u015flay\u0131nca, olaylar yava\u015f yava\u015f kontrolden \u00e7\u0131kar.       Olga Ravn\u2019\u0131n Danimarka\u2019da 2020\u2019de yay\u0131mlanan s\u0131ra d\u0131\u015f\u0131 roman\u0131 bir\u00e7ok dile \u00e7evrildi ve 2021 Uluslararas\u0131 Booker \u00d6d\u00fcl\u00fc ile Ursula K. Le Guin \u00d6d\u00fcl\u00fc finalistleri aras\u0131nda yer ald\u0131. Yak\u0131n gelecekteki d\u00fcnyaya y\u00f6nelik ilgin\u00e7 bak\u0131\u015f a\u00e7\u0131lar\u0131 ve ele\u015ftiriler getiren, ayr\u0131ca ele\u015ftirmenler taraf\u0131ndan bilimkurgu ba\u015fyap\u0131tlar\u0131yla kar\u015f\u0131la\u015ft\u0131r\u0131lan Personel, ayn\u0131 zamanda varolu\u015f \u00fczerine derin bir tefekk\u00fcr olarak da okunabilir.       \u201c\u0130nsanl\u0131k \u00fczerine ilgin\u00e7, zarif, ak\u0131l dolu ve provokatif bir soru\u015fturma. Personel \u00fcrk\u00fcn\u00e7 derecede g\u00f6z al\u0131c\u0131 bir sanat eseri.\u2019\u2019    Max Porter       \u201cEle\u015ftirmenlerin t\u00fcm\u00fc roman\u0131n nihayetinde insan olman\u0131n anlam\u0131 \u00fczerine oldu\u011funa hemfikir. Oysa as\u0131l fevkaladeli\u011fi, insan olmayan\u0131n zenginlik ve ba\u015fkal\u0131\u011f\u0131n\u0131 sergilemesinde yat\u0131yor.\u201d   Mark Haddon <\/p>\n","protected":false},"excerpt":{"rendered":"<p>Gelecekte bir zamanda, m\u00fcrettebat\u0131 insan ve insans\u0131lardan olu\u015fan bir uzaygemisi, d\u00fcnyadan kilometrelerce uzaktaki bir gezegene ke\u015fif gezisine g\u00f6nderilmi\u015ftir. Bir komite, 18 ay boyunca, m\u00fcrettebat ve \u00e7al\u0131\u015fanlar\u0131n<span class=\"excerpt-hellip\"> [\u2026]<\/span><\/p>\n","protected":false},"featured_media":0,"template":"","meta":{"_monsterinsights_skip_tracking":false,"_monsterinsights_sitenote_active":false,"_monsterinsights_sitenote_note":"","_monsterinsights_sitenote_category":0},"product_brand":[],"product_cat":[12540,12291],"product_tag":[],"class_list":{"0":"post-744154","1":"product","2":"type-product","3":"status-publish","5":"product_cat-bilim-kurgu","6":"product_cat-edebiyat","7":"pa_cilt-ciltsiz","8":"pa_tur-kitap","9":"pa_yayinevi-can-yayinlari","10":"pa_yazar-olga-ravn","12":"first","13":"instock","14":"sale","15":"shipping-taxable","16":"purchasable","17":"product-type-simple"},"_links":{"self":[{"href":"https:\/\/roveyayinevi.com.tr\/index.php\/wp-json\/wp\/v2\/product\/744154","targetHints":{"allow":["GET"]}}],"collection":[{"href":"https:\/\/roveyayinevi.com.tr\/index.php\/wp-json\/wp\/v2\/product"}],"about":[{"href":"https:\/\/roveyayinevi.com.tr\/index.php\/wp-json\/wp\/v2\/types\/product"}],"wp:attachment":[{"href":"https:\/\/roveyayinevi.com.tr\/index.php\/wp-json\/wp\/v2\/media?parent=744154"}],"wp:term":[{"taxonomy":"product_brand","embeddable":true,"href":"https:\/\/roveyayinevi.com.tr\/index.php\/wp-json\/wp\/v2\/product_brand?post=744154"},{"taxonomy":"product_cat","embeddable":true,"href":"https:\/\/roveyayinevi.com.tr\/index.php\/wp-json\/wp\/v2\/product_cat?post=744154"},{"taxonomy":"product_tag","embeddable":true,"href":"https:\/\/roveyayinevi.com.tr\/index.php\/wp-json\/wp\/v2\/product_tag?post=744154"}],"curies":[{"name":"wp","href":"https:\/\/api.w.org\/{rel}","templated":true}]}}