{"id":744153,"date":"2025-08-28T01:50:32","date_gmt":"2025-08-27T22:50:32","guid":{"rendered":"https:\/\/roveyayinevi.com.tr\/index.php\/urun\/sen-insansin-insanligi-unutma\/"},"modified":"2026-04-16T02:55:43","modified_gmt":"2026-04-15T23:55:43","slug":"sen-insansin-insanligi-unutma","status":"publish","type":"product","link":"https:\/\/roveyayinevi.com.tr\/index.php\/urun\/sen-insansin-insanligi-unutma\/","title":{"rendered":"Sen \u0130nsans\u0131n \u0130nsanl\u0131\u011f\u0131 Unutma"},"content":{"rendered":"<p>Ya\u015fayaca\u011f\u0131n\u0131z d\u00fcnyan\u0131n onurunuza, \u00f6zg\u00fcrl\u00fc\u011f\u00fcn\u00fcze ve d\u00fc\u015flerinize zeval vermeyecek kadar g\u00fczel olmas\u0131 ad\u0131na yorulmu\u015f ve yorulmakta olan insanlar\u0131n pi\u015fmanl\u0131\u011f\u0131na sebep olacak vurdumduymazl\u0131k yapmay\u0131n, hatta birileri siz vars\u0131n\u0131z diye umudunu umutsuzlara b\u00f6l\u00fc\u015ft\u00fcrmenin maviliklerine s\u00fcrebilmelidir at\u0131n\u0131.<\/p>\n","protected":false},"excerpt":{"rendered":"<p>Ya\u015fayaca\u011f\u0131n\u0131z d\u00fcnyan\u0131n onurunuza, \u00f6zg\u00fcrl\u00fc\u011f\u00fcn\u00fcze ve d\u00fc\u015flerinize zeval vermeyecek kadar g\u00fczel olmas\u0131 ad\u0131na yorulmu\u015f ve yorulmakta olan insanlar\u0131n pi\u015fmanl\u0131\u011f\u0131na sebep olacak vurdumduymazl\u0131k yapmay\u0131n, hatta birileri siz vars\u0131n\u0131z<span class=\"excerpt-hellip\"> [\u2026]<\/span><\/p>\n","protected":false},"featured_media":0,"template":"","meta":{"_monsterinsights_skip_tracking":false,"_monsterinsights_sitenote_active":false,"_monsterinsights_sitenote_note":"","_monsterinsights_sitenote_category":0},"product_brand":[],"product_cat":[12777,12291],"product_tag":[],"class_list":{"0":"post-744153","1":"product","2":"type-product","3":"status-publish","5":"product_cat-deneme","6":"product_cat-edebiyat","7":"pa_cilt-ciltsiz","8":"pa_tur-kitap","9":"pa_yayinevi-kitap-muptelasi-yayinlari","10":"pa_yazar-abbas-turan","12":"first","13":"instock","14":"sale","15":"shipping-taxable","16":"purchasable","17":"product-type-simple"},"_links":{"self":[{"href":"https:\/\/roveyayinevi.com.tr\/index.php\/wp-json\/wp\/v2\/product\/744153","targetHints":{"allow":["GET"]}}],"collection":[{"href":"https:\/\/roveyayinevi.com.tr\/index.php\/wp-json\/wp\/v2\/product"}],"about":[{"href":"https:\/\/roveyayinevi.com.tr\/index.php\/wp-json\/wp\/v2\/types\/product"}],"wp:attachment":[{"href":"https:\/\/roveyayinevi.com.tr\/index.php\/wp-json\/wp\/v2\/media?parent=744153"}],"wp:term":[{"taxonomy":"product_brand","embeddable":true,"href":"https:\/\/roveyayinevi.com.tr\/index.php\/wp-json\/wp\/v2\/product_brand?post=744153"},{"taxonomy":"product_cat","embeddable":true,"href":"https:\/\/roveyayinevi.com.tr\/index.php\/wp-json\/wp\/v2\/product_cat?post=744153"},{"taxonomy":"product_tag","embeddable":true,"href":"https:\/\/roveyayinevi.com.tr\/index.php\/wp-json\/wp\/v2\/product_tag?post=744153"}],"curies":[{"name":"wp","href":"https:\/\/api.w.org\/{rel}","templated":true}]}}