{"id":744152,"date":"2025-08-28T01:50:31","date_gmt":"2025-08-27T22:50:31","guid":{"rendered":"https:\/\/roveyayinevi.com.tr\/index.php\/urun\/reading-zindani-baladi\/"},"modified":"2026-04-16T02:55:43","modified_gmt":"2026-04-15T23:55:43","slug":"reading-zindani-baladi","status":"publish","type":"product","link":"https:\/\/roveyayinevi.com.tr\/index.php\/urun\/reading-zindani-baladi\/","title":{"rendered":"Reading Zindan\u0131 Balad\u0131"},"content":{"rendered":"<p>Victoria \u0130ngiltere\u2019sinin g\u00fcn\u00fcm\u00fczde en \u00e7ok at\u0131f yap\u0131lan edeb\u00ee isimlerinden Oscar Wilde, eserlerinin yan\u0131 s\u0131ra d\u00f6nem i\u00e7in fazlas\u0131yla \u00e7alkant\u0131l\u0131 ya\u015fant\u0131s\u0131yla da epey konu\u015fuldu. Reading Zindan\u0131 Balad\u0131, e\u015fcinselli\u011fin yasakland\u0131\u011f\u0131 o y\u0131llarda, dilden dile dola\u015fan bir skandal sonucu hapis cezas\u0131 alm\u0131\u015f Wilde\u2019\u0131n kaleminden \u00e7\u0131kar. Londra yak\u0131nlar\u0131ndaki Reading Zindan\u0131\u2019nda zor g\u00fcnler ge\u00e7iren \u015fair, balad\u0131 burada tan\u0131d\u0131\u011f\u0131 Charles Thomas Wooldridge ad\u0131nda bir mahk\u00fbmun duygu durumundan etkilenerek yazar.   Bu son eserinde Wilde, hapis ya\u015fant\u0131s\u0131n\u0131n bunalt\u0131c\u0131 ve \u00fcrk\u00fct\u00fcc\u00fc tekd\u00fczeli\u011fini \u00e7arp\u0131c\u0131 bir d\u00fcr\u00fcstl\u00fckle g\u00f6zler \u00f6n\u00fcne serer. Paraleldeyse bir cinnet \u00e2n\u0131nda e\u015fini \u00f6ld\u00fcren, Reading\u2019de s\u00fck\u00fbnetle idam edilmeyi bekleyen Wooldridge\u2019in hik\u00e2yesini aktar\u0131r ve \u015fairin belki de en bilinen dizeleri bu hik\u00e2yeyle do\u011far&#8230;     Oysa herkes \u00f6ld\u00fcr\u00fcr sevdi\u011fini,   Bunu b\u00f6yle bilin,   Kimi hazin bir bak\u0131\u015fla \u00f6ld\u00fcr\u00fcr,   Kimi latif bir s\u00f6zle,   Korkaklar \u00f6perek \u00f6ld\u00fcr\u00fcr,   Y\u00fcrekliler k\u0131l\u0131\u00e7 darbeleriyle! <\/p>\n","protected":false},"excerpt":{"rendered":"<p>Victoria \u0130ngiltere\u2019sinin g\u00fcn\u00fcm\u00fczde en \u00e7ok at\u0131f yap\u0131lan edeb\u00ee isimlerinden Oscar Wilde, eserlerinin yan\u0131 s\u0131ra d\u00f6nem i\u00e7in fazlas\u0131yla \u00e7alkant\u0131l\u0131 ya\u015fant\u0131s\u0131yla da epey konu\u015fuldu. Reading Zindan\u0131 Balad\u0131, e\u015fcinselli\u011fin<span class=\"excerpt-hellip\"> [\u2026]<\/span><\/p>\n","protected":false},"featured_media":0,"template":"","meta":{"_monsterinsights_skip_tracking":false,"_monsterinsights_sitenote_active":false,"_monsterinsights_sitenote_note":"","_monsterinsights_sitenote_category":0},"product_brand":[],"product_cat":[12291,12509],"product_tag":[],"class_list":{"0":"post-744152","1":"product","2":"type-product","3":"status-publish","5":"product_cat-edebiyat","6":"product_cat-siir","7":"pa_cilt-ciltsiz","8":"pa_tur-kitap","9":"pa_yayinevi-can-yayinlari","10":"pa_yazar-oscar-wilde","12":"first","13":"instock","14":"sale","15":"shipping-taxable","16":"purchasable","17":"product-type-simple"},"_links":{"self":[{"href":"https:\/\/roveyayinevi.com.tr\/index.php\/wp-json\/wp\/v2\/product\/744152","targetHints":{"allow":["GET"]}}],"collection":[{"href":"https:\/\/roveyayinevi.com.tr\/index.php\/wp-json\/wp\/v2\/product"}],"about":[{"href":"https:\/\/roveyayinevi.com.tr\/index.php\/wp-json\/wp\/v2\/types\/product"}],"wp:attachment":[{"href":"https:\/\/roveyayinevi.com.tr\/index.php\/wp-json\/wp\/v2\/media?parent=744152"}],"wp:term":[{"taxonomy":"product_brand","embeddable":true,"href":"https:\/\/roveyayinevi.com.tr\/index.php\/wp-json\/wp\/v2\/product_brand?post=744152"},{"taxonomy":"product_cat","embeddable":true,"href":"https:\/\/roveyayinevi.com.tr\/index.php\/wp-json\/wp\/v2\/product_cat?post=744152"},{"taxonomy":"product_tag","embeddable":true,"href":"https:\/\/roveyayinevi.com.tr\/index.php\/wp-json\/wp\/v2\/product_tag?post=744152"}],"curies":[{"name":"wp","href":"https:\/\/api.w.org\/{rel}","templated":true}]}}