{"id":744150,"date":"2025-08-28T01:50:28","date_gmt":"2025-08-27T22:50:28","guid":{"rendered":"https:\/\/roveyayinevi.com.tr\/index.php\/urun\/kendine-guven\/"},"modified":"2026-04-11T14:13:18","modified_gmt":"2026-04-11T11:13:18","slug":"kendine-guven","status":"publish","type":"product","link":"https:\/\/roveyayinevi.com.tr\/index.php\/urun\/kendine-guven\/","title":{"rendered":"Kendine G\u00fcven"},"content":{"rendered":"<p>Mutlu musunuz? Kendinize \u00f6z g\u00fcveniniz tam m\u0131? Hayattan beklentiniz nedir? Beklentilerinizin ne kadar\u0131n\u0131 hayata ge\u00e7irebildiniz?   De\u011fi\u015fimin ve hedefe ula\u015fman\u0131n temel anahtar\u0131 bilin\u00e7li ve fark\u0131nda olarak ya\u015famakt\u0131r. \u00d6ncelikle korkulardan, stresten, huzursuzluktan, ki\u015finin kendi kendini ku\u015fat\u0131p bask\u0131 alt\u0131na almas\u0131ndan ve t\u00fcm bunlar\u0131n nedenlerinin fark\u0131ndal\u0131\u011f\u0131nda olmaktan ge\u00e7en o yolu ke\u015ffetmek gerekir. Rehber olacak bir \u00e7al\u0131\u015fma bi\u00e7imi sunarak sorunlara \u00e7\u00f6z\u00fcm bulmay\u0131 ama\u00e7layan bu kitapla hayat\u0131n\u0131zdaki eksik halkalar\u0131n pe\u015fine d\u00fc\u015fmek i\u00e7in siz de bir ad\u0131m at\u0131n. <\/p>\n","protected":false},"excerpt":{"rendered":"<p>Mutlu musunuz? Kendinize \u00f6z g\u00fcveniniz tam m\u0131? Hayattan beklentiniz nedir? Beklentilerinizin ne kadar\u0131n\u0131 hayata ge\u00e7irebildiniz? De\u011fi\u015fimin ve hedefe ula\u015fman\u0131n temel anahtar\u0131 bilin\u00e7li ve fark\u0131nda olarak ya\u015famakt\u0131r.<span class=\"excerpt-hellip\"> [\u2026]<\/span><\/p>\n","protected":false},"featured_media":0,"template":"","meta":{"_monsterinsights_skip_tracking":false,"_monsterinsights_sitenote_active":false,"_monsterinsights_sitenote_note":"","_monsterinsights_sitenote_category":0},"product_brand":[],"product_cat":[12364,12376],"product_tag":[],"class_list":{"0":"post-744150","1":"product","2":"type-product","3":"status-publish","5":"product_cat-genel-konular","6":"product_cat-kisisel-gelisim","7":"pa_cilt-ciltsiz","8":"pa_tur-kitap","9":"pa_yayinevi-kitap-muptelasi-yayinlari","10":"pa_yazar-kavin-inci-geckil","12":"first","13":"instock","14":"sale","15":"shipping-taxable","16":"purchasable","17":"product-type-simple"},"_links":{"self":[{"href":"https:\/\/roveyayinevi.com.tr\/index.php\/wp-json\/wp\/v2\/product\/744150","targetHints":{"allow":["GET"]}}],"collection":[{"href":"https:\/\/roveyayinevi.com.tr\/index.php\/wp-json\/wp\/v2\/product"}],"about":[{"href":"https:\/\/roveyayinevi.com.tr\/index.php\/wp-json\/wp\/v2\/types\/product"}],"wp:attachment":[{"href":"https:\/\/roveyayinevi.com.tr\/index.php\/wp-json\/wp\/v2\/media?parent=744150"}],"wp:term":[{"taxonomy":"product_brand","embeddable":true,"href":"https:\/\/roveyayinevi.com.tr\/index.php\/wp-json\/wp\/v2\/product_brand?post=744150"},{"taxonomy":"product_cat","embeddable":true,"href":"https:\/\/roveyayinevi.com.tr\/index.php\/wp-json\/wp\/v2\/product_cat?post=744150"},{"taxonomy":"product_tag","embeddable":true,"href":"https:\/\/roveyayinevi.com.tr\/index.php\/wp-json\/wp\/v2\/product_tag?post=744150"}],"curies":[{"name":"wp","href":"https:\/\/api.w.org\/{rel}","templated":true}]}}