{"id":744149,"date":"2025-08-28T01:50:27","date_gmt":"2025-08-27T22:50:27","guid":{"rendered":"https:\/\/roveyayinevi.com.tr\/index.php\/urun\/halidaki-desen\/"},"modified":"2026-04-16T02:55:43","modified_gmt":"2026-04-15T23:55:43","slug":"halidaki-desen","status":"publish","type":"product","link":"https:\/\/roveyayinevi.com.tr\/index.php\/urun\/halidaki-desen\/","title":{"rendered":"Hal\u0131daki Desen"},"content":{"rendered":"<p>Bir roman yazar\u0131 olarak say\u0131s\u0131z eserle ustal\u0131\u011f\u0131n\u0131 kan\u0131tlam\u0131\u015f Henry James, 19. y\u00fczy\u0131l\u0131n sonlar\u0131na do\u011fru bir tiyatro maceras\u0131na da ad\u0131m atar; ancak \u00fc\u00e7 kere Nobel Edebiyat \u00d6d\u00fcl\u00fc\u2019ne aday olan yazar\u0131n okuru b\u00fcy\u00fcleyen onca roman\u0131n\u0131n yaratt\u0131\u011f\u0131 beklenti, sahnede olumlu kar\u015f\u0131l\u0131k bulmaz. Bunun \u00fczerine James takip eden birka\u00e7 y\u0131l\u0131 sanat, edebiyat, edeb\u00ee yetenek gibi kavramlara kafa yorarak ge\u00e7irir. Hal\u0131daki Desen\u2019de James, \u201csorunlu sanat bilinci\u201d diye adland\u0131rd\u0131\u011f\u0131 bu edeb\u00ee sorunu, fena halde merak uyand\u0131ran bir macerayla paralel olarak ele al\u0131r.       Hugh Vereker adl\u0131 pek me\u015fhur yazar, eserlerinde t\u0131pk\u0131 bir hal\u0131daki desen gibi, dikkatle bak\u0131ld\u0131\u011f\u0131nda g\u00f6r\u00fclebilecek bir gizem oldu\u011funu \u00f6ne s\u00fcrmektedir. Ayn\u0131 zamanda bir edebiyat ele\u015ftirmeni olan isimsiz anlat\u0131c\u0131ysa bu gizemi saplant\u0131 haline getirir: Anlat\u0131c\u0131 m\u0131 Vereker\u2019\u0131n d\u00fc\u015f\u00fcnd\u00fc\u011f\u00fc gibi d\u00f6nemin kendini bilmez ele\u015ftirmen bozuntular\u0131ndand\u0131r, yoksa Vereker m\u0131 anlat\u0131c\u0131n\u0131n d\u00fc\u015f\u00fcnd\u00fc\u011f\u00fc gibi d\u00f6nemin kendini dev aynas\u0131nda g\u00f6ren vasat yazarlar\u0131ndand\u0131r?   \u201cBug\u00fcnlerde, hepimiz hal\u0131daki deseni ar\u0131yoruz.\u201d   T.S. Elliot <\/p>\n","protected":false},"excerpt":{"rendered":"<p>Bir roman yazar\u0131 olarak say\u0131s\u0131z eserle ustal\u0131\u011f\u0131n\u0131 kan\u0131tlam\u0131\u015f Henry James, 19. y\u00fczy\u0131l\u0131n sonlar\u0131na do\u011fru bir tiyatro maceras\u0131na da ad\u0131m atar; ancak \u00fc\u00e7 kere Nobel Edebiyat \u00d6d\u00fcl\u00fc\u2019ne<span class=\"excerpt-hellip\"> [\u2026]<\/span><\/p>\n","protected":false},"featured_media":0,"template":"","meta":{"_monsterinsights_skip_tracking":false,"_monsterinsights_sitenote_active":false,"_monsterinsights_sitenote_note":"","_monsterinsights_sitenote_category":0},"product_brand":[],"product_cat":[12291,12711],"product_tag":[],"class_list":{"0":"post-744149","1":"product","2":"type-product","3":"status-publish","5":"product_cat-edebiyat","6":"product_cat-roman-oyku","7":"pa_cilt-ciltsiz","8":"pa_tur-kitap","9":"pa_yayinevi-can-yayinlari","10":"pa_yazar-henry-james","12":"first","13":"instock","14":"sale","15":"shipping-taxable","16":"purchasable","17":"product-type-simple"},"_links":{"self":[{"href":"https:\/\/roveyayinevi.com.tr\/index.php\/wp-json\/wp\/v2\/product\/744149","targetHints":{"allow":["GET"]}}],"collection":[{"href":"https:\/\/roveyayinevi.com.tr\/index.php\/wp-json\/wp\/v2\/product"}],"about":[{"href":"https:\/\/roveyayinevi.com.tr\/index.php\/wp-json\/wp\/v2\/types\/product"}],"wp:attachment":[{"href":"https:\/\/roveyayinevi.com.tr\/index.php\/wp-json\/wp\/v2\/media?parent=744149"}],"wp:term":[{"taxonomy":"product_brand","embeddable":true,"href":"https:\/\/roveyayinevi.com.tr\/index.php\/wp-json\/wp\/v2\/product_brand?post=744149"},{"taxonomy":"product_cat","embeddable":true,"href":"https:\/\/roveyayinevi.com.tr\/index.php\/wp-json\/wp\/v2\/product_cat?post=744149"},{"taxonomy":"product_tag","embeddable":true,"href":"https:\/\/roveyayinevi.com.tr\/index.php\/wp-json\/wp\/v2\/product_tag?post=744149"}],"curies":[{"name":"wp","href":"https:\/\/api.w.org\/{rel}","templated":true}]}}