{"id":744148,"date":"2025-08-28T01:50:26","date_gmt":"2025-08-27T22:50:26","guid":{"rendered":"https:\/\/roveyayinevi.com.tr\/index.php\/urun\/vicdan-nalbur-kitaplari-2-kitap-egitim-seti\/"},"modified":"2026-04-16T02:55:43","modified_gmt":"2026-04-15T23:55:43","slug":"vicdan-nalbur-kitaplari-2-kitap-egitim-seti","status":"publish","type":"product","link":"https:\/\/roveyayinevi.com.tr\/index.php\/urun\/vicdan-nalbur-kitaplari-2-kitap-egitim-seti\/","title":{"rendered":"Vicdan Nalbur Kitaplar\u0131 (2 Kitap E\u011fitim Seti)"},"content":{"rendered":"<p>\u0130LK\u00d6\u011eRET\u0130MDE DRAMA YOLUYLA MATEMAT\u0130K \u00d6\u011eRET\u0130M\u0130 Bu kitab\u0131n yaz\u0131lmas\u0131 ve haz\u0131rlanmas\u0131ndaki ama\u00e7; \u00f6ncelikle ilk\u00f6\u011fretim Matematik dersini drama oyunlar\u0131 yoluyla daha keyifli hale getirmektir Kitapta drama oyunlar\u0131 oynan\u0131rken, konular geri planda kalmadan oyun ile \u00f6\u011fretimin beraber y\u00fcr\u00fct\u00fclmesi hedeflenmi\u015ftir. Genel olarak bu kitapta yer alan oyunlar g\u00f6rsel-i\u015fitsel belle\u011fe, analiz-senteze ve ifadeye y\u00f6nelik olarak haz\u0131rlanm\u0131\u015ft\u0131r. Bilindi\u011fi gibi ilk\u00f6\u011fretim birince kademe derslerinde \u00fcniteler ve bu \u00fcniteler i\u00e7inde bir\u00e7ok konu yer almaktad\u0131r. Burada se\u00e7ilen oyunlar t\u00fcm \u00fcnitelere ve konulara transfer edilecek \u015fekilde tasarlanm\u0131\u015ft\u0131r. Ba\u015fka bir deyi\u015fle, oyunun birden fazla konuya uygulanabilirli\u011fi esas al\u0131nm\u0131\u015ft\u0131r. Burada \u00f6\u011fretmene d\u00fc\u015fen g\u00f6rev, \u00f6\u011frenilmesi zor ve karma\u015f\u0131k konular\u0131 b\u00fct\u00fcn drama oyunlar\u0131na transfer edebilmektir.\u0130LK\u00d6\u011eRET\u0130MDE DRAMA YOLUYLA T\u00dcRK\u00c7E \u00d6\u011eRET\u0130M\u0130 Bu kitab\u0131n yaz\u0131lmas\u0131 ve haz\u0131rlanmas\u0131ndaki ama\u00e7; \u00f6ncelikle ilk\u00f6\u011fretim T\u00fcrk\u00e7e dersini drama oyunlar\u0131 yoluyla daha keyifli hale getirmektir Kitapta drama oyunlar\u0131 oynan\u0131rken, konular geri planda kalmadan oyun ile \u00f6\u011fretimin beraber y\u00fcr\u00fct\u00fclmesi hedeflenmi\u015ftir. Genel olarak bu kitapta yer alan oyunlar g\u00f6rsel-i\u015fitsel belle\u011fe, analiz-senteze ve ifadeye y\u00f6nelik olarak haz\u0131rlanm\u0131\u015ft\u0131r. Bilindi\u011fi gibi ilk\u00f6\u011fretim birince kademe derslerinde \u00fcniteler ve bu \u00fcniteler i\u00e7inde bir\u00e7ok konu yer almaktad\u0131r. Burada se\u00e7ilen oyunlar t\u00fcm \u00fcnitelere ve konulara transfer edilecek \u015fekilde tasarlanm\u0131\u015ft\u0131r. Ba\u015fka bir deyi\u015fle, oyunun birden fazla konuya uygulanabilirli\u011fi esas al\u0131nm\u0131\u015ft\u0131r. Burada \u00f6\u011fretmene d\u00fc\u015fen g\u00f6rev, \u00f6\u011frenilmesi zor ve karma\u015f\u0131k konular\u0131 b\u00fct\u00fcn drama oyunlar\u0131na transfer edebilmektir. <\/p>\n","protected":false},"excerpt":{"rendered":"<p>\u0130LK\u00d6\u011eRET\u0130MDE DRAMA YOLUYLA MATEMAT\u0130K \u00d6\u011eRET\u0130M\u0130 Bu kitab\u0131n yaz\u0131lmas\u0131 ve haz\u0131rlanmas\u0131ndaki ama\u00e7; \u00f6ncelikle ilk\u00f6\u011fretim Matematik dersini drama oyunlar\u0131 yoluyla daha keyifli hale getirmektir Kitapta drama oyunlar\u0131 oynan\u0131rken,<span class=\"excerpt-hellip\"> [\u2026]<\/span><\/p>\n","protected":false},"featured_media":0,"template":"","meta":{"_monsterinsights_skip_tracking":false,"_monsterinsights_sitenote_active":false,"_monsterinsights_sitenote_note":"","_monsterinsights_sitenote_category":0},"product_brand":[],"product_cat":[12567,12566],"product_tag":[],"class_list":{"0":"post-744148","1":"product","2":"type-product","3":"status-publish","5":"product_cat-diger-egitim","6":"product_cat-egitim","7":"pa_cilt-ciltsiz","8":"pa_tur-kitap","9":"pa_yayinevi-kitap-muptelasi-yayinlari","10":"pa_yazar-vicdan-nalbur","12":"first","13":"instock","14":"sale","15":"shipping-taxable","16":"purchasable","17":"product-type-simple"},"_links":{"self":[{"href":"https:\/\/roveyayinevi.com.tr\/index.php\/wp-json\/wp\/v2\/product\/744148","targetHints":{"allow":["GET"]}}],"collection":[{"href":"https:\/\/roveyayinevi.com.tr\/index.php\/wp-json\/wp\/v2\/product"}],"about":[{"href":"https:\/\/roveyayinevi.com.tr\/index.php\/wp-json\/wp\/v2\/types\/product"}],"wp:attachment":[{"href":"https:\/\/roveyayinevi.com.tr\/index.php\/wp-json\/wp\/v2\/media?parent=744148"}],"wp:term":[{"taxonomy":"product_brand","embeddable":true,"href":"https:\/\/roveyayinevi.com.tr\/index.php\/wp-json\/wp\/v2\/product_brand?post=744148"},{"taxonomy":"product_cat","embeddable":true,"href":"https:\/\/roveyayinevi.com.tr\/index.php\/wp-json\/wp\/v2\/product_cat?post=744148"},{"taxonomy":"product_tag","embeddable":true,"href":"https:\/\/roveyayinevi.com.tr\/index.php\/wp-json\/wp\/v2\/product_tag?post=744148"}],"curies":[{"name":"wp","href":"https:\/\/api.w.org\/{rel}","templated":true}]}}