{"id":744146,"date":"2025-08-28T01:50:23","date_gmt":"2025-08-27T22:50:23","guid":{"rendered":"https:\/\/roveyayinevi.com.tr\/index.php\/urun\/zihin-okuma\/"},"modified":"2026-04-16T02:55:43","modified_gmt":"2026-04-15T23:55:43","slug":"zihin-okuma","status":"publish","type":"product","link":"https:\/\/roveyayinevi.com.tr\/index.php\/urun\/zihin-okuma\/","title":{"rendered":"Zihin Okuma"},"content":{"rendered":"<p>Gizli D\u00fc\u015f\u00fcncelere Ula\u015fman\u0131n ve \u0130nsanlar\u0131 Anlaman\u0131n Anahtar\u0131,   d\u00fc\u015f\u00fcncelerin gizli d\u00fcnyas\u0131na ad\u0131m at\u0131n!  William Walker Atkinson, &#8220;Zihin Okuma&#8221; ile sizi d\u00fc\u015f\u00fcnce g\u00fcc\u00fcn\u00fcn derinliklerine inmeye davet ediyor. Bu kitap, sadece ba\u015fkalar\u0131n\u0131n d\u00fc\u015f\u00fcncelerini anlaman\u0131n de\u011fil, ayn\u0131 zamanda kendi zihinsel potansiyelinizi ke\u015ffetmenin de kap\u0131lar\u0131n\u0131 aral\u0131yor.   Bu kitapla:               Zihin okuma tekniklerini \u00f6\u011frenin: Telepati, sezgi ve empati yeteneklerinizi geli\u015ftirin.   Beden dilinin s\u0131rlar\u0131n\u0131 \u00e7\u00f6z\u00fcn: Jestleri, mimikleri ve davran\u0131\u015flar\u0131 do\u011fru bir \u015fekilde yorumlay\u0131n.               \u0130nsanlar\u0131 daha iyi anlay\u0131n: \u0130leti\u015fim becerilerinizi g\u00fc\u00e7lendirin ve ili\u015fkilerinizi derinle\u015ftirin.               Gizli potansiyelinizi ortaya \u00e7\u0131kar\u0131n: Zihninizin g\u00fcc\u00fcn\u00fc ke\u015ffedin ve hayat\u0131n\u0131za y\u00f6n verin. &#8220;Zihin Okuma&#8221; d\u00fc\u015f\u00fcnce d\u00fcnyas\u0131na a\u00e7\u0131lan bir kap\u0131!  William Walker Atkinson&#8217;un rehberli\u011finde, insanlar\u0131 ve kendinizi daha iyi anlamak i\u00e7in bu e\u015fsiz yolculu\u011fa \u00e7\u0131k\u0131n!               Zihnin G\u00fcc\u00fcn\u00fc Ke\u015ffedin!<\/p>\n","protected":false},"excerpt":{"rendered":"<p>Gizli D\u00fc\u015f\u00fcncelere Ula\u015fman\u0131n ve \u0130nsanlar\u0131 Anlaman\u0131n Anahtar\u0131, d\u00fc\u015f\u00fcncelerin gizli d\u00fcnyas\u0131na ad\u0131m at\u0131n! William Walker Atkinson, &#8220;Zihin Okuma&#8221; ile sizi d\u00fc\u015f\u00fcnce g\u00fcc\u00fcn\u00fcn derinliklerine inmeye davet ediyor. Bu<span class=\"excerpt-hellip\"> [\u2026]<\/span><\/p>\n","protected":false},"featured_media":0,"template":"","meta":{"_monsterinsights_skip_tracking":false,"_monsterinsights_sitenote_active":false,"_monsterinsights_sitenote_note":"","_monsterinsights_sitenote_category":0},"product_brand":[],"product_cat":[12364,16154],"product_tag":[],"class_list":{"0":"post-744146","1":"product","2":"type-product","3":"status-publish","5":"product_cat-genel-konular","6":"product_cat-parapsikoloji","7":"pa_cilt-ciltsiz","8":"pa_tur-kitap","9":"pa_yayinevi-fa-yayinlari","10":"pa_yazar-william-walker-atkinson","12":"first","13":"instock","14":"sale","15":"shipping-taxable","16":"purchasable","17":"product-type-simple"},"_links":{"self":[{"href":"https:\/\/roveyayinevi.com.tr\/index.php\/wp-json\/wp\/v2\/product\/744146","targetHints":{"allow":["GET"]}}],"collection":[{"href":"https:\/\/roveyayinevi.com.tr\/index.php\/wp-json\/wp\/v2\/product"}],"about":[{"href":"https:\/\/roveyayinevi.com.tr\/index.php\/wp-json\/wp\/v2\/types\/product"}],"wp:attachment":[{"href":"https:\/\/roveyayinevi.com.tr\/index.php\/wp-json\/wp\/v2\/media?parent=744146"}],"wp:term":[{"taxonomy":"product_brand","embeddable":true,"href":"https:\/\/roveyayinevi.com.tr\/index.php\/wp-json\/wp\/v2\/product_brand?post=744146"},{"taxonomy":"product_cat","embeddable":true,"href":"https:\/\/roveyayinevi.com.tr\/index.php\/wp-json\/wp\/v2\/product_cat?post=744146"},{"taxonomy":"product_tag","embeddable":true,"href":"https:\/\/roveyayinevi.com.tr\/index.php\/wp-json\/wp\/v2\/product_tag?post=744146"}],"curies":[{"name":"wp","href":"https:\/\/api.w.org\/{rel}","templated":true}]}}