{"id":744145,"date":"2025-08-28T01:50:22","date_gmt":"2025-08-27T22:50:22","guid":{"rendered":"https:\/\/roveyayinevi.com.tr\/index.php\/urun\/endiseler-kukreyince-ciltli\/"},"modified":"2026-04-16T02:55:43","modified_gmt":"2026-04-15T23:55:43","slug":"endiseler-kukreyince-ciltli","status":"publish","type":"product","link":"https:\/\/roveyayinevi.com.tr\/index.php\/urun\/endiseler-kukreyince-ciltli\/","title":{"rendered":"Endi\u015feler K\u00fckreyince (Ciltli)"},"content":{"rendered":"<p>Bulut, endi\u015felerinden ka\u00e7\u0131p saklanabilece\u011fi bir yer ararken Kaplan Endi\u015fe&#8217;yle birlikte odas\u0131ndan ormana a\u00e7\u0131lan macera dolu bir yolculu\u011fa \u00e7\u0131kt\u0131 ve sakinle\u015fmenin yollar\u0131n\u0131 ke\u015ffetti.   Endi\u015feler K\u00fckreyince, kayg\u0131yla ba\u015fa \u00e7\u0131kmaya yard\u0131mc\u0131 olacak egzersizleri ve etkileyici kurgusuyla okurlar\u0131n\u0131 rahatlamaya davet ediyor. <\/p>\n","protected":false},"excerpt":{"rendered":"<p>Bulut, endi\u015felerinden ka\u00e7\u0131p saklanabilece\u011fi bir yer ararken Kaplan Endi\u015fe&#8217;yle birlikte odas\u0131ndan ormana a\u00e7\u0131lan macera dolu bir yolculu\u011fa \u00e7\u0131kt\u0131 ve sakinle\u015fmenin yollar\u0131n\u0131 ke\u015ffetti. Endi\u015feler K\u00fckreyince, kayg\u0131yla ba\u015fa<span class=\"excerpt-hellip\"> [\u2026]<\/span><\/p>\n","protected":false},"featured_media":0,"template":"","meta":{"_monsterinsights_skip_tracking":false,"_monsterinsights_sitenote_active":false,"_monsterinsights_sitenote_note":"","_monsterinsights_sitenote_category":0},"product_brand":[],"product_cat":[12913,12274],"product_tag":[],"class_list":{"0":"post-744145","1":"product","2":"type-product","3":"status-publish","5":"product_cat-3-6-yas-kitaplari","6":"product_cat-cocuk-ve-genclik-kitaplari","7":"pa_cilt-ciltli","8":"pa_tur-kitap","9":"pa_yayinevi-ketebe-yayinlari","10":"pa_yazar-alexandra-page","12":"first","13":"instock","14":"sale","15":"shipping-taxable","16":"purchasable","17":"product-type-simple"},"_links":{"self":[{"href":"https:\/\/roveyayinevi.com.tr\/index.php\/wp-json\/wp\/v2\/product\/744145","targetHints":{"allow":["GET"]}}],"collection":[{"href":"https:\/\/roveyayinevi.com.tr\/index.php\/wp-json\/wp\/v2\/product"}],"about":[{"href":"https:\/\/roveyayinevi.com.tr\/index.php\/wp-json\/wp\/v2\/types\/product"}],"wp:attachment":[{"href":"https:\/\/roveyayinevi.com.tr\/index.php\/wp-json\/wp\/v2\/media?parent=744145"}],"wp:term":[{"taxonomy":"product_brand","embeddable":true,"href":"https:\/\/roveyayinevi.com.tr\/index.php\/wp-json\/wp\/v2\/product_brand?post=744145"},{"taxonomy":"product_cat","embeddable":true,"href":"https:\/\/roveyayinevi.com.tr\/index.php\/wp-json\/wp\/v2\/product_cat?post=744145"},{"taxonomy":"product_tag","embeddable":true,"href":"https:\/\/roveyayinevi.com.tr\/index.php\/wp-json\/wp\/v2\/product_tag?post=744145"}],"curies":[{"name":"wp","href":"https:\/\/api.w.org\/{rel}","templated":true}]}}