{"id":744144,"date":"2025-08-28T01:50:21","date_gmt":"2025-08-27T22:50:21","guid":{"rendered":"https:\/\/roveyayinevi.com.tr\/index.php\/urun\/daha-cok-el-ciltli\/"},"modified":"2026-04-16T02:55:43","modified_gmt":"2026-04-15T23:55:43","slug":"daha-cok-el-ciltli","status":"publish","type":"product","link":"https:\/\/roveyayinevi.com.tr\/index.php\/urun\/daha-cok-el-ciltli\/","title":{"rendered":"Daha \u00c7ok El (Ciltli)"},"content":{"rendered":"<p>\u201cEn lezzetli pi\u015fmaniye kalabal\u0131kla birlikte yenendir!\u201d   Dedesinin yapt\u0131\u011f\u0131 pi\u015fmaniyeyi \u00e7ok seven Sami, bu lezzetli tatl\u0131n\u0131n nas\u0131l yap\u0131ld\u0131\u011f\u0131n\u0131 \u00f6\u011frenmek ister. Yahya Dede s\u0131cac\u0131k macundan, tel tel ayr\u0131lan yumu\u015fac\u0131k bir pi\u015fmaniye yaparken k\u00fc\u00e7\u00fck, b\u00fcy\u00fck, gen\u00e7, ya\u015fl\u0131 bir s\u00fcr\u00fc elden yard\u0131m al\u0131r ve b\u00f6ylece pi\u015fmaniyenin b\u00fcy\u00fck s\u0131rr\u0131n\u0131 torunu Sami de \u00f6\u011frenir.   Jenny Molendyk Divleli\u2019nin ger\u00e7ek bir hik\u00e2yeden ilhamla yazd\u0131\u011f\u0131 Daha \u00c7ok El\u2019e, Ekinsu Kocat\u00fcrk\u2019\u00fcn e\u011flenceli \u00e7izimleri e\u015flik ediyor. <\/p>\n","protected":false},"excerpt":{"rendered":"<p>\u201cEn lezzetli pi\u015fmaniye kalabal\u0131kla birlikte yenendir!\u201d Dedesinin yapt\u0131\u011f\u0131 pi\u015fmaniyeyi \u00e7ok seven Sami, bu lezzetli tatl\u0131n\u0131n nas\u0131l yap\u0131ld\u0131\u011f\u0131n\u0131 \u00f6\u011frenmek ister. Yahya Dede s\u0131cac\u0131k macundan, tel tel ayr\u0131lan<span class=\"excerpt-hellip\"> [\u2026]<\/span><\/p>\n","protected":false},"featured_media":0,"template":"","meta":{"_monsterinsights_skip_tracking":false,"_monsterinsights_sitenote_active":false,"_monsterinsights_sitenote_note":"","_monsterinsights_sitenote_category":0},"product_brand":[],"product_cat":[12274,12284],"product_tag":[],"class_list":{"0":"post-744144","1":"product","2":"type-product","3":"status-publish","5":"product_cat-cocuk-ve-genclik-kitaplari","6":"product_cat-hikayeler","7":"pa_cilt-ciltli","8":"pa_tur-kitap","9":"pa_yayinevi-ketebe-yayinlari","10":"pa_yazar-jenny-molendyk-divleli","12":"first","13":"instock","14":"sale","15":"shipping-taxable","16":"purchasable","17":"product-type-simple"},"_links":{"self":[{"href":"https:\/\/roveyayinevi.com.tr\/index.php\/wp-json\/wp\/v2\/product\/744144","targetHints":{"allow":["GET"]}}],"collection":[{"href":"https:\/\/roveyayinevi.com.tr\/index.php\/wp-json\/wp\/v2\/product"}],"about":[{"href":"https:\/\/roveyayinevi.com.tr\/index.php\/wp-json\/wp\/v2\/types\/product"}],"wp:attachment":[{"href":"https:\/\/roveyayinevi.com.tr\/index.php\/wp-json\/wp\/v2\/media?parent=744144"}],"wp:term":[{"taxonomy":"product_brand","embeddable":true,"href":"https:\/\/roveyayinevi.com.tr\/index.php\/wp-json\/wp\/v2\/product_brand?post=744144"},{"taxonomy":"product_cat","embeddable":true,"href":"https:\/\/roveyayinevi.com.tr\/index.php\/wp-json\/wp\/v2\/product_cat?post=744144"},{"taxonomy":"product_tag","embeddable":true,"href":"https:\/\/roveyayinevi.com.tr\/index.php\/wp-json\/wp\/v2\/product_tag?post=744144"}],"curies":[{"name":"wp","href":"https:\/\/api.w.org\/{rel}","templated":true}]}}