{"id":744143,"date":"2025-08-28T01:50:19","date_gmt":"2025-08-27T22:50:19","guid":{"rendered":"https:\/\/roveyayinevi.com.tr\/index.php\/urun\/ermis-9\/"},"modified":"2026-04-16T02:55:43","modified_gmt":"2026-04-15T23:55:43","slug":"ermis-9","status":"publish","type":"product","link":"https:\/\/roveyayinevi.com.tr\/index.php\/urun\/ermis-9\/","title":{"rendered":"Ermi\u015f"},"content":{"rendered":"<p>\u2019Ayr\u0131l\u0131k vakti gelip \u00e7atana dek kendi derinli\u011fini bilmez a\u015fk\u2019\u2019 Gemisine binip on iki y\u0131ld\u0131r ya\u015fad\u0131\u011f\u0131 \u015fehirden ayr\u0131lmak \u00fczere olan El Mustafa,vedas\u0131nda halk\u0131n y\u00f6netti\u011fi sorular kar\u015f\u0131s\u0131nda insana ve hayat dair konu\u015fmaya ba\u015flar.Konu\u015ftuk\u00e7a bilgeli\u011fi d\u00f6k\u00fcl\u00fcr s\u00f6zlerine.A\u015fk\u0131n hakiki do\u011fas\u0131na,hayat\u0131 payla\u015fman\u0131n ger\u00e7ek anlam\u0131na,evler,giysiler,i\u015fler gibi ya\u015fam\u0131n g\u00f6r\u00fcnt\u00fclerine ve \u00e7al\u0131\u015fmak,c\u00f6mertlik,ak\u0131l,dostluk gibi insan faziletlerine dair derin ve bilgelikle dolu fikirleri,  Orphalese halk\u0131 ile bulu\u015fturur. Halil Cibran\u2019n\u0131n \u00f6l\u00fcms\u00fcz eseri Ermi\u015f,bas\u0131m\u0131ndan bug\u00fcne y\u00fczden fazla dile \u00e7evrilerek milyonlarca okuyucu ile bulu\u015ftu.Yaz\u0131m\u0131n\u0131n \u00fczerinden as\u0131r ge\u00e7mi\u015f olsa da kaleminden akan naif bilgelik bug\u00fcn\u00fcn okurlar\u0131n y\u00fcreklerine seslenmeye devam ediyor.<\/p>\n","protected":false},"excerpt":{"rendered":"<p>\u2019Ayr\u0131l\u0131k vakti gelip \u00e7atana dek kendi derinli\u011fini bilmez a\u015fk\u2019\u2019 Gemisine binip on iki y\u0131ld\u0131r ya\u015fad\u0131\u011f\u0131 \u015fehirden ayr\u0131lmak \u00fczere olan El Mustafa,vedas\u0131nda halk\u0131n y\u00f6netti\u011fi sorular kar\u015f\u0131s\u0131nda insana<span class=\"excerpt-hellip\"> [\u2026]<\/span><\/p>\n","protected":false},"featured_media":0,"template":"","meta":{"_monsterinsights_skip_tracking":false,"_monsterinsights_sitenote_active":false,"_monsterinsights_sitenote_note":"","_monsterinsights_sitenote_category":0},"product_brand":[],"product_cat":[12291,12711],"product_tag":[],"class_list":{"0":"post-744143","1":"product","2":"type-product","3":"status-publish","5":"product_cat-edebiyat","6":"product_cat-roman-oyku","7":"pa_cilt-ciltsiz","8":"pa_tur-kitap","9":"pa_yayinevi-fark-yayinlari","10":"pa_yazar-halil-cibran","12":"first","13":"instock","14":"sale","15":"shipping-taxable","16":"purchasable","17":"product-type-simple"},"_links":{"self":[{"href":"https:\/\/roveyayinevi.com.tr\/index.php\/wp-json\/wp\/v2\/product\/744143","targetHints":{"allow":["GET"]}}],"collection":[{"href":"https:\/\/roveyayinevi.com.tr\/index.php\/wp-json\/wp\/v2\/product"}],"about":[{"href":"https:\/\/roveyayinevi.com.tr\/index.php\/wp-json\/wp\/v2\/types\/product"}],"wp:attachment":[{"href":"https:\/\/roveyayinevi.com.tr\/index.php\/wp-json\/wp\/v2\/media?parent=744143"}],"wp:term":[{"taxonomy":"product_brand","embeddable":true,"href":"https:\/\/roveyayinevi.com.tr\/index.php\/wp-json\/wp\/v2\/product_brand?post=744143"},{"taxonomy":"product_cat","embeddable":true,"href":"https:\/\/roveyayinevi.com.tr\/index.php\/wp-json\/wp\/v2\/product_cat?post=744143"},{"taxonomy":"product_tag","embeddable":true,"href":"https:\/\/roveyayinevi.com.tr\/index.php\/wp-json\/wp\/v2\/product_tag?post=744143"}],"curies":[{"name":"wp","href":"https:\/\/api.w.org\/{rel}","templated":true}]}}