{"id":744142,"date":"2025-08-28T01:50:18","date_gmt":"2025-08-27T22:50:18","guid":{"rendered":"https:\/\/roveyayinevi.com.tr\/index.php\/urun\/hazreti-ali\/"},"modified":"2026-04-16T02:55:43","modified_gmt":"2026-04-15T23:55:43","slug":"hazreti-ali","status":"publish","type":"product","link":"https:\/\/roveyayinevi.com.tr\/index.php\/urun\/hazreti-ali\/","title":{"rendered":"Hazreti Ali"},"content":{"rendered":"<p>HZ. Ali ortaya yak\u0131n k\u0131sa boylu, koyu esmer tenli, s\u0131k ve geni\u015f sakall\u0131 ve etine dolgundu. .Omuzlar\u0131 geni\u015fti ve v\u00fccudunun adaleleri d\u00fczg\u00fcnd\u00fc. Bilekleri ve paz\u0131lar\u0131 \u00e7ok kuvvetliydi, tuttu\u011funu kopar\u0131rd\u0131. G\u00f6zleri iri, burnu k\u0131sa ve y\u00fcz\u00fc g\u00fczeldi. Onun bu vas\u0131flar\u0131, v\u00fccut azalar\u0131n\u0131n birbiriyle uyum i\u00e7erisinde oldu\u011funu koymaktad\u0131r. Uyumlu bir v\u00fccut yap\u0131s\u0131na sahip olmas\u0131n\u0131n neticesinde atik, cesur ve ba\u015far\u0131l\u0131 bir sava\u015f\u00e7\u0131yd\u0131. Rivayet edildi\u011finde H.z. Ali, hem kad\u0131n\u0131n hem de erke\u011fin, genel olarak her ki\u015finin, k\u0131yafetinin d\u00fczg\u00fcn ve \u00fcst\u00fcn\u00fcn temiz olmas\u0131na \u00f6zen g\u00f6stermesinin gerekti\u011fini \u00fczerinde dururdu. Yine rivayetlere g\u00f6re Hz. Ali elbiselerinin eteklerini uzatmazd\u0131; k\u0131sa elbise giyerdi. Bazen kuma\u015f kemer kullan\u0131rd\u0131 ve yamal\u0131 elbise giymekten \u00e7ekinmezdi. Bu durum Hz. Ali\u2019nin, kibir ve gurur gibi \u0130slam f\u0131trat\u0131na ayk\u0131r\u0131 davran\u0131\u015flardan uzak oldu\u011funu g\u00f6stermesinin yan\u0131nda ondaki tevazu ve al\u00e7ak g\u00f6n\u00fcll\u00fcl\u00fc\u011f\u00fc yans\u0131tmaktad\u0131r. <\/p>\n","protected":false},"excerpt":{"rendered":"<p>HZ. Ali ortaya yak\u0131n k\u0131sa boylu, koyu esmer tenli, s\u0131k ve geni\u015f sakall\u0131 ve etine dolgundu. .Omuzlar\u0131 geni\u015fti ve v\u00fccudunun adaleleri d\u00fczg\u00fcnd\u00fc. Bilekleri ve paz\u0131lar\u0131 \u00e7ok<span class=\"excerpt-hellip\"> [\u2026]<\/span><\/p>\n","protected":false},"featured_media":0,"template":"","meta":{"_monsterinsights_skip_tracking":false,"_monsterinsights_sitenote_active":false,"_monsterinsights_sitenote_note":"","_monsterinsights_sitenote_category":0},"product_brand":[],"product_cat":[18094,12718,12719],"product_tag":[],"class_list":{"0":"post-744142","1":"product","2":"type-product","3":"status-publish","5":"product_cat-biyografi-otobiyografi-islam","6":"product_cat-din","7":"product_cat-islam","8":"pa_cilt-ciltsiz","9":"pa_tur-kitap","10":"pa_yayinevi-kirmizi-ada-yayinlari","11":"pa_yazar-sait-okumus","13":"first","14":"instock","15":"sale","16":"shipping-taxable","17":"purchasable","18":"product-type-simple"},"_links":{"self":[{"href":"https:\/\/roveyayinevi.com.tr\/index.php\/wp-json\/wp\/v2\/product\/744142","targetHints":{"allow":["GET"]}}],"collection":[{"href":"https:\/\/roveyayinevi.com.tr\/index.php\/wp-json\/wp\/v2\/product"}],"about":[{"href":"https:\/\/roveyayinevi.com.tr\/index.php\/wp-json\/wp\/v2\/types\/product"}],"wp:attachment":[{"href":"https:\/\/roveyayinevi.com.tr\/index.php\/wp-json\/wp\/v2\/media?parent=744142"}],"wp:term":[{"taxonomy":"product_brand","embeddable":true,"href":"https:\/\/roveyayinevi.com.tr\/index.php\/wp-json\/wp\/v2\/product_brand?post=744142"},{"taxonomy":"product_cat","embeddable":true,"href":"https:\/\/roveyayinevi.com.tr\/index.php\/wp-json\/wp\/v2\/product_cat?post=744142"},{"taxonomy":"product_tag","embeddable":true,"href":"https:\/\/roveyayinevi.com.tr\/index.php\/wp-json\/wp\/v2\/product_tag?post=744142"}],"curies":[{"name":"wp","href":"https:\/\/api.w.org\/{rel}","templated":true}]}}