{"id":744141,"date":"2025-08-28T01:50:17","date_gmt":"2025-08-27T22:50:17","guid":{"rendered":"https:\/\/roveyayinevi.com.tr\/index.php\/urun\/bogazici-yalilari\/"},"modified":"2026-04-16T02:55:43","modified_gmt":"2026-04-15T23:55:43","slug":"bogazici-yalilari","status":"publish","type":"product","link":"https:\/\/roveyayinevi.com.tr\/index.php\/urun\/bogazici-yalilari\/","title":{"rendered":"Bo\u011fazi\u00e7i  Yal\u0131lar\u0131"},"content":{"rendered":"<p>Abd\u00fclhak \u015einasi Hisar\u2019\u0131n 1930\u2019larda yay\u0131mlamaya ba\u015flad\u0131\u011f\u0131 an\u0131lar\u0131, temel olarak \u00e7ocukluk y\u0131llar\u0131n\u0131 i\u00e7ine al\u0131r. Hoca Ali R\u0131za\u2019n\u0131n resimlerinin Proustvari etkisiyle zihninde canlanan, Sultan II. Abd\u00fclhamid\u2019in saltanat\u0131na denk gelen bu d\u00f6nemi Hisar, \u201c\u00c7ocuklu\u011fumuzun tatt\u0131\u011f\u0131 d\u00fcnya elbette bir cennetti,\u201d ifadesinde cisimle\u015fen bir bak\u0131\u015fla hik\u00e2ye eder. Yazar, bilincinde oldu\u011fu siyasi ve k\u00fclt\u00fcrel \u00e7eli\u015fkileriyle b\u00fct\u00fcn bir d\u00f6nemin i\u00e7inden bir \u201ccenneti\u201d ta\u015f\u0131n i\u00e7inden bir heykel yontarcas\u0131na bi\u00e7imlendirir: Hem kendi \u00e7ocuklu\u011fu hem \u0130stanbul\u2019un ya\u015fay\u0131\u015f\u0131 b\u00f6ylece maddi ve manevi varl\u0131\u011f\u0131yla; hat\u0131ra, roman, \u015fiir aras\u0131ndaki s\u0131n\u0131rlar\u0131 ihlal eden bir metne d\u00f6n\u00fc\u015f\u00fcr. \u201cHat\u0131ralar\u0131n a\u011fac\u0131n\u0131 kendi i\u00e7inde b\u00fcy\u00fctmesini o kadar iyi biliyor,\u201d diye tan\u0131mlar onun bu \u00f6zel yakla\u015f\u0131m\u0131n\u0131 Ahmet Hamdi Tanp\u0131nar.   Bo\u011fazi\u00e7i Yal\u0131lar\u0131\u2019nda Abd\u00fclhak \u015einasi Hisar, eski \u0130stanbul yal\u0131lar\u0131n\u0131n, sular etraf\u0131nda birer ruh, kimlik ve hayat ifade eden hik\u00e2yelerini anlat\u0131r. <\/p>\n","protected":false},"excerpt":{"rendered":"<p>Abd\u00fclhak \u015einasi Hisar\u2019\u0131n 1930\u2019larda yay\u0131mlamaya ba\u015flad\u0131\u011f\u0131 an\u0131lar\u0131, temel olarak \u00e7ocukluk y\u0131llar\u0131n\u0131 i\u00e7ine al\u0131r. Hoca Ali R\u0131za\u2019n\u0131n resimlerinin Proustvari etkisiyle zihninde canlanan, Sultan II. Abd\u00fclhamid\u2019in saltanat\u0131na denk<span class=\"excerpt-hellip\"> [\u2026]<\/span><\/p>\n","protected":false},"featured_media":0,"template":"","meta":{"_monsterinsights_skip_tracking":false,"_monsterinsights_sitenote_active":false,"_monsterinsights_sitenote_note":"","_monsterinsights_sitenote_category":0},"product_brand":[],"product_cat":[13701,12291],"product_tag":[],"class_list":{"0":"post-744141","1":"product","2":"type-product","3":"status-publish","5":"product_cat-ani-mektup-gunluk","6":"product_cat-edebiyat","7":"pa_cilt-ciltsiz","8":"pa_tur-kitap","9":"pa_yayinevi-everest-yayinlari","10":"pa_yazar-abdulhak-sinasi-hisar","12":"first","13":"instock","14":"sale","15":"shipping-taxable","16":"purchasable","17":"product-type-simple"},"_links":{"self":[{"href":"https:\/\/roveyayinevi.com.tr\/index.php\/wp-json\/wp\/v2\/product\/744141","targetHints":{"allow":["GET"]}}],"collection":[{"href":"https:\/\/roveyayinevi.com.tr\/index.php\/wp-json\/wp\/v2\/product"}],"about":[{"href":"https:\/\/roveyayinevi.com.tr\/index.php\/wp-json\/wp\/v2\/types\/product"}],"wp:attachment":[{"href":"https:\/\/roveyayinevi.com.tr\/index.php\/wp-json\/wp\/v2\/media?parent=744141"}],"wp:term":[{"taxonomy":"product_brand","embeddable":true,"href":"https:\/\/roveyayinevi.com.tr\/index.php\/wp-json\/wp\/v2\/product_brand?post=744141"},{"taxonomy":"product_cat","embeddable":true,"href":"https:\/\/roveyayinevi.com.tr\/index.php\/wp-json\/wp\/v2\/product_cat?post=744141"},{"taxonomy":"product_tag","embeddable":true,"href":"https:\/\/roveyayinevi.com.tr\/index.php\/wp-json\/wp\/v2\/product_tag?post=744141"}],"curies":[{"name":"wp","href":"https:\/\/api.w.org\/{rel}","templated":true}]}}