{"id":744139,"date":"2025-08-28T01:50:14","date_gmt":"2025-08-27T22:50:14","guid":{"rendered":"https:\/\/roveyayinevi.com.tr\/index.php\/urun\/ermisin-bahcesi-3\/"},"modified":"2026-04-16T02:55:43","modified_gmt":"2026-04-15T23:55:43","slug":"ermisin-bahcesi-3","status":"publish","type":"product","link":"https:\/\/roveyayinevi.com.tr\/index.php\/urun\/ermisin-bahcesi-3\/","title":{"rendered":"Ermi\u015f&#8217;in Bah\u00e7esi"},"content":{"rendered":"<p>Halil Cibran\u2019n\u0131n Ermi\u015f kitab\u0131nda kendi topraklar\u0131na d\u00f6nmek \u00fczere yola \u00e7\u0131kan El Mustafa, Ermi\u015f\u2019in Bah\u00e7esi adl\u0131 eserde yuvas\u0131na ula\u015f\u0131r. Yoklu\u011funda halk\u0131 ve m\u00fcritleri onun bilgeli\u011fine hasret kalm\u0131\u015ft\u0131r. El Mustafa\u2019n\u0131n yuvaya d\u00f6n\u00fc\u015f\u00fc, adeta ruhunun k\u00f6kenlerine kavu\u015fmas\u0131 ve bilgelik a\u015fk\u0131yla \u00e7\u0131kt\u0131\u011f\u0131 yolculu\u011fun nihayete eri\u015fidir. M\u00fcritlerinin; zaman, do\u011fa, yaln\u0131zl\u0131k, ya\u015fam, \u00f6l\u00fcm gibi konulardaki sorular\u0131n\u0131 bilgeli\u011finin verdi\u011fi a\u011f\u0131rba\u015fl\u0131l\u0131kla ele al\u0131r. El Mustafa\u2019n\u0131n kendi \u015fehrine gelerek anne ve babas\u0131n\u0131n hayattan g\u00f6\u00e7t\u00fc\u011f\u00fc bah\u00e7eye d\u00f6nmesini konu edinen kitap, Cibra\u2019n\u0131n da \u00f6l\u00fcm\u00fcnden iki y\u0131l sonra yay\u0131mland\u0131. Fakat g\u00f6r\u00fclebilir ki El Mustafa\u2019n\u0131n s\u00f6zlerinde \u00f6l\u00fcm\u00fcn h\u00fczn\u00fc de\u011fil, aksine bilgeli\u011fin \u00f6zg\u00fcrl\u00fc\u011f\u00fc ve ya\u015fam\u0131n idrakinin vakurlu\u011fu vard\u0131r. <\/p>\n","protected":false},"excerpt":{"rendered":"<p>Halil Cibran\u2019n\u0131n Ermi\u015f kitab\u0131nda kendi topraklar\u0131na d\u00f6nmek \u00fczere yola \u00e7\u0131kan El Mustafa, Ermi\u015f\u2019in Bah\u00e7esi adl\u0131 eserde yuvas\u0131na ula\u015f\u0131r. Yoklu\u011funda halk\u0131 ve m\u00fcritleri onun bilgeli\u011fine hasret kalm\u0131\u015ft\u0131r.<span class=\"excerpt-hellip\"> [\u2026]<\/span><\/p>\n","protected":false},"featured_media":0,"template":"","meta":{"_monsterinsights_skip_tracking":false,"_monsterinsights_sitenote_active":false,"_monsterinsights_sitenote_note":"","_monsterinsights_sitenote_category":0},"product_brand":[],"product_cat":[12291,12711],"product_tag":[],"class_list":{"0":"post-744139","1":"product","2":"type-product","3":"status-publish","5":"product_cat-edebiyat","6":"product_cat-roman-oyku","7":"pa_cilt-ciltsiz","8":"pa_tur-kitap","9":"pa_yayinevi-fark-yayinlari","10":"pa_yazar-halil-cibran","12":"first","13":"instock","14":"sale","15":"shipping-taxable","16":"purchasable","17":"product-type-simple"},"_links":{"self":[{"href":"https:\/\/roveyayinevi.com.tr\/index.php\/wp-json\/wp\/v2\/product\/744139","targetHints":{"allow":["GET"]}}],"collection":[{"href":"https:\/\/roveyayinevi.com.tr\/index.php\/wp-json\/wp\/v2\/product"}],"about":[{"href":"https:\/\/roveyayinevi.com.tr\/index.php\/wp-json\/wp\/v2\/types\/product"}],"wp:attachment":[{"href":"https:\/\/roveyayinevi.com.tr\/index.php\/wp-json\/wp\/v2\/media?parent=744139"}],"wp:term":[{"taxonomy":"product_brand","embeddable":true,"href":"https:\/\/roveyayinevi.com.tr\/index.php\/wp-json\/wp\/v2\/product_brand?post=744139"},{"taxonomy":"product_cat","embeddable":true,"href":"https:\/\/roveyayinevi.com.tr\/index.php\/wp-json\/wp\/v2\/product_cat?post=744139"},{"taxonomy":"product_tag","embeddable":true,"href":"https:\/\/roveyayinevi.com.tr\/index.php\/wp-json\/wp\/v2\/product_tag?post=744139"}],"curies":[{"name":"wp","href":"https:\/\/api.w.org\/{rel}","templated":true}]}}