{"id":744137,"date":"2025-08-28T01:50:11","date_gmt":"2025-08-27T22:50:11","guid":{"rendered":"https:\/\/roveyayinevi.com.tr\/index.php\/urun\/haci-bektas-i-veli\/"},"modified":"2026-04-16T02:55:43","modified_gmt":"2026-04-15T23:55:43","slug":"haci-bektas-i-veli","status":"publish","type":"product","link":"https:\/\/roveyayinevi.com.tr\/index.php\/urun\/haci-bektas-i-veli\/","title":{"rendered":"Hac\u0131 Bekta\u015f-\u0131 Veli"},"content":{"rendered":"<p>\u2018\u2018Ey dervi\u015f! Dervi\u015flik h\u0131rkas\u0131n\u0131 \u00f6yle giy ki , topluma kar\u015f\u0131 senin i\u00e7inde ki b\u00fcy\u00fcklenmeyi ve b\u00f6b\u00fcrlenmeyi senin do\u011fanda yaks\u0131n. Aksine , o hastal\u0131klar\u0131n ate\u015fi alevlensin .Yeme\u011fi \u00f6yle ye ki , sen onu kolayca sindirip yararlans\u0131n. Yani hepsi sana nur olsun .Aksine sana zorluk getirmi\u015f olmas\u0131n.\u2019\u2019 \u2018\u2018Tanr\u01312ya kar\u015f\u0131 do\u011fruluk, halka kar\u015f\u0131 insaf, b\u00fcy\u00fcklere hizmet ,el alt\u0131ndakilere sevecenlik , d\u00fc\u015fmanlara yumu\u015fakl\u0131k, dostlara sevgi ve vefa ,nefsine d\u00fczen , devi\u015flere c\u00f6mertlik,bilginlere al\u00e7ak g\u00f6n\u00fcll\u00fcl\u00fck, cahilllere suskunlukla g\u00f6r\u00fcn.\u2019\u2019 \u2018\u2018Hac\u0131 Bekta\u015f-\u0131 Veli, Rum \u00fclkesine g\u00fcvercin donunda gelir.Hac\u0131 Do\u011frul ad\u0131ndaki eren onun \u00fcst\u00fcne do\u011fan \u015fekilde gider. Hac\u0131 Bekta\u015f-\u0131 Veli silkinir. \u0130nsan olur.Onu bo\u011faz\u0131ndan yakalar, s\u0131kar. Bir zaman akl\u0131 ba\u015f\u0131ndan giden do\u011frul, kendine gelince \u00f6z\u00fcr diler .Hac\u0131 Bekta\u015f-\u0131 Veli \u2018Biz size mazlum donunda geldik, siz bizi zalim donunda kar\u015f\u0131lad\u0131n\u0131z;er eri  b\u00f6yle kar\u015f\u0131lamaz.G\u00fcvercinden fazla mazlumnu bulsayd\u0131k onun donuna urunur \u00f6yle gelirdik \u2018der.\u2019\u2019 <\/p>\n","protected":false},"excerpt":{"rendered":"<p>\u2018\u2018Ey dervi\u015f! Dervi\u015flik h\u0131rkas\u0131n\u0131 \u00f6yle giy ki , topluma kar\u015f\u0131 senin i\u00e7inde ki b\u00fcy\u00fcklenmeyi ve b\u00f6b\u00fcrlenmeyi senin do\u011fanda yaks\u0131n. Aksine , o hastal\u0131klar\u0131n ate\u015fi alevlensin .Yeme\u011fi<span class=\"excerpt-hellip\"> [\u2026]<\/span><\/p>\n","protected":false},"featured_media":0,"template":"","meta":{"_monsterinsights_skip_tracking":false,"_monsterinsights_sitenote_active":false,"_monsterinsights_sitenote_note":"","_monsterinsights_sitenote_category":0},"product_brand":[],"product_cat":[14009,12291],"product_tag":[],"class_list":{"0":"post-744137","1":"product","2":"type-product","3":"status-publish","5":"product_cat-biyografi-otobiyografi-edebiyat","6":"product_cat-edebiyat","7":"pa_cilt-ciltsiz","8":"pa_tur-kitap","9":"pa_yayinevi-kirmizi-ada-yayinlari","10":"pa_yazar-nazim-soylu","12":"first","13":"instock","14":"sale","15":"shipping-taxable","16":"purchasable","17":"product-type-simple"},"_links":{"self":[{"href":"https:\/\/roveyayinevi.com.tr\/index.php\/wp-json\/wp\/v2\/product\/744137","targetHints":{"allow":["GET"]}}],"collection":[{"href":"https:\/\/roveyayinevi.com.tr\/index.php\/wp-json\/wp\/v2\/product"}],"about":[{"href":"https:\/\/roveyayinevi.com.tr\/index.php\/wp-json\/wp\/v2\/types\/product"}],"wp:attachment":[{"href":"https:\/\/roveyayinevi.com.tr\/index.php\/wp-json\/wp\/v2\/media?parent=744137"}],"wp:term":[{"taxonomy":"product_brand","embeddable":true,"href":"https:\/\/roveyayinevi.com.tr\/index.php\/wp-json\/wp\/v2\/product_brand?post=744137"},{"taxonomy":"product_cat","embeddable":true,"href":"https:\/\/roveyayinevi.com.tr\/index.php\/wp-json\/wp\/v2\/product_cat?post=744137"},{"taxonomy":"product_tag","embeddable":true,"href":"https:\/\/roveyayinevi.com.tr\/index.php\/wp-json\/wp\/v2\/product_tag?post=744137"}],"curies":[{"name":"wp","href":"https:\/\/api.w.org\/{rel}","templated":true}]}}