{"id":744135,"date":"2025-08-28T01:50:08","date_gmt":"2025-08-27T22:50:08","guid":{"rendered":"https:\/\/roveyayinevi.com.tr\/index.php\/urun\/hos-sedalar\/"},"modified":"2026-04-16T02:55:43","modified_gmt":"2026-04-15T23:55:43","slug":"hos-sedalar","status":"publish","type":"product","link":"https:\/\/roveyayinevi.com.tr\/index.php\/urun\/hos-sedalar\/","title":{"rendered":"Ho\u015f Sedalar"},"content":{"rendered":"<p>\u015eiirimizin bir tarz\u0131 olan akrosti\u015f sanat\u0131n\u0131; ya yak\u0131ndan tan\u0131d\u0131\u011f\u0131m ve te\u015frik-i mesaide bulundu\u011fum baz\u0131 g\u00fczel insanlar i\u00e7in, ya da eserleriyle ve bende b\u0131rakt\u0131\u011f\u0131 olumlu izlenimlerle uzaktan tan\u0131d\u0131\u011f\u0131m ve de sevdi\u011fim de\u011ferli insanlar i\u00e7in icra etmeye \u00e7al\u0131\u015ft\u0131m.   Bu hususta tercih genellikle taraf\u0131mdan yap\u0131lm\u0131\u015ft\u0131r. Bu ifadeden de anla\u015f\u0131laca\u011f\u0131 \u00fczere bazen talepler de s\u00f6z konusu olmu\u015ftur. Ger\u00e7ek \u015fu ki, burada bahsi ge\u00e7en t\u00fcm g\u00fczel insanlar i\u00e7in yaz\u0131lanlar, yazd\u0131\u011f\u0131m tarih itibariyle bana ait ifadeler ve o ki\u015fiye ait g\u00f6zlemlerim ve tespitlerimdir. Zorlama ve zorlanma s\u00f6z konusu de\u011fildir. Bu \u00e7al\u0131\u015fmalar\u0131m\u0131 \u201cHo\u015f Sedalar\u201d ismini verdi\u011fimiz bu kitab\u0131n ilk k\u0131sm\u0131nda \u201cAkrosti\u015fler\u201d ad\u0131 alt\u0131nda siz de\u011ferli okuyucular\u0131ma sundum. Ayr\u0131ca, Do\u00e7. Dr. Zeki G\u00dcREL dostumun \u00f6nerisi ile az da olsa baz\u0131 kavramlarla ilgili akrosti\u015f \u00e7al\u0131\u015fmalar\u0131m da olmu\u015ftur. Onlar\u0131 da ayn\u0131 k\u0131s\u0131mda sizlerle payla\u015ft\u0131m.   Akrosti\u015f d\u0131\u015f\u0131nda, konusu baz\u0131 insanlara \u00f6zel, d\u00f6rtl\u00fck ya da beyitler \u015feklindeki \u00e7al\u0131\u015fmalar\u0131m da \u201cBahse \u00d6zne Olanlar\u201d b\u00f6l\u00fcm\u00fc ad\u0131 alt\u0131nda bu kitapta yer alm\u0131\u015ft\u0131r. B\u00fct\u00fcn bunlar var olan duygular\u0131m\u0131n d\u0131\u015fa vurumu, o ki\u015filer ve kavramlar hakk\u0131nda bende olu\u015fan izlenim ve \u00e7a\u011fr\u0131\u015f\u0131mlar\u0131n payla\u015f\u0131lma ve s\u00f6zle ifade durumudur.   Ama\u00e7, farkl\u0131 karakterlerin toplumsal boyutuna temas ederek, \u00f6rnek verme ve model olma \u00f6l\u00e7e\u011findeki insanlar\u0131n \u00f6zelliklerini yine sosyal fayda ad\u0131na payla\u015fmad\u0131r. Ba\u015fka bir gaye ise, k\u00fclt\u00fcrel de\u011ferleri ta\u015f\u0131ma g\u00f6revini yapma ve toplumla tan\u0131\u015ft\u0131rmad\u0131r.  <\/p>\n","protected":false},"excerpt":{"rendered":"<p>\u015eiirimizin bir tarz\u0131 olan akrosti\u015f sanat\u0131n\u0131; ya yak\u0131ndan tan\u0131d\u0131\u011f\u0131m ve te\u015frik-i mesaide bulundu\u011fum baz\u0131 g\u00fczel insanlar i\u00e7in, ya da eserleriyle ve bende b\u0131rakt\u0131\u011f\u0131 olumlu izlenimlerle uzaktan<span class=\"excerpt-hellip\"> [\u2026]<\/span><\/p>\n","protected":false},"featured_media":0,"template":"","meta":{"_monsterinsights_skip_tracking":false,"_monsterinsights_sitenote_active":false,"_monsterinsights_sitenote_note":"","_monsterinsights_sitenote_category":0},"product_brand":[],"product_cat":[12291,12509],"product_tag":[],"class_list":{"0":"post-744135","1":"product","2":"type-product","3":"status-publish","5":"product_cat-edebiyat","6":"product_cat-siir","7":"pa_cilt-ciltsiz","8":"pa_tur-kitap","9":"pa_yayinevi-gulnar-yayinlari","10":"pa_yazar-abdulkadir-gullu","12":"first","13":"instock","14":"sale","15":"shipping-taxable","16":"purchasable","17":"product-type-simple"},"_links":{"self":[{"href":"https:\/\/roveyayinevi.com.tr\/index.php\/wp-json\/wp\/v2\/product\/744135","targetHints":{"allow":["GET"]}}],"collection":[{"href":"https:\/\/roveyayinevi.com.tr\/index.php\/wp-json\/wp\/v2\/product"}],"about":[{"href":"https:\/\/roveyayinevi.com.tr\/index.php\/wp-json\/wp\/v2\/types\/product"}],"wp:attachment":[{"href":"https:\/\/roveyayinevi.com.tr\/index.php\/wp-json\/wp\/v2\/media?parent=744135"}],"wp:term":[{"taxonomy":"product_brand","embeddable":true,"href":"https:\/\/roveyayinevi.com.tr\/index.php\/wp-json\/wp\/v2\/product_brand?post=744135"},{"taxonomy":"product_cat","embeddable":true,"href":"https:\/\/roveyayinevi.com.tr\/index.php\/wp-json\/wp\/v2\/product_cat?post=744135"},{"taxonomy":"product_tag","embeddable":true,"href":"https:\/\/roveyayinevi.com.tr\/index.php\/wp-json\/wp\/v2\/product_tag?post=744135"}],"curies":[{"name":"wp","href":"https:\/\/api.w.org\/{rel}","templated":true}]}}