{"id":744132,"date":"2025-08-28T01:50:05","date_gmt":"2025-08-27T22:50:05","guid":{"rendered":"https:\/\/roveyayinevi.com.tr\/index.php\/urun\/tum-beyin-ile-yasam\/"},"modified":"2026-04-16T02:55:42","modified_gmt":"2026-04-15T23:55:42","slug":"tum-beyin-ile-yasam","status":"publish","type":"product","link":"https:\/\/roveyayinevi.com.tr\/index.php\/urun\/tum-beyin-ile-yasam\/","title":{"rendered":"T\u00fcm Beyin ile Ya\u015fam"},"content":{"rendered":"<p>Yar\u0131m y\u00fczy\u0131l boyunca sa\u011f beyin yar\u0131m k\u00fcremizin duygusal beynimiz, sol beyin yar\u0131m k\u00fcremizin de rasyonel d\u00fc\u015f\u00fcnen beynimiz oldu\u011funa inanmak \u00fczere e\u011fitildik. H\u00e2lbuki duygusal limbik dokular beynimizin iki yar\u0131m k\u00fcresi aras\u0131nda e\u015fit \u015fekilde da\u011f\u0131lm\u0131\u015f durumdad\u0131r. Dolay\u0131s\u0131yla her bir yar\u0131m k\u00fcre hem hisseden hem de d\u00fc\u015f\u00fcnen birer beyne sahiptir.   Dr. Jill Bolte Taylor, T\u00fcm Beyin ile Ya\u015fam isimli bu kitab\u0131nda birbirinden \u00e7ok farkl\u0131 olan bu h\u00fccre mod\u00fcllerini bizi biz yapan D\u00f6rt Karakter olarak sunmaktad\u0131r. Bu D\u00f6rt Karakterin her biri belirli yetenekleri sergilemekte, belirli duygular\u0131 hissetmekte veya kendine has d\u00fc\u015f\u00fcnceler d\u00fc\u015f\u00fcnmektedir. Ayr\u0131ca Dr. Taylor, i\u00e7imizdeki farkl\u0131 karakterleri ortaya \u00e7\u0131kar\u0131rken istedi\u011fimiz zaman bu karakterlerin hangisi olaca\u011f\u0131m\u0131z\u0131, nas\u0131l davranaca\u011f\u0131m\u0131z\u0131 se\u00e7ebilmemiz ve onlar\u0131 ba\u015fkalar\u0131nda fark edip onlarla ili\u015fki kurabilmemiz i\u00e7in gerekli ara\u00e7lar\u0131 da anlatmaktad\u0131r.   Kendimizin ve ba\u015fkalar\u0131n\u0131n D\u00f6rt Karakterine a\u015final\u0131\u011f\u0131m\u0131z artt\u0131k\u00e7a d\u00fc\u015f\u00fcncelerimiz, duygular\u0131m\u0131z, ili\u015fkilerimiz ve hayatlar\u0131m\u0131z \u00fczerinde daha fazla g\u00fc\u00e7 kazan\u0131r\u0131z. Asl\u0131nda her an\u0131m\u0131zda kim ve nas\u0131l olaca\u011f\u0131m\u0131z\u0131 se\u00e7me g\u00fcc\u00fcne sahip oldu\u011fumuzu ke\u015ffederiz. D\u00f6rt Karakterimiz birlikte \u00e7al\u0131\u015f\u0131p t\u00fcm beyin olarak birbirini dengeledi\u011finde de kendimizin en iyi haline gelebilir, en iyi hayatlar\u0131m\u0131z\u0131 ya\u015fayabiliriz. <\/p>\n","protected":false},"excerpt":{"rendered":"<p>Yar\u0131m y\u00fczy\u0131l boyunca sa\u011f beyin yar\u0131m k\u00fcremizin duygusal beynimiz, sol beyin yar\u0131m k\u00fcremizin de rasyonel d\u00fc\u015f\u00fcnen beynimiz oldu\u011funa inanmak \u00fczere e\u011fitildik. H\u00e2lbuki duygusal limbik dokular beynimizin<span class=\"excerpt-hellip\"> [\u2026]<\/span><\/p>\n","protected":false},"featured_media":0,"template":"","meta":{"_monsterinsights_skip_tracking":false,"_monsterinsights_sitenote_active":false,"_monsterinsights_sitenote_note":"","_monsterinsights_sitenote_category":0},"product_brand":[],"product_cat":[13005,13006],"product_tag":[],"class_list":{"0":"post-744132","1":"product","2":"type-product","3":"status-publish","5":"product_cat-bilim-muhendislik","6":"product_cat-populer-bilim","7":"pa_cilt-ciltsiz","8":"pa_tur-kitap","9":"pa_yayinevi-tuti-kitap","10":"pa_yazar-jill-bolte-taylor","12":"first","13":"instock","14":"sale","15":"shipping-taxable","16":"purchasable","17":"product-type-simple"},"_links":{"self":[{"href":"https:\/\/roveyayinevi.com.tr\/index.php\/wp-json\/wp\/v2\/product\/744132","targetHints":{"allow":["GET"]}}],"collection":[{"href":"https:\/\/roveyayinevi.com.tr\/index.php\/wp-json\/wp\/v2\/product"}],"about":[{"href":"https:\/\/roveyayinevi.com.tr\/index.php\/wp-json\/wp\/v2\/types\/product"}],"wp:attachment":[{"href":"https:\/\/roveyayinevi.com.tr\/index.php\/wp-json\/wp\/v2\/media?parent=744132"}],"wp:term":[{"taxonomy":"product_brand","embeddable":true,"href":"https:\/\/roveyayinevi.com.tr\/index.php\/wp-json\/wp\/v2\/product_brand?post=744132"},{"taxonomy":"product_cat","embeddable":true,"href":"https:\/\/roveyayinevi.com.tr\/index.php\/wp-json\/wp\/v2\/product_cat?post=744132"},{"taxonomy":"product_tag","embeddable":true,"href":"https:\/\/roveyayinevi.com.tr\/index.php\/wp-json\/wp\/v2\/product_tag?post=744132"}],"curies":[{"name":"wp","href":"https:\/\/api.w.org\/{rel}","templated":true}]}}