{"id":744131,"date":"2025-08-28T01:50:04","date_gmt":"2025-08-27T22:50:04","guid":{"rendered":"https:\/\/roveyayinevi.com.tr\/index.php\/urun\/ifa-insanin-fabrika-ayarlari-genisletilmis-yeni-baski\/"},"modified":"2026-04-16T02:55:42","modified_gmt":"2026-04-15T23:55:42","slug":"ifa-insanin-fabrika-ayarlari-genisletilmis-yeni-baski","status":"publish","type":"product","link":"https:\/\/roveyayinevi.com.tr\/index.php\/urun\/ifa-insanin-fabrika-ayarlari-genisletilmis-yeni-baski\/","title":{"rendered":"\u0130FA &#8211; \u0130nsan\u0131n Fabrika Ayarlar\u0131 (Geni\u015fletilmi\u015f Yeni Bask\u0131)"},"content":{"rendered":"<p>Hepimiz \u201cdaha do\u011fru ya\u015famaya\u201d \u00e7al\u0131\u015f\u0131yoruz. S\u00fcrekli \u00f6\u011frenme pe\u015findeyiz ama gittik\u00e7e geni\u015fleyen bilgi havuzundan \u00e7o\u011fu zaman do\u011frular\u0131 se\u00e7emiyoruz. Uzmanlar da s\u0131kl\u0131kla g\u00f6r\u00fc\u015f ayr\u0131l\u0131\u011f\u0131na d\u00fc\u015f\u00fcyorlar. Konu \u201cinsan\u201d iken, bilim de bu kadar a\u00e7\u0131k ve net bir ara\u00e7ken bu kadar anla\u015fmazl\u0131k nereden geliyor?   Elinizdeki kitap, insanl\u0131\u011f\u0131n gereklerini \u0130FA edebilmek i\u00e7in, bilimsel ger\u00e7eklere farkl\u0131 bir \u00e7er\u00e7eve \u00f6neriyor. \u0130nsan\u0131n Fabrika Ayarlar\u0131, kendinizi ba\u015fka bir bak\u0131\u015f a\u00e7\u0131s\u0131ndan bir kez daha anlamaya davet ediyor.   \u00b7         \u0130nsan neden bu kadar \u00e7\u0131plak ve aciz? \u00b7         Bedensel ihtiya\u00e7lar\u0131 kar\u015f\u0131lanan insan neden mutlu olam\u0131yor? \u00b7         Y\u00fcz y\u0131l \u00f6nceki insanlar\u0131n bilmedi\u011fi bunca yeni \u201c\u00f6l\u00fcm nedeni\u201d nereden \u00e7\u0131kt\u0131? \u00b7         Neden hareketsiz kal\u0131nca hastalan\u0131yoruz? \u00b7         Fazla yemek bize neden iyi gelmiyor? \u00b7         Yaln\u0131z kal\u0131nca neden erken \u00f6l\u00fcyoruz? \u00b7         Bedenin stres tepkileri, t\u00fcm hayvanlar\u0131n hayatta kalmas\u0131na yard\u0131mc\u0131 olurken, bizi neden bu kadar yoruyor; hatta hasta edip \u00f6ld\u00fcrebiliyor? \u00b7         S\u0131n\u0131rlar\u0131n\u0131 a\u015famayan, zihnini ve bedenini zorlamayan insanlar neden bunal\u0131ma giriyor? \u00b7         Yarat\u0131l\u0131\u015f\u0131m\u0131za uygun bir ya\u015fam kurmak ve bunu s\u00fcrekli hale getirmek bu kadar zor mu?   Bu kitap, bu ve benzeri sorular\u0131n cevaplar\u0131n\u0131 vermekten ziyade kendiniz i\u00e7in en do\u011fru cevaplar\u0131 bizzat sizin bulabilmeniz i\u00e7in yaz\u0131ld\u0131. Bundan sonras\u0131 ise size kal\u0131yor.   Kendinize iyi bak\u0131n, g\u00f6receksiniz\u2026<\/p>\n","protected":false},"excerpt":{"rendered":"<p>Hepimiz \u201cdaha do\u011fru ya\u015famaya\u201d \u00e7al\u0131\u015f\u0131yoruz. S\u00fcrekli \u00f6\u011frenme pe\u015findeyiz ama gittik\u00e7e geni\u015fleyen bilgi havuzundan \u00e7o\u011fu zaman do\u011frular\u0131 se\u00e7emiyoruz. Uzmanlar da s\u0131kl\u0131kla g\u00f6r\u00fc\u015f ayr\u0131l\u0131\u011f\u0131na d\u00fc\u015f\u00fcyorlar. Konu \u201cinsan\u201d iken,<span class=\"excerpt-hellip\"> [\u2026]<\/span><\/p>\n","protected":false},"featured_media":0,"template":"","meta":{"_monsterinsights_skip_tracking":false,"_monsterinsights_sitenote_active":false,"_monsterinsights_sitenote_note":"","_monsterinsights_sitenote_category":0},"product_brand":[],"product_cat":[13005,13006],"product_tag":[],"class_list":{"0":"post-744131","1":"product","2":"type-product","3":"status-publish","5":"product_cat-bilim-muhendislik","6":"product_cat-populer-bilim","7":"pa_cilt-ciltsiz","8":"pa_tur-kitap","9":"pa_yayinevi-tuti-kitap","10":"pa_yazar-sinan-canan","12":"first","13":"instock","14":"sale","15":"shipping-taxable","16":"purchasable","17":"product-type-simple"},"_links":{"self":[{"href":"https:\/\/roveyayinevi.com.tr\/index.php\/wp-json\/wp\/v2\/product\/744131","targetHints":{"allow":["GET"]}}],"collection":[{"href":"https:\/\/roveyayinevi.com.tr\/index.php\/wp-json\/wp\/v2\/product"}],"about":[{"href":"https:\/\/roveyayinevi.com.tr\/index.php\/wp-json\/wp\/v2\/types\/product"}],"wp:attachment":[{"href":"https:\/\/roveyayinevi.com.tr\/index.php\/wp-json\/wp\/v2\/media?parent=744131"}],"wp:term":[{"taxonomy":"product_brand","embeddable":true,"href":"https:\/\/roveyayinevi.com.tr\/index.php\/wp-json\/wp\/v2\/product_brand?post=744131"},{"taxonomy":"product_cat","embeddable":true,"href":"https:\/\/roveyayinevi.com.tr\/index.php\/wp-json\/wp\/v2\/product_cat?post=744131"},{"taxonomy":"product_tag","embeddable":true,"href":"https:\/\/roveyayinevi.com.tr\/index.php\/wp-json\/wp\/v2\/product_tag?post=744131"}],"curies":[{"name":"wp","href":"https:\/\/api.w.org\/{rel}","templated":true}]}}