{"id":744130,"date":"2025-08-28T01:50:03","date_gmt":"2025-08-27T22:50:03","guid":{"rendered":"https:\/\/roveyayinevi.com.tr\/index.php\/urun\/marx-plajda\/"},"modified":"2026-04-16T02:55:42","modified_gmt":"2026-04-15T23:55:42","slug":"marx-plajda","status":"publish","type":"product","link":"https:\/\/roveyayinevi.com.tr\/index.php\/urun\/marx-plajda\/","title":{"rendered":"Marx Plajda"},"content":{"rendered":"<p>Neden Marx ve eserleri h\u00e2l\u00e2 bu kadar g\u00fcncel? D\u00fcnyan\u0131n en \u00fcnl\u00fc filozoflar\u0131ndan Karl Marx do\u011fumundan iki y\u00fczy\u0131l sonra bile g\u00f6zard\u0131 edilemez bir referans olmaya devam ediyor. En bilindik eserleri, Kom\u00fcnist Parti Manifestosu ve Kapital\u2019le y\u0131llard\u0131r farkl\u0131 bilim dallar\u0131n\u0131 etkisi alt\u0131na alm\u0131\u015f durumda. BMarx ve miras\u00e7\u0131lar\u0131n\u0131 okumak g\u00fcn\u00fcm\u00fcz d\u00fcnyas\u0131nda, farkl\u0131 politik ve ekonomik sorunlar\u0131 anlamland\u0131rman\u0131n kap\u0131lar\u0131ndan biri. Jean-Numa Ducange, bu kitab\u0131nda Karl Marx\u2019\u0131n hayat\u0131n\u0131, ba\u015fl\u0131ca eserlerini ve g\u00fcn\u00fcm\u00fcze kadar devam eden etkilerini inceliyor. \u201cMarx\u2019la bir gelecek m\u00fcmk\u00fcn m\u00fcd\u00fcr?\u201d diye soran yazar, size Marx\u2019\u0131n Kapital\u2019ini ve kom\u00fcnizmi anlamak i\u00e7in keyifli bir yolculu\u011fa \u00e7a\u011f\u0131r\u0131yor. B\u00fct\u00fcn okurlar birle\u015fin&#8230;<\/p>\n","protected":false},"excerpt":{"rendered":"<p>Neden Marx ve eserleri h\u00e2l\u00e2 bu kadar g\u00fcncel? D\u00fcnyan\u0131n en \u00fcnl\u00fc filozoflar\u0131ndan Karl Marx do\u011fumundan iki y\u00fczy\u0131l sonra bile g\u00f6zard\u0131 edilemez bir referans olmaya devam ediyor.<span class=\"excerpt-hellip\"> [\u2026]<\/span><\/p>\n","protected":false},"featured_media":0,"template":"","meta":{"_monsterinsights_skip_tracking":false,"_monsterinsights_sitenote_active":false,"_monsterinsights_sitenote_note":"","_monsterinsights_sitenote_category":0},"product_brand":[],"product_cat":[16038,12388],"product_tag":[],"class_list":{"0":"post-744130","1":"product","2":"type-product","3":"status-publish","5":"product_cat-arastirma-inceleme-referans-felsefe","6":"product_cat-felsefe","7":"pa_cilt-ciltsiz","8":"pa_tur-kitap","9":"pa_yayinevi-alfa-yayinlari","10":"pa_yazar-jean-numa-ducange","12":"first","13":"instock","14":"sale","15":"shipping-taxable","16":"purchasable","17":"product-type-simple"},"_links":{"self":[{"href":"https:\/\/roveyayinevi.com.tr\/index.php\/wp-json\/wp\/v2\/product\/744130","targetHints":{"allow":["GET"]}}],"collection":[{"href":"https:\/\/roveyayinevi.com.tr\/index.php\/wp-json\/wp\/v2\/product"}],"about":[{"href":"https:\/\/roveyayinevi.com.tr\/index.php\/wp-json\/wp\/v2\/types\/product"}],"wp:attachment":[{"href":"https:\/\/roveyayinevi.com.tr\/index.php\/wp-json\/wp\/v2\/media?parent=744130"}],"wp:term":[{"taxonomy":"product_brand","embeddable":true,"href":"https:\/\/roveyayinevi.com.tr\/index.php\/wp-json\/wp\/v2\/product_brand?post=744130"},{"taxonomy":"product_cat","embeddable":true,"href":"https:\/\/roveyayinevi.com.tr\/index.php\/wp-json\/wp\/v2\/product_cat?post=744130"},{"taxonomy":"product_tag","embeddable":true,"href":"https:\/\/roveyayinevi.com.tr\/index.php\/wp-json\/wp\/v2\/product_tag?post=744130"}],"curies":[{"name":"wp","href":"https:\/\/api.w.org\/{rel}","templated":true}]}}