{"id":744129,"date":"2025-08-28T01:50:02","date_gmt":"2025-08-27T22:50:02","guid":{"rendered":"https:\/\/roveyayinevi.com.tr\/index.php\/urun\/liberteryenizm-el-kitabi\/"},"modified":"2025-11-08T08:23:33","modified_gmt":"2025-11-08T05:23:33","slug":"liberteryenizm-el-kitabi","status":"publish","type":"product","link":"https:\/\/roveyayinevi.com.tr\/index.php\/urun\/liberteryenizm-el-kitabi\/","title":{"rendered":"Liberteryenizm El Kitab\u0131"},"content":{"rendered":"<p>Liberteryenlerin zorunlu a\u015f\u0131, bireysel silahlanma, \u0131rk\u00e7\u0131l\u0131k, g\u00f6\u00e7menler, cinsiyet e\u015fitsizli\u011fi, memurlar, liyakat ve cezaland\u0131rmalar konusunda ne d\u00fc\u015f\u00fcnd\u00fcklerini hi\u00e7 merak ettiniz mi? Kendilerini geleneksel Sa\u011f ve Sol fikirlere alternatif olarak g\u00f6rd\u00fckleri i\u00e7in yakla\u015f\u0131mlar\u0131, size bildiklerinizden \u00e7ok farkl\u0131 gelebilir. Bu nedenle burada okuduklar\u0131n\u0131z\u0131 \u00f6nce yad\u0131rgayabilir ama anlamaya ba\u015flad\u0131\u011f\u0131n\u0131zda kendinizi kay\u0131ts\u0131z kalamayaca\u011f\u0131n\u0131z farkl\u0131 bir d\u00fc\u015f\u00fcnce d\u00fcnyas\u0131n\u0131n i\u00e7inde bulabilirsiniz. Liberteryenizm, devlet otoritesinin s\u0131n\u0131rlar\u0131 ve gerek\u00e7esi ile ilgili siyas\u00ee bir yakla\u015f\u0131m olarak bilinse de esas\u0131nda ekonomi, sosyoloji, hukuk, psikoloji ve felsefe ba\u015fta olmak \u00fczere bir\u00e7ok alanda uzant\u0131lar\u0131 olan bir yakla\u015f\u0131md\u0131r. Bu kitap adalet kuramlar\u0131, toplumsal kurumlar, ahl\u00e2k, kamu d\u00fczeni ve politik ekonomi \u00fczerine liberteryen (bazen klasik liberal olarak da adland\u0131r\u0131l\u0131r) d\u00fc\u015f\u00fcnceleri ara\u015ft\u0131r\u0131r. Bu kitap, konulara tek tarafl\u0131 yakla\u015fm\u0131yor: Liberteryenlerin neleri do\u011fru ve neleri yanl\u0131\u015f d\u00fc\u015f\u00fcnd\u00fckleri anlat\u0131l\u0131yor. Okuyucuya bir \u00f6\u011f\u00fct verilmiyor, bunun yerine liberteryen alternatifi ke\u015ffetme yollar\u0131 g\u00f6steriliyor ve nihayetinde liberteryenizmin neden \u00f6nemli oldu\u011funu yeniden d\u00fc\u015f\u00fcnme imk\u00e2n\u0131 sa\u011fl\u0131yor.  Bu kitapta neler var? \u00b7 Liberteryenlerin kar\u015f\u0131la\u015ft\u0131\u011f\u0131 en derin sorunlar\u00b7 M\u00fclkiyeti ve piyasay\u0131 do\u011fru d\u00fc\u015f\u00fcnmenin yolu\u00b7 Devletin birey ve sivil toplumla kurdu\u011fu ili\u015fki\u00b7 Liberteryenlerin g\u00f6\u00e7men ve m\u00fcltecilere bak\u0131\u015f\u0131\u00b7 Din ve piyasa ili\u015fkisine liberteryen bak\u0131\u015f a\u00e7\u0131s\u0131 <\/p>\n","protected":false},"excerpt":{"rendered":"<p>Liberteryenlerin zorunlu a\u015f\u0131, bireysel silahlanma, \u0131rk\u00e7\u0131l\u0131k, g\u00f6\u00e7menler, cinsiyet e\u015fitsizli\u011fi, memurlar, liyakat ve cezaland\u0131rmalar konusunda ne d\u00fc\u015f\u00fcnd\u00fcklerini hi\u00e7 merak ettiniz mi? Kendilerini geleneksel Sa\u011f ve Sol fikirlere<span class=\"excerpt-hellip\"> [\u2026]<\/span><\/p>\n","protected":false},"featured_media":0,"template":"","meta":{"_monsterinsights_skip_tracking":false,"_monsterinsights_sitenote_active":false,"_monsterinsights_sitenote_note":"","_monsterinsights_sitenote_category":0},"product_brand":[],"product_cat":[13590,12337],"product_tag":[],"class_list":{"0":"post-744129","1":"product","2":"type-product","3":"status-publish","5":"product_cat-arastirma-inceleme-politika-siyaset","6":"product_cat-politika-siyaset","7":"pa_cilt-ciltsiz","8":"pa_tur-kitap","9":"pa_yayinevi-episteme-yayinlari","10":"pa_yazar-kolektif","12":"first","13":"instock","14":"sale","15":"shipping-taxable","16":"purchasable","17":"product-type-simple"},"_links":{"self":[{"href":"https:\/\/roveyayinevi.com.tr\/index.php\/wp-json\/wp\/v2\/product\/744129","targetHints":{"allow":["GET"]}}],"collection":[{"href":"https:\/\/roveyayinevi.com.tr\/index.php\/wp-json\/wp\/v2\/product"}],"about":[{"href":"https:\/\/roveyayinevi.com.tr\/index.php\/wp-json\/wp\/v2\/types\/product"}],"wp:attachment":[{"href":"https:\/\/roveyayinevi.com.tr\/index.php\/wp-json\/wp\/v2\/media?parent=744129"}],"wp:term":[{"taxonomy":"product_brand","embeddable":true,"href":"https:\/\/roveyayinevi.com.tr\/index.php\/wp-json\/wp\/v2\/product_brand?post=744129"},{"taxonomy":"product_cat","embeddable":true,"href":"https:\/\/roveyayinevi.com.tr\/index.php\/wp-json\/wp\/v2\/product_cat?post=744129"},{"taxonomy":"product_tag","embeddable":true,"href":"https:\/\/roveyayinevi.com.tr\/index.php\/wp-json\/wp\/v2\/product_tag?post=744129"}],"curies":[{"name":"wp","href":"https:\/\/api.w.org\/{rel}","templated":true}]}}