{"id":744124,"date":"2025-08-28T01:49:56","date_gmt":"2025-08-27T22:49:56","guid":{"rendered":"https:\/\/roveyayinevi.com.tr\/index.php\/urun\/omrumun-goykursagi\/"},"modified":"2026-04-16T02:55:42","modified_gmt":"2026-04-15T23:55:42","slug":"omrumun-goykursagi","status":"publish","type":"product","link":"https:\/\/roveyayinevi.com.tr\/index.php\/urun\/omrumun-goykursagi\/","title":{"rendered":"\u00d6mr\u00fcm\u00fcn G\u00f6ykur\u015fa\u011f\u0131"},"content":{"rendered":"<p>Ya\u015famla \u00f6l\u00fcm\u00fcn bulu\u015fmas\u0131nda zaferlerin ya\u015fam oldu\u011fu durumlarda,asl\u0131nda \u00f6l\u00fcm sadece b\u00fcy\u00fckl\u00fck edip bir s\u00fcreli\u011fine,tekrar gelmek \u00fczere gider.O zaman ger\u00e7ek ZAFER nedir yada ger\u00e7ek KAZANAN kimdir yada zaferler u\u011fruna \u00f6len kahramanlar YA\u015eAMIN m\u0131 yoksa ya\u015fama izin veren \u00d6L\u00dcM\u00dcN m\u00fc kahramanlar\u0131d\u0131r? \u0130nsan bu sorular\u0131n yan\u0131t\u0131n\u0131 buldu\u011funda SAVA\u015eIN de\u011fil ..Ya\u015farken ya\u015fatan BARI\u015eIN kahraman\u0131 olacakt\u0131r.<\/p>\n","protected":false},"excerpt":{"rendered":"<p>Ya\u015famla \u00f6l\u00fcm\u00fcn bulu\u015fmas\u0131nda zaferlerin ya\u015fam oldu\u011fu durumlarda,asl\u0131nda \u00f6l\u00fcm sadece b\u00fcy\u00fckl\u00fck edip bir s\u00fcreli\u011fine,tekrar gelmek \u00fczere gider.O zaman ger\u00e7ek ZAFER nedir yada ger\u00e7ek KAZANAN kimdir yada zaferler<span class=\"excerpt-hellip\"> [\u2026]<\/span><\/p>\n","protected":false},"featured_media":0,"template":"","meta":{"_monsterinsights_skip_tracking":false,"_monsterinsights_sitenote_active":false,"_monsterinsights_sitenote_note":"","_monsterinsights_sitenote_category":0},"product_brand":[],"product_cat":[12291,12509],"product_tag":[],"class_list":{"0":"post-744124","1":"product","2":"type-product","3":"status-publish","5":"product_cat-edebiyat","6":"product_cat-siir","7":"pa_cilt-ciltsiz","8":"pa_tur-kitap","9":"pa_yayinevi-platanus-publishing","10":"pa_yazar-nilgun-zahiroglu","12":"first","13":"instock","14":"sale","15":"shipping-taxable","16":"purchasable","17":"product-type-simple"},"_links":{"self":[{"href":"https:\/\/roveyayinevi.com.tr\/index.php\/wp-json\/wp\/v2\/product\/744124","targetHints":{"allow":["GET"]}}],"collection":[{"href":"https:\/\/roveyayinevi.com.tr\/index.php\/wp-json\/wp\/v2\/product"}],"about":[{"href":"https:\/\/roveyayinevi.com.tr\/index.php\/wp-json\/wp\/v2\/types\/product"}],"wp:attachment":[{"href":"https:\/\/roveyayinevi.com.tr\/index.php\/wp-json\/wp\/v2\/media?parent=744124"}],"wp:term":[{"taxonomy":"product_brand","embeddable":true,"href":"https:\/\/roveyayinevi.com.tr\/index.php\/wp-json\/wp\/v2\/product_brand?post=744124"},{"taxonomy":"product_cat","embeddable":true,"href":"https:\/\/roveyayinevi.com.tr\/index.php\/wp-json\/wp\/v2\/product_cat?post=744124"},{"taxonomy":"product_tag","embeddable":true,"href":"https:\/\/roveyayinevi.com.tr\/index.php\/wp-json\/wp\/v2\/product_tag?post=744124"}],"curies":[{"name":"wp","href":"https:\/\/api.w.org\/{rel}","templated":true}]}}