{"id":744123,"date":"2025-08-28T01:49:54","date_gmt":"2025-08-27T22:49:54","guid":{"rendered":"https:\/\/roveyayinevi.com.tr\/index.php\/urun\/ipin-ucu\/"},"modified":"2026-04-16T02:55:42","modified_gmt":"2026-04-15T23:55:42","slug":"ipin-ucu","status":"publish","type":"product","link":"https:\/\/roveyayinevi.com.tr\/index.php\/urun\/ipin-ucu\/","title":{"rendered":"\u0130pin Ucu"},"content":{"rendered":"<p>Toplumsal olaylardaki geli\u015fmeler, g\u00f6r\u00fcn\u00fc\u015fte rastlant\u0131sal gibi dursa da, hi\u00e7birisi rastlant\u0131n\u0131n dar kal\u0131plar\u0131 i\u00e7inde geli\u015fip, olu\u015fmaz. Her \u015fey neden-sonu\u00e7 ili\u015fkileriyle birbirine ba\u011fl\u0131d\u0131r.  12 Eyl\u00fcl\u00fcn haz\u0131rlan\u0131\u015f\u0131ndan getirili\u015fine, uygulan\u0131\u015f\u0131ndan sonu\u00e7lar\u0131na kadarki s\u00fcre\u00e7 ve sonu\u00e7lar\u0131 da bu kapsamda de\u011ferlendirmelidir. ABD i\u015fbirlik\u00e7isi yerli egemen g\u00fc\u00e7lerin yaratt\u0131\u011f\u0131 planl\u0131 programl\u0131 karga\u015fa ortam\u0131 \u00fclkeyi bile bile \u00f6l\u00fcmlere, bile bile katliamlara g\u00f6t\u00fcrerek amac\u0131na ula\u015fm\u0131\u015ft\u0131r. \u00d6rne\u011fin Mara\u015f, \u00f6rne\u011fin \u00c7orum katliamlar\u0131 ABD ma\u015fas\u0131 yerli g\u00fc\u00e7lerin i\u015fbirli\u011fi ve Ordunun tepesine yerle\u015ftirilmi\u015f ABD kuklas\u0131 BE\u015eL\u0130 \u00c7ETE\u2019nin katk\u0131lar\u0131yla ger\u00e7ekle\u015ftirilerek 12 Eyl\u00fcle var\u0131lm\u0131\u015ft\u0131r. \u0130\u015fte bu kitapta okuyacaklar\u0131n\u0131z\u0131n tamam\u0131 12 Eyl\u00fcl d\u00f6neminin ya\u015fanm\u0131\u015f ger\u00e7ek olaylar\u0131n\u0131n bir b\u00f6l\u00fcm\u00fcn\u00fcn anlat\u0131m\u0131d\u0131r.<\/p>\n","protected":false},"excerpt":{"rendered":"<p>Toplumsal olaylardaki geli\u015fmeler, g\u00f6r\u00fcn\u00fc\u015fte rastlant\u0131sal gibi dursa da, hi\u00e7birisi rastlant\u0131n\u0131n dar kal\u0131plar\u0131 i\u00e7inde geli\u015fip, olu\u015fmaz. Her \u015fey neden-sonu\u00e7 ili\u015fkileriyle birbirine ba\u011fl\u0131d\u0131r. 12 Eyl\u00fcl\u00fcn haz\u0131rlan\u0131\u015f\u0131ndan getirili\u015fine, uygulan\u0131\u015f\u0131ndan<span class=\"excerpt-hellip\"> [\u2026]<\/span><\/p>\n","protected":false},"featured_media":0,"template":"","meta":{"_monsterinsights_skip_tracking":false,"_monsterinsights_sitenote_active":false,"_monsterinsights_sitenote_note":"","_monsterinsights_sitenote_category":0},"product_brand":[],"product_cat":[12291,12711],"product_tag":[],"class_list":{"0":"post-744123","1":"product","2":"type-product","3":"status-publish","5":"product_cat-edebiyat","6":"product_cat-roman-oyku","7":"pa_cilt-ciltsiz","8":"pa_tur-kitap","9":"pa_yayinevi-platanus-publishing","10":"pa_yazar-cumaali-dogan","12":"first","13":"instock","14":"sale","15":"shipping-taxable","16":"purchasable","17":"product-type-simple"},"_links":{"self":[{"href":"https:\/\/roveyayinevi.com.tr\/index.php\/wp-json\/wp\/v2\/product\/744123","targetHints":{"allow":["GET"]}}],"collection":[{"href":"https:\/\/roveyayinevi.com.tr\/index.php\/wp-json\/wp\/v2\/product"}],"about":[{"href":"https:\/\/roveyayinevi.com.tr\/index.php\/wp-json\/wp\/v2\/types\/product"}],"wp:attachment":[{"href":"https:\/\/roveyayinevi.com.tr\/index.php\/wp-json\/wp\/v2\/media?parent=744123"}],"wp:term":[{"taxonomy":"product_brand","embeddable":true,"href":"https:\/\/roveyayinevi.com.tr\/index.php\/wp-json\/wp\/v2\/product_brand?post=744123"},{"taxonomy":"product_cat","embeddable":true,"href":"https:\/\/roveyayinevi.com.tr\/index.php\/wp-json\/wp\/v2\/product_cat?post=744123"},{"taxonomy":"product_tag","embeddable":true,"href":"https:\/\/roveyayinevi.com.tr\/index.php\/wp-json\/wp\/v2\/product_tag?post=744123"}],"curies":[{"name":"wp","href":"https:\/\/api.w.org\/{rel}","templated":true}]}}