{"id":744120,"date":"2025-08-28T01:49:50","date_gmt":"2025-08-27T22:49:50","guid":{"rendered":"https:\/\/roveyayinevi.com.tr\/index.php\/urun\/kanayan-yaram-kudus\/"},"modified":"2026-04-16T02:55:42","modified_gmt":"2026-04-15T23:55:42","slug":"kanayan-yaram-kudus","status":"publish","type":"product","link":"https:\/\/roveyayinevi.com.tr\/index.php\/urun\/kanayan-yaram-kudus\/","title":{"rendered":"Kanayan Yaram Kud\u00fcs"},"content":{"rendered":"<p>Ben Kud\u00fcs\u00fcm, Mirac\u2019\u0131n mucize \u015fehri, Ben Kud\u00fcs\u00fcm Peygamberlerin diyar\u0131 Ben Kud\u00fcs\u00fcm Binlerce \u015fehidi ba\u011fr\u0131na basan Ben Kud\u00fcs\u00fcm Binlerce mazlumun g\u00f6zya\u015f\u0131 olan Ben Kud\u00fcs\u00fcm B\u00fct\u00fcn \u00fcmmetin kanayan yaras\u0131 Ben Kud\u00fcs\u00fcm Geceleri sessizce a\u011flayan \u015fehir <\/p>\n","protected":false},"excerpt":{"rendered":"<p>Ben Kud\u00fcs\u00fcm, Mirac\u2019\u0131n mucize \u015fehri, Ben Kud\u00fcs\u00fcm Peygamberlerin diyar\u0131 Ben Kud\u00fcs\u00fcm Binlerce \u015fehidi ba\u011fr\u0131na basan Ben Kud\u00fcs\u00fcm Binlerce mazlumun g\u00f6zya\u015f\u0131 olan Ben Kud\u00fcs\u00fcm B\u00fct\u00fcn \u00fcmmetin kanayan<span class=\"excerpt-hellip\"> [\u2026]<\/span><\/p>\n","protected":false},"featured_media":0,"template":"","meta":{"_monsterinsights_skip_tracking":false,"_monsterinsights_sitenote_active":false,"_monsterinsights_sitenote_note":"","_monsterinsights_sitenote_category":0},"product_brand":[],"product_cat":[12718,12719],"product_tag":[],"class_list":{"0":"post-744120","1":"product","2":"type-product","3":"status-publish","5":"product_cat-din","6":"product_cat-islam","7":"pa_cilt-ciltsiz","8":"pa_tur-kitap","9":"pa_yayinevi-platanus-publishing","10":"pa_yazar-hafize-sumeyra-isik","12":"first","13":"instock","14":"sale","15":"shipping-taxable","16":"purchasable","17":"product-type-simple"},"_links":{"self":[{"href":"https:\/\/roveyayinevi.com.tr\/index.php\/wp-json\/wp\/v2\/product\/744120","targetHints":{"allow":["GET"]}}],"collection":[{"href":"https:\/\/roveyayinevi.com.tr\/index.php\/wp-json\/wp\/v2\/product"}],"about":[{"href":"https:\/\/roveyayinevi.com.tr\/index.php\/wp-json\/wp\/v2\/types\/product"}],"wp:attachment":[{"href":"https:\/\/roveyayinevi.com.tr\/index.php\/wp-json\/wp\/v2\/media?parent=744120"}],"wp:term":[{"taxonomy":"product_brand","embeddable":true,"href":"https:\/\/roveyayinevi.com.tr\/index.php\/wp-json\/wp\/v2\/product_brand?post=744120"},{"taxonomy":"product_cat","embeddable":true,"href":"https:\/\/roveyayinevi.com.tr\/index.php\/wp-json\/wp\/v2\/product_cat?post=744120"},{"taxonomy":"product_tag","embeddable":true,"href":"https:\/\/roveyayinevi.com.tr\/index.php\/wp-json\/wp\/v2\/product_tag?post=744120"}],"curies":[{"name":"wp","href":"https:\/\/api.w.org\/{rel}","templated":true}]}}