{"id":744118,"date":"2025-08-28T01:49:48","date_gmt":"2025-08-27T22:49:48","guid":{"rendered":"https:\/\/roveyayinevi.com.tr\/index.php\/urun\/her-gun-daha-bilgili\/"},"modified":"2026-04-16T02:55:42","modified_gmt":"2026-04-15T23:55:42","slug":"her-gun-daha-bilgili","status":"publish","type":"product","link":"https:\/\/roveyayinevi.com.tr\/index.php\/urun\/her-gun-daha-bilgili\/","title":{"rendered":"Her G\u00fcn Daha Bilgili"},"content":{"rendered":"<p>Oyun gecesinin h\u00e2kimi olun, bulu\u015fmalar\u0131n\u0131zda parlay\u0131n ve tan\u0131d\u0131\u011f\u0131n\u0131z herkesi bu az bilinen ger\u00e7eklerle dolu; e\u011flenceli, garip ve ak\u0131ll\u0131 kitapla etkileyin.   Bir grup tav\u015fan yavrusuna yumak dendi\u011fini biliyor muydunuz? Ya da Mickey ve Minnie Mouse\u2019u seslendiren insanlar\u0131n ger\u00e7ek hayatta evli olduklar\u0131n\u0131? Peki ya bunu biliyor muydunuz: Antik \u0130ran\u2019da devlet g\u00f6revlileri yasalar\u0131 iki kez tart\u0131\u015f\u0131yorlard\u0131; bir kez ay\u0131kken, bir kez de sarho\u015fken.   \u015eu an biraz iyi haber hepimize iyi gelebilir. Komedyen ve yazar Emily Winter, d\u00fcnyam\u0131zda iyilik, g\u00fczellik, empati, mizah, sihir, \u015fap\u015fall\u0131k, tatl\u0131l\u0131k, g\u00fc\u00e7, umut ve ne\u015fe oldu\u011funu g\u00f6stermeye geliyor.<\/p>\n","protected":false},"excerpt":{"rendered":"<p>Oyun gecesinin h\u00e2kimi olun, bulu\u015fmalar\u0131n\u0131zda parlay\u0131n ve tan\u0131d\u0131\u011f\u0131n\u0131z herkesi bu az bilinen ger\u00e7eklerle dolu; e\u011flenceli, garip ve ak\u0131ll\u0131 kitapla etkileyin. Bir grup tav\u015fan yavrusuna yumak dendi\u011fini<span class=\"excerpt-hellip\"> [\u2026]<\/span><\/p>\n","protected":false},"featured_media":0,"template":"","meta":{"_monsterinsights_skip_tracking":false,"_monsterinsights_sitenote_active":false,"_monsterinsights_sitenote_note":"","_monsterinsights_sitenote_category":0},"product_brand":[],"product_cat":[13489,13488],"product_tag":[],"class_list":{"0":"post-744118","1":"product","2":"type-product","3":"status-publish","5":"product_cat-populer-kultur","6":"product_cat-toplum-ve-insan","7":"pa_cilt-ciltsiz","8":"pa_tur-kitap","9":"pa_yayinevi-orenda","10":"pa_yazar-emily-winter","12":"first","13":"instock","14":"sale","15":"shipping-taxable","16":"purchasable","17":"product-type-simple"},"_links":{"self":[{"href":"https:\/\/roveyayinevi.com.tr\/index.php\/wp-json\/wp\/v2\/product\/744118","targetHints":{"allow":["GET"]}}],"collection":[{"href":"https:\/\/roveyayinevi.com.tr\/index.php\/wp-json\/wp\/v2\/product"}],"about":[{"href":"https:\/\/roveyayinevi.com.tr\/index.php\/wp-json\/wp\/v2\/types\/product"}],"wp:attachment":[{"href":"https:\/\/roveyayinevi.com.tr\/index.php\/wp-json\/wp\/v2\/media?parent=744118"}],"wp:term":[{"taxonomy":"product_brand","embeddable":true,"href":"https:\/\/roveyayinevi.com.tr\/index.php\/wp-json\/wp\/v2\/product_brand?post=744118"},{"taxonomy":"product_cat","embeddable":true,"href":"https:\/\/roveyayinevi.com.tr\/index.php\/wp-json\/wp\/v2\/product_cat?post=744118"},{"taxonomy":"product_tag","embeddable":true,"href":"https:\/\/roveyayinevi.com.tr\/index.php\/wp-json\/wp\/v2\/product_tag?post=744118"}],"curies":[{"name":"wp","href":"https:\/\/api.w.org\/{rel}","templated":true}]}}