{"id":744117,"date":"2025-08-28T01:49:47","date_gmt":"2025-08-27T22:49:47","guid":{"rendered":"https:\/\/roveyayinevi.com.tr\/index.php\/urun\/sansli-olaylar-dizisi\/"},"modified":"2026-04-16T02:55:42","modified_gmt":"2026-04-15T23:55:42","slug":"sansli-olaylar-dizisi","status":"publish","type":"product","link":"https:\/\/roveyayinevi.com.tr\/index.php\/urun\/sansli-olaylar-dizisi\/","title":{"rendered":"\u015eansl\u0131 Olaylar Dizisi"},"content":{"rendered":"<p>\u00dcnl\u00fc yazar ve biyolog Sean B. Carroll&#8217;dan ya\u015famlar\u0131m\u0131z ve \u00fczerinde ya\u015fad\u0131\u011f\u0131m\u0131z \u015fu d\u00fcnyada \u015fans\u0131n \u015fa\u015f\u0131rt\u0131c\u0131 g\u00fcc\u00fcne dair heyecan verici, hayranl\u0131k uyand\u0131ran bir \u00f6yk\u00fc bu. D\u00fcnya neden bu \u015fekilde? Bizler buraya nas\u0131l geldik? Her \u015feyin bir nedeni var m\u0131d\u0131r, yoksa kimi \u015feyler \u015fansa m\u0131 b\u0131rak\u0131lm\u0131\u015ft\u0131r? Filozoflar ve teologlar bu sorulara binlerce y\u0131ld\u0131r kafa yoruyor, ancak son yar\u0131m y\u00fczy\u0131ldaki \u015fa\u015f\u0131rt\u0131c\u0131 bilimsel ke\u015fifler, \u015fans\u0131n y\u00f6n verdi\u011fi bir d\u00fcnyada ya\u015fad\u0131\u011f\u0131m\u0131z\u0131 ortaya koyuyor. \u015eanl\u0131 Olaylar Dizisi, \u015fans\u0131n m\u00fcthi\u015f g\u00fcc\u00fcn\u00fc ve canl\u0131lar d\u00fcnyas\u0131ndaki t\u00fcm g\u00fczellik ve \u00e7e\u015fitlili\u011fin \u015fa\u015f\u0131rt\u0131c\u0131 kayna\u011f\u0131n\u0131 anlat\u0131yor. Di\u011fer t\u00fcm t\u00fcrler gibi biz insanlar da tesad\u00fcfen buraday\u0131z. Ancak herhangi birimizin var olabilmesi i\u00e7in ne kadar \u00e7ok \u015feyin belirli ko\u015fullarla ger\u00e7ekle\u015fmi\u015f olmas\u0131 gerekti\u011fi \u015fa\u015f\u0131rt\u0131c\u0131d\u0131r. Son derece olas\u0131l\u0131k d\u0131\u015f\u0131 bir asteroid \u00e7arpmas\u0131ndan, Buzul \u00c7a\u011f\u0131&#8217;ndaki keskin de\u011fi\u015fimlere, ebeveynlerimizin gonadlar\u0131ndaki g\u00f6r\u00fcnmez kazalara kadar, hepimiz \u015fa\u015f\u0131rt\u0131c\u0131 bir dizi \u015fansl\u0131 olay sayesinde buraday\u0131z. Ve \u015fans, ya\u015famla \u00f6l\u00fcm aras\u0131ndaki o k\u0131ldan ince \u00e7izgide her g\u00fcn h\u00fck\u00fcm s\u00fcrmeye devam ediyor. Elinizdeki bu eser, ger\u00e7ekten bu b\u00fcy\u00fck olguya ili\u015fkin nispeten k\u00fc\u00e7\u00fck hacimli bir kitap, fakat ayn\u0131 zamanda co\u015fkulu bir \u00f6yk\u00fcd\u00fcr. Monty Python, Kurt Vonnegut ve di\u011fer b\u00fcy\u00fck d\u00fc\u015f\u00fcn\u00fcrlerden esinlenen ve g\u00fcn\u00fcm\u00fcz\u00fcn en ba\u015far\u0131l\u0131 bilim \u00f6yk\u00fcc\u00fclerinden biri taraf\u0131ndan kaleme al\u0131nan \u015eansl\u0131 Olaylar Dizisi, hayat\u0131n en \u00f6nemli ama en az takdir edilen ger\u00e7eklerinden birinin kar\u015f\u0131 konulmaz derecede e\u011flenceli ve d\u00fc\u015f\u00fcnd\u00fcr\u00fcc\u00fc bir anlat\u0131m\u0131<\/p>\n","protected":false},"excerpt":{"rendered":"<p>\u00dcnl\u00fc yazar ve biyolog Sean B. Carroll&#8217;dan ya\u015famlar\u0131m\u0131z ve \u00fczerinde ya\u015fad\u0131\u011f\u0131m\u0131z \u015fu d\u00fcnyada \u015fans\u0131n \u015fa\u015f\u0131rt\u0131c\u0131 g\u00fcc\u00fcne dair heyecan verici, hayranl\u0131k uyand\u0131ran bir \u00f6yk\u00fc bu. D\u00fcnya neden<span class=\"excerpt-hellip\"> [\u2026]<\/span><\/p>\n","protected":false},"featured_media":0,"template":"","meta":{"_monsterinsights_skip_tracking":false,"_monsterinsights_sitenote_active":false,"_monsterinsights_sitenote_note":"","_monsterinsights_sitenote_category":0},"product_brand":[],"product_cat":[13005,13006],"product_tag":[],"class_list":{"0":"post-744117","1":"product","2":"type-product","3":"status-publish","5":"product_cat-bilim-muhendislik","6":"product_cat-populer-bilim","7":"pa_cilt-ciltsiz","8":"pa_tur-kitap","9":"pa_yayinevi-orenda","10":"pa_yazar-sean-b-carroll","12":"first","13":"instock","14":"sale","15":"shipping-taxable","16":"purchasable","17":"product-type-simple"},"_links":{"self":[{"href":"https:\/\/roveyayinevi.com.tr\/index.php\/wp-json\/wp\/v2\/product\/744117","targetHints":{"allow":["GET"]}}],"collection":[{"href":"https:\/\/roveyayinevi.com.tr\/index.php\/wp-json\/wp\/v2\/product"}],"about":[{"href":"https:\/\/roveyayinevi.com.tr\/index.php\/wp-json\/wp\/v2\/types\/product"}],"wp:attachment":[{"href":"https:\/\/roveyayinevi.com.tr\/index.php\/wp-json\/wp\/v2\/media?parent=744117"}],"wp:term":[{"taxonomy":"product_brand","embeddable":true,"href":"https:\/\/roveyayinevi.com.tr\/index.php\/wp-json\/wp\/v2\/product_brand?post=744117"},{"taxonomy":"product_cat","embeddable":true,"href":"https:\/\/roveyayinevi.com.tr\/index.php\/wp-json\/wp\/v2\/product_cat?post=744117"},{"taxonomy":"product_tag","embeddable":true,"href":"https:\/\/roveyayinevi.com.tr\/index.php\/wp-json\/wp\/v2\/product_tag?post=744117"}],"curies":[{"name":"wp","href":"https:\/\/api.w.org\/{rel}","templated":true}]}}