{"id":744116,"date":"2025-08-28T01:49:46","date_gmt":"2025-08-27T22:49:46","guid":{"rendered":"https:\/\/roveyayinevi.com.tr\/index.php\/urun\/dunyamin-merkezi\/"},"modified":"2026-04-16T02:55:42","modified_gmt":"2026-04-15T23:55:42","slug":"dunyamin-merkezi","status":"publish","type":"product","link":"https:\/\/roveyayinevi.com.tr\/index.php\/urun\/dunyamin-merkezi\/","title":{"rendered":"D\u00fcnyam\u0131n Merkezi"},"content":{"rendered":"<p>Hik\u00e2yelerin ba\u015flad\u0131\u011f\u0131 ve bitti\u011fi yerde, d\u00fcnyam\u0131n merkezindeyim! \u00d6d\u00fcll\u00fc eserlerinden tan\u0131d\u0131\u011f\u0131m\u0131z Andreas Steinh\u00f6fel&#8217;in kaleminden \u00e7\u0131kan D\u00fcnyam\u0131n Merkezi, bir delikanl\u0131n\u0131n yeti\u015fkin ve olgun bir bireye d\u00f6n\u00fc\u015fme s\u00fcrecini ele alan \u00e7ok katmanl\u0131 bir &#8221;olu\u015fum roman\u0131.&#8221;Ya\u015fad\u0131\u011f\u0131 yere s\u0131\u011famayan, ge\u00e7mi\u015finden ka\u00e7amayan, gelece\u011fini g\u00f6remeyen ve tercihlerine y\u00f6nelik sald\u0131r\u0131lara kar\u015f\u0131 kendini savunmaktan ba\u015fka \u00e7\u0131kar yol bulamayan Phil&#8217;in darmada\u011f\u0131n hayat\u0131na geni\u015f bir parantez a\u00e7an yazar; toplumsal bask\u0131lar\u0131n ve b\u00fcy\u00fcme sanc\u0131lar\u0131n\u0131n k\u00fclt\u00fcr fark\u0131 tan\u0131mad\u0131\u011f\u0131n\u0131 da bir kez daha g\u00f6zler \u00f6n\u00fcne seriyor.  Yer yer Yunan mitolojisinden esinlenen girift konusu, sars\u0131c\u0131 kurgusu ve etkileyici \u00fcslubuyla okuru daha ilk sayfalar\u0131ndan k\u0131sk\u0131vrak yakalamay\u0131 ba\u015faran kitap; bizi ke\u015fiflerimiz, hayal k\u0131r\u0131kl\u0131klar\u0131m\u0131z ve ya\u015fama dair se\u00e7imlerimiz \u00fczerine sorgulamaya itiyor. Phil, hayat yolunun \u00e7ok ba\u015f\u0131nda, hen\u00fcz on yedi ya\u015f\u0131nda bir delikanl\u0131. Fakat ya\u015f\u0131tlar\u0131ndan olduk\u00e7a farkl\u0131; \u00e7\u00fcnk\u00fc d\u00fcnyaya k\u00f6r\u00fc k\u00f6r\u00fcne bakmaktan \u00e7ok daha fazlas\u0131n\u0131n pe\u015finde. Bir yanda ili\u015fkilerinde orta yolu bulamad\u0131\u011f\u0131 u\u00e7ar\u0131 annesi ve bir zamanlar hi\u00e7 ayr\u0131lmad\u0131klar\u0131 ikiz k\u0131z karde\u015fi, \u00f6teki yanda ise i\u00e7indeki dalgalanmalar\u0131n kayna\u011f\u0131, tutkuyla kalbini kapt\u0131rd\u0131\u011f\u0131 Nicholas var. \u00dcstelik eski, b\u00fcy\u00fck evlerinin odalar\u0131nda birbirinden gizli, birbirinden sakl\u0131 nice b\u00fcy\u00fck s\u0131r a\u00e7\u0131\u011fa \u00e7\u0131kmay\u0131 bekliyor. Ne var ki karma\u015f\u0131k ge\u00e7mi\u015fiyle y\u00fczle\u015fmeden \u00f6nce kendisiyle bar\u0131\u015fmay\u0131 \u00f6\u011frenmeli&#8230;Okurun zihnini kurcalamay\u0131 seven Andreas Steinh\u00f6fel zamandan ve mek\u00e2ndan ba\u011f\u0131ms\u0131z akan bu derinlikli hik\u00e2yesiyle, bizleri d\u00fcnyalar\u0131m\u0131z\u0131n merkezine inmeye \u00e7a\u011f\u0131r\u0131yor ve Phil&#8217;in pe\u015fi s\u0131ra, kitab\u0131n sayfalar\u0131n\u0131n hayli \u00f6tesine ge\u00e7ecek bir yolculu\u011fa \u00e7\u0131kar\u0131yor.&#8221;Ayaklar\u0131m\u0131n alt\u0131ndaki yer h\u00e2l\u00e2 sallan\u0131yormu\u015f gibi geliyor ama art\u0131k d\u00fc\u015fmekten korkmuyorum. Bu g\u00fczel bir his. Hareket h\u00e2lindeki ya\u015fama dair bir his&#8230;&#8221; &#8221;Hem \u00fcslup hem de konu a\u00e7\u0131s\u0131ndan a\u011f\u0131rl\u0131\u011f\u0131n\u0131 hissettiren \u00e7ok katmanl\u0131 bir roman.&#8221; The Guardian<\/p>\n","protected":false},"excerpt":{"rendered":"<p>Hik\u00e2yelerin ba\u015flad\u0131\u011f\u0131 ve bitti\u011fi yerde, d\u00fcnyam\u0131n merkezindeyim! \u00d6d\u00fcll\u00fc eserlerinden tan\u0131d\u0131\u011f\u0131m\u0131z Andreas Steinh\u00f6fel&#8217;in kaleminden \u00e7\u0131kan D\u00fcnyam\u0131n Merkezi, bir delikanl\u0131n\u0131n yeti\u015fkin ve olgun bir bireye d\u00f6n\u00fc\u015fme s\u00fcrecini ele<span class=\"excerpt-hellip\"> [\u2026]<\/span><\/p>\n","protected":false},"featured_media":0,"template":"","meta":{"_monsterinsights_skip_tracking":false,"_monsterinsights_sitenote_active":false,"_monsterinsights_sitenote_note":"","_monsterinsights_sitenote_category":0},"product_brand":[],"product_cat":[12274,12284],"product_tag":[],"class_list":{"0":"post-744116","1":"product","2":"type-product","3":"status-publish","5":"product_cat-cocuk-ve-genclik-kitaplari","6":"product_cat-hikayeler","7":"pa_cilt-ciltsiz","8":"pa_tur-kitap","9":"pa_yayinevi-delidolu","10":"pa_yazar-andreas-steinhofel","12":"first","13":"instock","14":"sale","15":"shipping-taxable","16":"purchasable","17":"product-type-simple"},"_links":{"self":[{"href":"https:\/\/roveyayinevi.com.tr\/index.php\/wp-json\/wp\/v2\/product\/744116","targetHints":{"allow":["GET"]}}],"collection":[{"href":"https:\/\/roveyayinevi.com.tr\/index.php\/wp-json\/wp\/v2\/product"}],"about":[{"href":"https:\/\/roveyayinevi.com.tr\/index.php\/wp-json\/wp\/v2\/types\/product"}],"wp:attachment":[{"href":"https:\/\/roveyayinevi.com.tr\/index.php\/wp-json\/wp\/v2\/media?parent=744116"}],"wp:term":[{"taxonomy":"product_brand","embeddable":true,"href":"https:\/\/roveyayinevi.com.tr\/index.php\/wp-json\/wp\/v2\/product_brand?post=744116"},{"taxonomy":"product_cat","embeddable":true,"href":"https:\/\/roveyayinevi.com.tr\/index.php\/wp-json\/wp\/v2\/product_cat?post=744116"},{"taxonomy":"product_tag","embeddable":true,"href":"https:\/\/roveyayinevi.com.tr\/index.php\/wp-json\/wp\/v2\/product_tag?post=744116"}],"curies":[{"name":"wp","href":"https:\/\/api.w.org\/{rel}","templated":true}]}}