{"id":744114,"date":"2025-08-28T01:49:44","date_gmt":"2025-08-27T22:49:44","guid":{"rendered":"https:\/\/roveyayinevi.com.tr\/index.php\/urun\/kurumsal-yapi-ve-ekonomik-kirilganliklarin-uluslararasi-rekabet-uzerindeki-etkisi\/"},"modified":"2026-04-16T02:55:42","modified_gmt":"2026-04-15T23:55:42","slug":"kurumsal-yapi-ve-ekonomik-kirilganliklarin-uluslararasi-rekabet-uzerindeki-etkisi","status":"publish","type":"product","link":"https:\/\/roveyayinevi.com.tr\/index.php\/urun\/kurumsal-yapi-ve-ekonomik-kirilganliklarin-uluslararasi-rekabet-uzerindeki-etkisi\/","title":{"rendered":"Kurumsal Yap\u0131 ve Ekonomik K\u0131r\u0131lganl\u0131klar\u0131n Uluslararas\u0131 Rekabet \u00dczerindeki Etkisi"},"content":{"rendered":"<p>G\u00fcn\u00fcm\u00fcz iktisadi hayat\u0131n i\u015fleyi\u015fini anlamaya \u00e7al\u0131\u015f\u0131rken d\u00fcnya kapitalizminin 1980 sonras\u0131 ya\u015fad\u0131\u011f\u0131 b\u00fcy\u00fck de\u011fi\u015fimlerin analizlere dahil edilmesi gerekmektedir. Zira, d\u00fcnya kapitalizm tarihinde 1980\u2019li y\u0131llar \u00f6nemli bir e\u015fi\u011fi olu\u015fturmaktad\u0131r. Her alanda kendini g\u00f6steren de\u011fi\u015fim dinamiklerine \u00f6nc\u00fcl\u00fck eden finansal k\u00fcreselle\u015fme ve liberalizasyon ak\u0131m\u0131, orta gelirli-geli\u015fmekte olan ekonomilerde daha dikkate de\u011fer sonu\u00e7lar do\u011furmu\u015ftur. Uluslararas\u0131 sermaye hareketlerinde g\u00f6zlemlenen b\u00fcy\u00fck art\u0131\u015flarla kendini g\u00f6steren finansal k\u00fcreselle\u015fme, orta gelirli-geli\u015fmekte olan \u00fclkelerde yap\u0131sal ekonomik k\u0131r\u0131lganl\u0131klara kap\u0131lar\u0131 aralam\u0131\u015ft\u0131r. Sermaye hareketlili\u011finin \u00f6n\u00fcndeki yasal ve fiili engellerin kald\u0131r\u0131lmas\u0131 ve finansal piyasalarda ya\u015fanan geli\u015fmelerin orta gelirli-geli\u015fmekte olan ekonomilerde yaratt\u0131\u011f\u0131 \u00f6nemli sonu\u00e7lardan biri de d\u0131\u015f ticaret ve rekabet g\u00fcc\u00fc alan\u0131nda olmu\u015ftur. Bu \u00e7er\u00e7evede, bu kitap, 1980 ve sonras\u0131 y\u0131llarda s\u00f6z\u00fc edilen paradigma de\u011fi\u015fikli\u011finden olumsuz anlamda etkilenen geli\u015fmekte olan \u00fclke ekonomilerinin yeni d\u00fczenin gerektirdi\u011fi hedef alan\u0131 (rekabet g\u00fcc\u00fcn\u00fc artt\u0131rmak) ile u\u011fra\u015f alan\u0131na (ekonomik k\u0131r\u0131lganl\u0131klar\u0131yla m\u00fccadele) yo\u011funla\u015farak, bu alanlara kurumsal iktisat paradigmas\u0131 ba\u011flam\u0131nda yeni \u00e7\u00f6z\u00fcm \u00f6nerileri sunmay\u0131 ama\u00e7lam\u0131\u015ft\u0131r. <\/p>\n","protected":false},"excerpt":{"rendered":"<p>G\u00fcn\u00fcm\u00fcz iktisadi hayat\u0131n i\u015fleyi\u015fini anlamaya \u00e7al\u0131\u015f\u0131rken d\u00fcnya kapitalizminin 1980 sonras\u0131 ya\u015fad\u0131\u011f\u0131 b\u00fcy\u00fck de\u011fi\u015fimlerin analizlere dahil edilmesi gerekmektedir. Zira, d\u00fcnya kapitalizm tarihinde 1980\u2019li y\u0131llar \u00f6nemli bir e\u015fi\u011fi<span class=\"excerpt-hellip\"> [\u2026]<\/span><\/p>\n","protected":false},"featured_media":0,"template":"","meta":{"_monsterinsights_skip_tracking":false,"_monsterinsights_sitenote_active":false,"_monsterinsights_sitenote_note":"","_monsterinsights_sitenote_category":0},"product_brand":[],"product_cat":[13043,17647],"product_tag":[],"class_list":{"0":"post-744114","1":"product","2":"type-product","3":"status-publish","5":"product_cat-ekonomi","6":"product_cat-is-dunyasi","7":"pa_cilt-ciltsiz","8":"pa_tur-kitap","9":"pa_yayinevi-efil-yayinevi","10":"pa_yazar-seyit-ali-micoogullari","12":"first","13":"instock","14":"sale","15":"shipping-taxable","16":"purchasable","17":"product-type-simple"},"_links":{"self":[{"href":"https:\/\/roveyayinevi.com.tr\/index.php\/wp-json\/wp\/v2\/product\/744114","targetHints":{"allow":["GET"]}}],"collection":[{"href":"https:\/\/roveyayinevi.com.tr\/index.php\/wp-json\/wp\/v2\/product"}],"about":[{"href":"https:\/\/roveyayinevi.com.tr\/index.php\/wp-json\/wp\/v2\/types\/product"}],"wp:attachment":[{"href":"https:\/\/roveyayinevi.com.tr\/index.php\/wp-json\/wp\/v2\/media?parent=744114"}],"wp:term":[{"taxonomy":"product_brand","embeddable":true,"href":"https:\/\/roveyayinevi.com.tr\/index.php\/wp-json\/wp\/v2\/product_brand?post=744114"},{"taxonomy":"product_cat","embeddable":true,"href":"https:\/\/roveyayinevi.com.tr\/index.php\/wp-json\/wp\/v2\/product_cat?post=744114"},{"taxonomy":"product_tag","embeddable":true,"href":"https:\/\/roveyayinevi.com.tr\/index.php\/wp-json\/wp\/v2\/product_tag?post=744114"}],"curies":[{"name":"wp","href":"https:\/\/api.w.org\/{rel}","templated":true}]}}