{"id":744113,"date":"2025-08-28T01:49:43","date_gmt":"2025-08-27T22:49:43","guid":{"rendered":"https:\/\/roveyayinevi.com.tr\/index.php\/urun\/gecmisten-gunumuze-her-yonuyle-zihin-kontrolu\/"},"modified":"2026-04-05T03:00:24","modified_gmt":"2026-04-05T00:00:24","slug":"gecmisten-gunumuze-her-yonuyle-zihin-kontrolu","status":"publish","type":"product","link":"https:\/\/roveyayinevi.com.tr\/index.php\/urun\/gecmisten-gunumuze-her-yonuyle-zihin-kontrolu\/","title":{"rendered":"Ge\u00e7mi\u015ften G\u00fcn\u00fcm\u00fcze Her Y\u00f6n\u00fcyle Zihin Kontrol\u00fc"},"content":{"rendered":"<p>\u0130nsanlar binlerce y\u0131ld\u0131r ba\u015fka insanlar \u00fczerindeki etkilerini artt\u0131rmak i\u00e7in neler yapabileceklerini \u00f6\u011frenmeye \u00e7al\u0131\u015f\u0131yor. Ama\u00e7 basit: Bir ba\u015fkas\u0131n\u0131n zihnini ele ge\u00e7irirseniz ona istedi\u011finizi kolayca yapt\u0131rabilirsiniz. Etkili ikna teknikleri ba\u015fka insanlara istediklerinizi yapt\u0131rman\u0131z i\u00e7in kulland\u0131\u011f\u0131-m\u0131z en bilinen y\u00f6ntem ama sonu\u00e7lar\u0131 net ve her zaman istendi\u011fi gibi olmuyor. Bu da insanlar\u0131 karanl\u0131k ve etik d\u0131\u015f\u0131 olsa da ba\u015fka y\u00f6ntemlere itiyor. \u0130\u015fte zihin kontrol\u00fc tam da burada ortaya \u00e7\u0131k\u0131yor. E\u011fer bir ba\u015fkas\u0131n\u0131n ne d\u00fc\u015f\u00fcnd\u00fc\u011f\u00fcn\u00fc, ne istedi\u011fini ne istemedi\u011fini, kimlerle g\u00f6r\u00fc\u015fece\u011fini, olaylara nas\u0131l yakla\u015faca\u011f\u0131n\u0131 ve nas\u0131l ya da ne y\u00f6nde karar verece\u011fini kontrol edebilseydiniz ne olurdu? <\/p>\n","protected":false},"excerpt":{"rendered":"<p>\u0130nsanlar binlerce y\u0131ld\u0131r ba\u015fka insanlar \u00fczerindeki etkilerini artt\u0131rmak i\u00e7in neler yapabileceklerini \u00f6\u011frenmeye \u00e7al\u0131\u015f\u0131yor. Ama\u00e7 basit: Bir ba\u015fkas\u0131n\u0131n zihnini ele ge\u00e7irirseniz ona istedi\u011finizi kolayca yapt\u0131rabilirsiniz. Etkili ikna<span class=\"excerpt-hellip\"> [\u2026]<\/span><\/p>\n","protected":false},"featured_media":0,"template":"","meta":{"_monsterinsights_skip_tracking":false,"_monsterinsights_sitenote_active":false,"_monsterinsights_sitenote_note":"","_monsterinsights_sitenote_category":0},"product_brand":[],"product_cat":[12364,12376],"product_tag":[],"class_list":{"0":"post-744113","1":"product","2":"type-product","3":"status-publish","5":"product_cat-genel-konular","6":"product_cat-kisisel-gelisim","7":"pa_cilt-ciltsiz","8":"pa_tur-kitap","9":"pa_yayinevi-kirmizi-ada-yayinlari","10":"pa_yazar-serdar-aksu","12":"first","13":"instock","14":"sale","15":"shipping-taxable","16":"purchasable","17":"product-type-simple"},"_links":{"self":[{"href":"https:\/\/roveyayinevi.com.tr\/index.php\/wp-json\/wp\/v2\/product\/744113","targetHints":{"allow":["GET"]}}],"collection":[{"href":"https:\/\/roveyayinevi.com.tr\/index.php\/wp-json\/wp\/v2\/product"}],"about":[{"href":"https:\/\/roveyayinevi.com.tr\/index.php\/wp-json\/wp\/v2\/types\/product"}],"wp:attachment":[{"href":"https:\/\/roveyayinevi.com.tr\/index.php\/wp-json\/wp\/v2\/media?parent=744113"}],"wp:term":[{"taxonomy":"product_brand","embeddable":true,"href":"https:\/\/roveyayinevi.com.tr\/index.php\/wp-json\/wp\/v2\/product_brand?post=744113"},{"taxonomy":"product_cat","embeddable":true,"href":"https:\/\/roveyayinevi.com.tr\/index.php\/wp-json\/wp\/v2\/product_cat?post=744113"},{"taxonomy":"product_tag","embeddable":true,"href":"https:\/\/roveyayinevi.com.tr\/index.php\/wp-json\/wp\/v2\/product_tag?post=744113"}],"curies":[{"name":"wp","href":"https:\/\/api.w.org\/{rel}","templated":true}]}}