{"id":744112,"date":"2025-08-28T01:49:42","date_gmt":"2025-08-27T22:49:42","guid":{"rendered":"https:\/\/roveyayinevi.com.tr\/index.php\/urun\/keynes-ve-keynesin-iktisadi\/"},"modified":"2026-04-16T02:55:42","modified_gmt":"2026-04-15T23:55:42","slug":"keynes-ve-keynesin-iktisadi","status":"publish","type":"product","link":"https:\/\/roveyayinevi.com.tr\/index.php\/urun\/keynes-ve-keynesin-iktisadi\/","title":{"rendered":"Keynes Ve Keynes\u2019in \u0130ktisad\u0131"},"content":{"rendered":"<p>T\u00fcrkiye\u2019nin \u00f6nemli iktisat\u00e7\u0131lar\u0131ndan Keynes \u00fczerine e\u015fsiz bir kitap! \u0130ktisat teorisinin temelleri Adam Smith\u2019le at\u0131lm\u0131\u015ft\u0131r. Smith, de\u011fer teorisi, i\u015f b\u00f6l\u00fcm\u00fc, mutlak \u00fcst\u00fcnl\u00fckler teorisi ve piyasa ekonomisini ba\u015fyap\u0131t\u0131 Uluslar\u0131n Zenginli\u011fi\u2019nde okurla bulu\u015fturmu\u015ftur. Karl Marx, Smith\u2019in de\u011fer teorisini Robert Malthus ve David Ricardo\u2019nun g\u00f6r\u00fc\u015fleriyle harmanlayarak emek de\u011fer teorisini olu\u015fturmu\u015ftur. \u0130ktisat yaz\u0131n\u0131nda kitaplar\u0131 en \u00e7ok okunan \u00fc\u00e7 iktisat\u00e7\u0131dan ikisidir Smith ve Marx. \u00dc\u00e7\u00fcnc\u00fc ise, John Maynard Keynes\u2019tir. Bentham\u2019\u0131n fayda teorisine tutunup klasik iktisad\u0131n de\u011fer teorisinden ve b\u00f6l\u00fc\u015f\u00fcm sorunundan uzakla\u015fan neoklasikler, 1929 Buhran\u0131\u2019n\u0131n piyasa ekonomisiyle \u00e7\u00f6z\u00fclemeyece\u011fini, devletin piyasaya m\u00fcdahalesinin gereklili\u011fini vurgulayan Keynes taraf\u0131ndan bozguna u\u011frat\u0131lm\u0131\u015ft\u0131r. Keynes, neoklasik iktisada as\u0131l darbeyi \u0130stihdam, Faiz ve Paran\u0131n Genel Teorisi kitab\u0131yla vurmu\u015ftur. Yak\u0131n tarihte, ya\u015fad\u0131\u011f\u0131m\u0131z her krizde muhakkak ba\u015fvurdu\u011fumuz Keynes ve Keynes\u2019in iktisad\u0131na dair \u0130ktisat ve Toplum Dergisi\u2019nde yay\u0131mlanm\u0131\u015f makalelerden derlenen bu kitap, sizi, Keynes\u2019in bilgeli\u011fiyle ba\u015f ba\u015fa b\u0131rakacak. Yazarlar: Ahmet Ertu\u011frul &#8211; Alper Duman &#8211; Bayram Ali E\u015fiyok &#8211; Ercan Eren &#8211; Erin\u00e7 Yeldan &#8211; Hasan Ersel &#8211; H\u00fcseyin \u00d6zel &#8211; Kaan \u00d6\u011f\u00fct &#8211; Meghnad Desai &#8211; Mehmet Fatih Cin &#8211; Metehan C\u00f6mert &#8211; O\u011fuz Esen &#8211; O\u011fuzhan Altay \u00d6mer Faruk \u00c7olak &#8211; Sacit Hadi Akdede -\u015eevket Pamuk &#8211; Turan Suba\u015fat &#8211; Vedit \u0130nal &#8211; Y\u0131lmaz Aky\u00fcz.<\/p>\n","protected":false},"excerpt":{"rendered":"<p>T\u00fcrkiye\u2019nin \u00f6nemli iktisat\u00e7\u0131lar\u0131ndan Keynes \u00fczerine e\u015fsiz bir kitap! \u0130ktisat teorisinin temelleri Adam Smith\u2019le at\u0131lm\u0131\u015ft\u0131r. Smith, de\u011fer teorisi, i\u015f b\u00f6l\u00fcm\u00fc, mutlak \u00fcst\u00fcnl\u00fckler teorisi ve piyasa ekonomisini ba\u015fyap\u0131t\u0131<span class=\"excerpt-hellip\"> [\u2026]<\/span><\/p>\n","protected":false},"featured_media":0,"template":"","meta":{"_monsterinsights_skip_tracking":false,"_monsterinsights_sitenote_active":false,"_monsterinsights_sitenote_note":"","_monsterinsights_sitenote_category":0},"product_brand":[],"product_cat":[20333,13043],"product_tag":[],"class_list":{"0":"post-744112","1":"product","2":"type-product","3":"status-publish","5":"product_cat-diger-ekonomi","6":"product_cat-ekonomi","7":"pa_cilt-ciltsiz","8":"pa_tur-kitap","9":"pa_yayinevi-efil-yayinevi","10":"pa_yazar-omer-faruk-colak","12":"first","13":"instock","14":"sale","15":"shipping-taxable","16":"purchasable","17":"product-type-simple"},"_links":{"self":[{"href":"https:\/\/roveyayinevi.com.tr\/index.php\/wp-json\/wp\/v2\/product\/744112","targetHints":{"allow":["GET"]}}],"collection":[{"href":"https:\/\/roveyayinevi.com.tr\/index.php\/wp-json\/wp\/v2\/product"}],"about":[{"href":"https:\/\/roveyayinevi.com.tr\/index.php\/wp-json\/wp\/v2\/types\/product"}],"wp:attachment":[{"href":"https:\/\/roveyayinevi.com.tr\/index.php\/wp-json\/wp\/v2\/media?parent=744112"}],"wp:term":[{"taxonomy":"product_brand","embeddable":true,"href":"https:\/\/roveyayinevi.com.tr\/index.php\/wp-json\/wp\/v2\/product_brand?post=744112"},{"taxonomy":"product_cat","embeddable":true,"href":"https:\/\/roveyayinevi.com.tr\/index.php\/wp-json\/wp\/v2\/product_cat?post=744112"},{"taxonomy":"product_tag","embeddable":true,"href":"https:\/\/roveyayinevi.com.tr\/index.php\/wp-json\/wp\/v2\/product_tag?post=744112"}],"curies":[{"name":"wp","href":"https:\/\/api.w.org\/{rel}","templated":true}]}}