{"id":744110,"date":"2025-08-28T01:49:40","date_gmt":"2025-08-27T22:49:40","guid":{"rendered":"https:\/\/roveyayinevi.com.tr\/index.php\/urun\/kapitalizmin-sonuna-dair-kehanetler\/"},"modified":"2026-04-16T02:55:42","modified_gmt":"2026-04-15T23:55:42","slug":"kapitalizmin-sonuna-dair-kehanetler","status":"publish","type":"product","link":"https:\/\/roveyayinevi.com.tr\/index.php\/urun\/kapitalizmin-sonuna-dair-kehanetler\/","title":{"rendered":"Kapitalizmin Sonuna Dair Kehanetler"},"content":{"rendered":"<p>Bu kitap, son \u00fc\u00e7 y\u00fczy\u0131lda kapitalizmin sonuyla ilgili kehanetleri karakterize eden umut ve hayal k\u0131r\u0131kl\u0131\u011f\u0131 aras\u0131ndaki tuhaf su\u00e7 ortakl\u0131\u011f\u0131n\u0131 yakal\u0131yor. Hem kehanet hakk\u0131nda uyar\u0131c\u0131 bir hik\u00e2ye olarak hem de kapitalizmin mant\u0131\u011f\u0131n\u0131n \u00f6rnek bir incelemesi olarak okurlar\u0131n ilgisini \u00e7ekecektir. \u2014Arjun Appadurai, New York University Francesco Boldizzoni bize, kapitalizmin \u00e7\u00f6k\u00fc\u015f\u00fcne dair \u00f6ng\u00f6r\u00fclerin neredeyse kapitalizmin kendisiyle ya\u015f\u0131t oldu\u011funu g\u00f6steriyor. Kendi hatalar\u0131ndan pay \u00e7\u0131karmamakta direnen ve devrim ad\u0131 alt\u0131nda \u201cbir \u015fey yapma\u201d duru\u015funu temize \u00e7\u0131karan iktisadi d\u00fc\u015f\u00fcnce gelene\u011fine \u0131\u015f\u0131k tutuyor. Ayr\u0131ca bu kitap, tahmin k\u00fclt\u00fcne dair nefis bir \u00e7al\u0131\u015fman\u0131n \u00fcr\u00fcn\u00fc. \u2014Jeremy Adelman, Princeton University Kapitalizmin Sonuna Dair Kehanetler, politik iktisada ve entelekt\u00fcel tarihe ilgi duyan herkes i\u00e7in \u00f6zel bir kitap; ayr\u0131ca kapitalizm ve gelece\u011fine dair g\u00fcncel tart\u0131\u015fmalarla birlikte, kriz ve kriz teorisi tart\u0131\u015fmalar\u0131nda da b\u00fcy\u00fck bir rol \u00fcstlenecektir. \u2014Wolfgang Streeck, \u201cHow Will Capitalism End?\u201d kitab\u0131n\u0131n yazar\u0131 Bu, kapitalizmin sonunun ba\u015flang\u0131c\u0131 m\u0131? \u00d6yle olabilece\u011fini d\u00fc\u015f\u00fcn\u00fcyorsan\u0131z -kapitalizmin \u00e7\u00f6k\u00fc\u015f\u00fcn\u00fc ister sab\u0131rs\u0131zl\u0131kla ister endi\u015feyle bekliyor olun- Francesco Boldizzoni\u2019nin yeni kitab\u0131 sizi bir kez daha d\u00fc\u015f\u00fcnd\u00fcrecektir. \u2014Alyssa Battistoni, Boston Review<\/p>\n","protected":false},"excerpt":{"rendered":"<p>Bu kitap, son \u00fc\u00e7 y\u00fczy\u0131lda kapitalizmin sonuyla ilgili kehanetleri karakterize eden umut ve hayal k\u0131r\u0131kl\u0131\u011f\u0131 aras\u0131ndaki tuhaf su\u00e7 ortakl\u0131\u011f\u0131n\u0131 yakal\u0131yor. Hem kehanet hakk\u0131nda uyar\u0131c\u0131 bir hik\u00e2ye<span class=\"excerpt-hellip\"> [\u2026]<\/span><\/p>\n","protected":false},"featured_media":0,"template":"","meta":{"_monsterinsights_skip_tracking":false,"_monsterinsights_sitenote_active":false,"_monsterinsights_sitenote_note":"","_monsterinsights_sitenote_category":0},"product_brand":[],"product_cat":[13059,12337],"product_tag":[],"class_list":{"0":"post-744110","1":"product","2":"type-product","3":"status-publish","5":"product_cat-diger-politika-siyaset","6":"product_cat-politika-siyaset","7":"pa_cilt-ciltsiz","8":"pa_tur-kitap","9":"pa_yayinevi-efil-yayinevi","10":"pa_yazar-francesco-boldizzoni","12":"first","13":"instock","14":"sale","15":"shipping-taxable","16":"purchasable","17":"product-type-simple"},"_links":{"self":[{"href":"https:\/\/roveyayinevi.com.tr\/index.php\/wp-json\/wp\/v2\/product\/744110","targetHints":{"allow":["GET"]}}],"collection":[{"href":"https:\/\/roveyayinevi.com.tr\/index.php\/wp-json\/wp\/v2\/product"}],"about":[{"href":"https:\/\/roveyayinevi.com.tr\/index.php\/wp-json\/wp\/v2\/types\/product"}],"wp:attachment":[{"href":"https:\/\/roveyayinevi.com.tr\/index.php\/wp-json\/wp\/v2\/media?parent=744110"}],"wp:term":[{"taxonomy":"product_brand","embeddable":true,"href":"https:\/\/roveyayinevi.com.tr\/index.php\/wp-json\/wp\/v2\/product_brand?post=744110"},{"taxonomy":"product_cat","embeddable":true,"href":"https:\/\/roveyayinevi.com.tr\/index.php\/wp-json\/wp\/v2\/product_cat?post=744110"},{"taxonomy":"product_tag","embeddable":true,"href":"https:\/\/roveyayinevi.com.tr\/index.php\/wp-json\/wp\/v2\/product_tag?post=744110"}],"curies":[{"name":"wp","href":"https:\/\/api.w.org\/{rel}","templated":true}]}}