{"id":744106,"date":"2025-08-28T01:49:35","date_gmt":"2025-08-27T22:49:35","guid":{"rendered":"https:\/\/roveyayinevi.com.tr\/index.php\/urun\/dus-denizinin-sirri\/"},"modified":"2026-04-16T02:55:42","modified_gmt":"2026-04-15T23:55:42","slug":"dus-denizinin-sirri","status":"publish","type":"product","link":"https:\/\/roveyayinevi.com.tr\/index.php\/urun\/dus-denizinin-sirri\/","title":{"rendered":"D\u00fc\u015f Denizi\u2019nin S\u0131rr\u0131"},"content":{"rendered":"<p>Elmo Lu ve deniz at\u0131 Bu\u011fu, Kardelen Adas\u0131\u2019nda ayr\u0131 d\u00fc\u015ft\u00fckleri bal\u0131k\u00e7\u0131 Piyeto\u2019nun izini s\u00fcrerler. Piyeto onlara \u201cD\u00fc\u015f Denizi\u2019nin S\u0131rr\u0131\u201dn\u0131 ve d\u00fc\u015f avc\u0131l\u0131\u011f\u0131n\u0131 \u00f6\u011fretmi\u015f, sonra da kay\u0131plara kar\u0131\u015fm\u0131\u015ft\u0131r. Bu iki d\u00fc\u015f avc\u0131s\u0131, \u015fi\u015felere koyduklar\u0131 mektuplar\u0131 denize b\u0131rakarak bal\u0131k\u00e7\u0131dan haber almaya \u00e7al\u0131\u015f\u0131rlar. Bu arada, adada kar\u015f\u0131la\u015ft\u0131klar\u0131 uykucu kaplumba\u011fa Pakua ve Tompotom s\u00fclalesiyle ba\u015flar\u0131na \u00e7ok ilgin\u00e7 olaylar gelir. Kitab\u0131 okuyunca siz de onlarla birlikte D\u00fc\u015f Denizi\u2019nin mucizelerine tan\u0131k olacak, d\u00fc\u015f avc\u0131l\u0131\u011f\u0131n\u0131n inceliklerini ke\u015ffedeceksiniz. Umar\u0131m bir g\u00fcn sizin de b\u00fct\u00fcn d\u00fc\u015fleriniz ger\u00e7ek olur! <\/p>\n","protected":false},"excerpt":{"rendered":"<p>Elmo Lu ve deniz at\u0131 Bu\u011fu, Kardelen Adas\u0131\u2019nda ayr\u0131 d\u00fc\u015ft\u00fckleri bal\u0131k\u00e7\u0131 Piyeto\u2019nun izini s\u00fcrerler. Piyeto onlara \u201cD\u00fc\u015f Denizi\u2019nin S\u0131rr\u0131\u201dn\u0131 ve d\u00fc\u015f avc\u0131l\u0131\u011f\u0131n\u0131 \u00f6\u011fretmi\u015f, sonra da kay\u0131plara<span class=\"excerpt-hellip\"> [\u2026]<\/span><\/p>\n","protected":false},"featured_media":0,"template":"","meta":{"_monsterinsights_skip_tracking":false,"_monsterinsights_sitenote_active":false,"_monsterinsights_sitenote_note":"","_monsterinsights_sitenote_category":0},"product_brand":[],"product_cat":[12274,12284],"product_tag":[],"class_list":{"0":"post-744106","1":"product","2":"type-product","3":"status-publish","5":"product_cat-cocuk-ve-genclik-kitaplari","6":"product_cat-hikayeler","7":"pa_cilt-ciltsiz","8":"pa_tur-kitap","9":"pa_yayinevi-luna-cocuk-yayinlari","10":"pa_yazar-ayda-cayir","12":"first","13":"instock","14":"sale","15":"shipping-taxable","16":"purchasable","17":"product-type-simple"},"_links":{"self":[{"href":"https:\/\/roveyayinevi.com.tr\/index.php\/wp-json\/wp\/v2\/product\/744106","targetHints":{"allow":["GET"]}}],"collection":[{"href":"https:\/\/roveyayinevi.com.tr\/index.php\/wp-json\/wp\/v2\/product"}],"about":[{"href":"https:\/\/roveyayinevi.com.tr\/index.php\/wp-json\/wp\/v2\/types\/product"}],"wp:attachment":[{"href":"https:\/\/roveyayinevi.com.tr\/index.php\/wp-json\/wp\/v2\/media?parent=744106"}],"wp:term":[{"taxonomy":"product_brand","embeddable":true,"href":"https:\/\/roveyayinevi.com.tr\/index.php\/wp-json\/wp\/v2\/product_brand?post=744106"},{"taxonomy":"product_cat","embeddable":true,"href":"https:\/\/roveyayinevi.com.tr\/index.php\/wp-json\/wp\/v2\/product_cat?post=744106"},{"taxonomy":"product_tag","embeddable":true,"href":"https:\/\/roveyayinevi.com.tr\/index.php\/wp-json\/wp\/v2\/product_tag?post=744106"}],"curies":[{"name":"wp","href":"https:\/\/api.w.org\/{rel}","templated":true}]}}