{"id":744104,"date":"2025-08-28T01:49:32","date_gmt":"2025-08-27T22:49:32","guid":{"rendered":"https:\/\/roveyayinevi.com.tr\/index.php\/urun\/max-verstappen-2021-dunya-sampiyonu-apoletiyle-guncellenen-biyografisi\/"},"modified":"2026-04-16T02:55:42","modified_gmt":"2026-04-15T23:55:42","slug":"max-verstappen-2021-dunya-sampiyonu-apoletiyle-guncellenen-biyografisi","status":"publish","type":"product","link":"https:\/\/roveyayinevi.com.tr\/index.php\/urun\/max-verstappen-2021-dunya-sampiyonu-apoletiyle-guncellenen-biyografisi\/","title":{"rendered":"Max Verstappen : 2021 D\u00fcnya \u015eampiyonu Apoletiyle G\u00fcncellenen Biyografisi"},"content":{"rendered":"<p>FORMULA 1\u2019\u0130N 2021 SEZONUNDAK\u0130 KAR\u0130ZMAT\u0130K \u015eAMP\u0130YONU, HOLLANDALI \u201cHAR\u0130KA \u00c7OCUK\u201d MAX VERSTAPPEN\u2019\u0130N \u0130LK VE TEK B\u0130YOGRAF\u0130S\u0130     Formula 1\u2019i Max Verstappen kadar sarsabilmi\u015f \u00e7ok az s\u00fcr\u00fcc\u00fc var. 2015\u2019te, hen\u00fcz sadece 17 ya\u015f\u0131ndayken F1 tarihinin en gen\u00e7 pilotu olduktan sonra; 2016\u2019da, Red Bull formas\u0131yla \u00e7\u0131kt\u0131\u011f\u0131 ilk yar\u0131\u015f\u0131, \u0130spanya Grand Prix\u2019sinden zaferle ayr\u0131larak bu sporda yar\u0131\u015f kazanan, podyuma \u00e7\u0131kan ya da m\u00fcsabakay\u0131 en az bir tur boyunca lider g\u00f6t\u00fcren en gen\u00e7 isim olmay\u0131 da ba\u015fard\u0131.Yar\u0131\u015f pilotlu\u011funu se\u00e7mek, F1\u2019in g\u00f6rd\u00fc\u011f\u00fc en \u00f6zg\u00fcn s\u00fcr\u00fcc\u00fclerden Jos ile se\u00e7kin bir go-kart yar\u0131\u015f\u00e7\u0131s\u0131 olan Sophie Kumpen\u2019in o\u011flu olarak d\u00fcnyaya geldi\u011fi i\u00e7in Max\u2019\u0131n kaderinde yaz\u0131l\u0131yd\u0131. Daha ilk yar\u0131\u015f\u0131ndan man\u015fetleri s\u00fcslemeye ba\u015flay\u0131nca k\u0131sa s\u00fcrede pistlerde ad\u0131ndan s\u00f6z ettirdi, cesaretiyle \u015f\u00f6hret oldu, ele\u015ftirileri de alk\u0131\u015flar\u0131 da bir bir toplad\u0131. Spor yazar\u0131 James Gray kaleme ald\u0131\u011f\u0131 bu ilk kitab\u0131nda, Verstappen\u2019in yar\u0131\u015f \u00f6ncesinde, esnas\u0131nda ve sonras\u0131nda mutlaka izlenmesi gereken o agresif s\u00fcr\u00fc\u015f tarz\u0131 ve a\u00e7\u0131k s\u00f6zl\u00fc tabiat\u0131 kadar, Hollandal\u0131 hayranlar\u0131n\u0131n onu desteklemek ad\u0131na turuncu renge b\u00fcr\u00fcnm\u00fc\u015f \u00f6bekler h\u00e2linde ni\u00e7in b\u00f6ylesine fanatik bir tav\u0131r sergiledi\u011fini de anlamaya ve anlatmaya \u00e7al\u0131\u015f\u0131yor. <\/p>\n","protected":false},"excerpt":{"rendered":"<p>FORMULA 1\u2019\u0130N 2021 SEZONUNDAK\u0130 KAR\u0130ZMAT\u0130K \u015eAMP\u0130YONU, HOLLANDALI \u201cHAR\u0130KA \u00c7OCUK\u201d MAX VERSTAPPEN\u2019\u0130N \u0130LK VE TEK B\u0130YOGRAF\u0130S\u0130 Formula 1\u2019i Max Verstappen kadar sarsabilmi\u015f \u00e7ok az s\u00fcr\u00fcc\u00fc var. 2015\u2019te,<span class=\"excerpt-hellip\"> [\u2026]<\/span><\/p>\n","protected":false},"featured_media":0,"template":"","meta":{"_monsterinsights_skip_tracking":false,"_monsterinsights_sitenote_active":false,"_monsterinsights_sitenote_note":"","_monsterinsights_sitenote_category":0},"product_brand":[],"product_cat":[14009,12291],"product_tag":[],"class_list":{"0":"post-744104","1":"product","2":"type-product","3":"status-publish","5":"product_cat-biyografi-otobiyografi-edebiyat","6":"product_cat-edebiyat","7":"pa_cilt-ciltsiz","8":"pa_tur-kitap","9":"pa_yayinevi-profil-kitap","10":"pa_yazar-james-gray","12":"first","13":"instock","14":"sale","15":"shipping-taxable","16":"purchasable","17":"product-type-simple"},"_links":{"self":[{"href":"https:\/\/roveyayinevi.com.tr\/index.php\/wp-json\/wp\/v2\/product\/744104","targetHints":{"allow":["GET"]}}],"collection":[{"href":"https:\/\/roveyayinevi.com.tr\/index.php\/wp-json\/wp\/v2\/product"}],"about":[{"href":"https:\/\/roveyayinevi.com.tr\/index.php\/wp-json\/wp\/v2\/types\/product"}],"wp:attachment":[{"href":"https:\/\/roveyayinevi.com.tr\/index.php\/wp-json\/wp\/v2\/media?parent=744104"}],"wp:term":[{"taxonomy":"product_brand","embeddable":true,"href":"https:\/\/roveyayinevi.com.tr\/index.php\/wp-json\/wp\/v2\/product_brand?post=744104"},{"taxonomy":"product_cat","embeddable":true,"href":"https:\/\/roveyayinevi.com.tr\/index.php\/wp-json\/wp\/v2\/product_cat?post=744104"},{"taxonomy":"product_tag","embeddable":true,"href":"https:\/\/roveyayinevi.com.tr\/index.php\/wp-json\/wp\/v2\/product_tag?post=744104"}],"curies":[{"name":"wp","href":"https:\/\/api.w.org\/{rel}","templated":true}]}}