{"id":744102,"date":"2025-08-28T01:49:30","date_gmt":"2025-08-27T22:49:30","guid":{"rendered":"https:\/\/roveyayinevi.com.tr\/index.php\/urun\/fatihin-ruyasi\/"},"modified":"2026-04-16T02:55:42","modified_gmt":"2026-04-15T23:55:42","slug":"fatihin-ruyasi","status":"publish","type":"product","link":"https:\/\/roveyayinevi.com.tr\/index.php\/urun\/fatihin-ruyasi\/","title":{"rendered":"Fatih\u2019in R\u00fcyas\u0131"},"content":{"rendered":"<p>Fatih Sultan Mehmed yaln\u0131z Kostantiniyye\u2019yi feth ederek Nebev\u00ee m\u00fcjdeye mazhar olmam\u0131\u015f, Osmanl\u0131 Devleti\u2019ni bir cihan devleti haline getiren padi\u015fah olarak da tarihe ge\u00e7mi\u015ftir. Onun fethi, mek\u00e2nla birlikte zaman\u0131 da kapsad\u0131\u011f\u0131 i\u00e7indir ki, bug\u00fcn bizimle beraber nefes almaya devam etmektedir. K\u0131r\u0131m ile \u0130talya onun avucundaki \u00e7izgilerde birle\u015fiverir, Tuna ile F\u0131rat ate\u015f\u00een kalbinden ge\u00e7erek birbirlerine bo\u015falmaya ba\u015flar, Karadeniz ile Akdeniz\u2019i keskin zek\u00e2s\u0131yla bulu\u015fturur. Sade co\u011frafya m\u0131d\u0131r bulu\u015fan? Engin d\u00fcnyas\u0131nda k\u00fclt\u00fcrler ve sanatlar da, dinler ve diller de, kitaplar ve haritalar da, Ali Ku\u015f\u00e7u ve Homeros bitimsiz bir yolculu\u011fa \u00e7\u0131kar. Do\u011fu\u2019yu da Bat\u0131\u2019y\u0131 da kucaklamak ve onlar\u0131, in\u015fa edece\u011fi b\u00fcy\u00fck bah\u00e7enin kuca\u011f\u0131na almak istemi\u015fti. \u201cK\u00fc\u00e7\u00fck cihad\u201d (cih\u00e2d-\u0131 asg\u00e2r) dedi\u011fi fetihleri, \u201cb\u00fcy\u00fck cihad\u201d (cih\u00e2d-\u0131 ekber) ile tamamlamakt\u0131 niha\u00ee gayesi. Fatih Camii\u2019nin etraf\u0131nda devrin en g\u00f6rkemli e\u011fitim yurdunu a\u00e7arken \u201cB\u00fcy\u00fck cihad\u201d\u0131n ba\u015flad\u0131\u011f\u0131n\u0131 s\u00f6ylemi\u015fti. Bu, ilim k\u0131l\u0131c\u0131yla cehalete kar\u015f\u0131 a\u00e7\u0131lm\u0131\u015f bir m\u00fccadeleydi. Ne var ki Fatih Sultan Mehmed\u2019in \u00f6mr\u00fc, a\u00e7t\u0131\u011f\u0131 yolda sonuna kadar y\u00fcr\u00fcmesine izin vermedi, bu y\u00fczden tarih\u00ee g\u00f6revin kalan k\u0131sm\u0131n\u0131 \u201csonraki\u201d nesillere emanet etti; \u0130stanbul\u2019un fethine bizzat d\u00fc\u015f\u00fcrd\u00fc\u011f\u00fc tarihle s\u00f6ylersek, \u201c\u00e2hir\u00fbn\u201da. Bu y\u00fczden Fatih demek, yar\u0131m kalan a\u015fk demektir; yapt\u0131klar\u0131 kadar yapmak istedikleriyle de ke\u015ffedilmesi gereken ger\u00e7ek bir hazine demektir. Mustafa Arma\u011fan, Fatih\u2019in R\u00fcyas\u0131\u2019nda tarihimizin bu kutlu hazinesinin kap\u0131lar\u0131n\u0131 \u00e7almaya devam ediyor. Ki o kap\u0131lar r\u00fcyalar\u0131m\u0131za a\u00e7\u0131lmaktad\u0131r. Daha do\u011frusu \u201cB\u00fcy\u00fck T\u00fcrkiye R\u00fcyas\u0131\u201dna\u2026 <\/p>\n","protected":false},"excerpt":{"rendered":"<p>Fatih Sultan Mehmed yaln\u0131z Kostantiniyye\u2019yi feth ederek Nebev\u00ee m\u00fcjdeye mazhar olmam\u0131\u015f, Osmanl\u0131 Devleti\u2019ni bir cihan devleti haline getiren padi\u015fah olarak da tarihe ge\u00e7mi\u015ftir. Onun fethi, mek\u00e2nla<span class=\"excerpt-hellip\"> [\u2026]<\/span><\/p>\n","protected":false},"featured_media":0,"template":"","meta":{"_monsterinsights_skip_tracking":false,"_monsterinsights_sitenote_active":false,"_monsterinsights_sitenote_note":"","_monsterinsights_sitenote_category":0},"product_brand":[],"product_cat":[13517,12304],"product_tag":[],"class_list":{"0":"post-744102","1":"product","2":"type-product","3":"status-publish","5":"product_cat-osmanli-tarihi","6":"product_cat-tarih","7":"pa_cilt-ciltsiz","8":"pa_tur-kitap","9":"pa_yayinevi-profil-kitap","10":"pa_yazar-mustafa-armagan","12":"first","13":"instock","14":"sale","15":"shipping-taxable","16":"purchasable","17":"product-type-simple"},"_links":{"self":[{"href":"https:\/\/roveyayinevi.com.tr\/index.php\/wp-json\/wp\/v2\/product\/744102","targetHints":{"allow":["GET"]}}],"collection":[{"href":"https:\/\/roveyayinevi.com.tr\/index.php\/wp-json\/wp\/v2\/product"}],"about":[{"href":"https:\/\/roveyayinevi.com.tr\/index.php\/wp-json\/wp\/v2\/types\/product"}],"wp:attachment":[{"href":"https:\/\/roveyayinevi.com.tr\/index.php\/wp-json\/wp\/v2\/media?parent=744102"}],"wp:term":[{"taxonomy":"product_brand","embeddable":true,"href":"https:\/\/roveyayinevi.com.tr\/index.php\/wp-json\/wp\/v2\/product_brand?post=744102"},{"taxonomy":"product_cat","embeddable":true,"href":"https:\/\/roveyayinevi.com.tr\/index.php\/wp-json\/wp\/v2\/product_cat?post=744102"},{"taxonomy":"product_tag","embeddable":true,"href":"https:\/\/roveyayinevi.com.tr\/index.php\/wp-json\/wp\/v2\/product_tag?post=744102"}],"curies":[{"name":"wp","href":"https:\/\/api.w.org\/{rel}","templated":true}]}}