{"id":744101,"date":"2025-08-28T01:49:29","date_gmt":"2025-08-27T22:49:29","guid":{"rendered":"https:\/\/roveyayinevi.com.tr\/index.php\/urun\/toplumun-cocuga-ihaneti\/"},"modified":"2026-04-16T02:55:42","modified_gmt":"2026-04-15T23:55:42","slug":"toplumun-cocuga-ihaneti","status":"publish","type":"product","link":"https:\/\/roveyayinevi.com.tr\/index.php\/urun\/toplumun-cocuga-ihaneti\/","title":{"rendered":"Toplumun \u00c7ocu\u011fa \u0130haneti"},"content":{"rendered":"<p>&#8220;Geleneksel terapinin \u00e7ocuklu\u011fa bak\u0131\u015f\u0131n\u0131n k\u0131\u015fk\u0131rt\u0131c\u0131 bir ele\u015ftirisi&#8230; Bu patlamaya haz\u0131r bir kitap. Bu kitaptan, kendisi ve ebeveynleriyle ili\u015fkisi hakk\u0131nda yeni ke\u015fifler yapmadan \u00e7\u0131kacak birini hayal bile edemiyorum.&#8221; Nancy Evans, \u201cGlamour\u201d   Sigmund Freud&#8217;un d\u00fcrt\u00fc teorisine y\u00f6nelik temel bir ele\u015ftiri olan bu kitapta, Alice Miller \u00e7ocuk istismar\u0131n\u0131n ac\u0131mas\u0131z ger\u00e7ekli\u011fini t\u00fcm d\u00fcnyan\u0131n dikkatine sunarak &#8220;geleneksel&#8221; \u00e7ocuk yeti\u015ftirme y\u00f6ntemleri hakk\u0131ndaki d\u00fc\u015f\u00fcncelerimizi tamamen de\u011fi\u015ftiriyor. Vaka \u00f6yk\u00fclerini, edebiyat eserlerini, r\u00fcyalar\u0131 ve Franz Kafka, Virginia Woolf, Gustave Flaubert ve Samuel Beckett gibi ki\u015filerin hayatlar\u0131n\u0131 inceleyerek \u00e7ocuklar\u0131n &#8220;fantezilerinin&#8221; ard\u0131ndaki ac\u0131 ger\u00e7ekleri ortaya koyuyor.   Toplumun \u00c7ocu\u011fa \u0130haneti, insan do\u011fas\u0131n\u0131n geli\u015fimine \u00e7ok y\u00f6nl\u00fc bir \u0131\u015f\u0131k tutan son derece \u00f6nemli bir \u00e7al\u0131\u015fma.<\/p>\n","protected":false},"excerpt":{"rendered":"<p>&#8220;Geleneksel terapinin \u00e7ocuklu\u011fa bak\u0131\u015f\u0131n\u0131n k\u0131\u015fk\u0131rt\u0131c\u0131 bir ele\u015ftirisi&#8230; Bu patlamaya haz\u0131r bir kitap. Bu kitaptan, kendisi ve ebeveynleriyle ili\u015fkisi hakk\u0131nda yeni ke\u015fifler yapmadan \u00e7\u0131kacak birini hayal bile<span class=\"excerpt-hellip\"> [\u2026]<\/span><\/p>\n","protected":false},"featured_media":0,"template":"","meta":{"_monsterinsights_skip_tracking":false,"_monsterinsights_sitenote_active":false,"_monsterinsights_sitenote_note":"","_monsterinsights_sitenote_category":0},"product_brand":[],"product_cat":[12679,12357],"product_tag":[],"class_list":{"0":"post-744101","1":"product","2":"type-product","3":"status-publish","5":"product_cat-cocuk-psikolojisi","6":"product_cat-psikoloji","7":"pa_cilt-ciltsiz","8":"pa_tur-kitap","9":"pa_yayinevi-profil-kitap","10":"pa_yazar-alice-miller","12":"first","13":"instock","14":"sale","15":"shipping-taxable","16":"purchasable","17":"product-type-simple"},"_links":{"self":[{"href":"https:\/\/roveyayinevi.com.tr\/index.php\/wp-json\/wp\/v2\/product\/744101","targetHints":{"allow":["GET"]}}],"collection":[{"href":"https:\/\/roveyayinevi.com.tr\/index.php\/wp-json\/wp\/v2\/product"}],"about":[{"href":"https:\/\/roveyayinevi.com.tr\/index.php\/wp-json\/wp\/v2\/types\/product"}],"wp:attachment":[{"href":"https:\/\/roveyayinevi.com.tr\/index.php\/wp-json\/wp\/v2\/media?parent=744101"}],"wp:term":[{"taxonomy":"product_brand","embeddable":true,"href":"https:\/\/roveyayinevi.com.tr\/index.php\/wp-json\/wp\/v2\/product_brand?post=744101"},{"taxonomy":"product_cat","embeddable":true,"href":"https:\/\/roveyayinevi.com.tr\/index.php\/wp-json\/wp\/v2\/product_cat?post=744101"},{"taxonomy":"product_tag","embeddable":true,"href":"https:\/\/roveyayinevi.com.tr\/index.php\/wp-json\/wp\/v2\/product_tag?post=744101"}],"curies":[{"name":"wp","href":"https:\/\/api.w.org\/{rel}","templated":true}]}}