{"id":744099,"date":"2025-08-28T01:49:27","date_gmt":"2025-08-27T22:49:27","guid":{"rendered":"https:\/\/roveyayinevi.com.tr\/index.php\/urun\/ruya-insa-itiraz-mimari-elestiri-metinleri\/"},"modified":"2026-04-16T02:55:41","modified_gmt":"2026-04-15T23:55:41","slug":"ruya-insa-itiraz-mimari-elestiri-metinleri","status":"publish","type":"product","link":"https:\/\/roveyayinevi.com.tr\/index.php\/urun\/ruya-insa-itiraz-mimari-elestiri-metinleri\/","title":{"rendered":"R\u00fcya, \u0130n\u015fa, \u0130tiraz -Mimari Ele\u015ftiri Metinleri"},"content":{"rendered":"<p>R\u00fcya, \u0130n\u015fa, \u0130tiraz ismi, kitab\u0131n amac\u0131n\u0131n ne oldu\u011funu ve i\u00e7inde nelerden s\u00f6z edildi\u011fini a\u00e7\u0131k bi\u00e7imde \u00f6zetliyor. Hatta g\u00fcncel mimarl\u0131k d\u00fc\u015f\u00fcncesi ortam\u0131na ve onun i\u015fleme mekanizmas\u0131na bir te\u015fhis koyuyor. \u015e\u00f6yle ki, \u00f6nce, mimari bilgilenme s\u00fcreci burada \u2018r\u00fcya\u2019 metaforuyla \u00f6zetlenen bir otomatizmle ya\u015fan\u0131r. Mimarl\u0131k ad\u0131na bilinegelenler \u00e7o\u011fu zaman fark\u0131na bile var\u0131lmaks\u0131z\u0131n \u00f6\u011frenilir. Ard\u0131ndan \u2018in\u015fa\u2019 metaforuyla anlat\u0131lan \u00f6\u011frenilenleri i\u00e7selle\u015ftirme ve uygulama s\u00fcrecinden ge\u00e7ilir. Onu izleyen \u2018d\u00fc\u015fy\u0131k\u0131m\u0131\u2019 r\u00fcyalar\u0131n r\u00fcya, bilinenlerinse feda edilebilir oldu\u011funu fark etmek anlam\u0131na gelir. Onlardan vazge\u00e7ebilme f\u0131rsatlar\u0131n\u0131n bulundu\u011fu b\u00f6yle bir fark\u0131ndal\u0131kla kavran\u0131r. Son a\u015famaysa as\u0131l verimli d\u00fc\u015f\u00fcnsel imk\u00e2nlar\u0131n yarat\u0131laca\u011f\u0131 bir \u2018itiraz\u2019 etme ve o sayede yeni tasar\u0131msal, kuramsal ve in\u015fai imk\u00e2nlar\u0131 ortaya koyma evresidir. En az\u0131ndan \u00f6yle olmas\u0131 umulur ya da \u00f6yle bir olas\u0131l\u0131k vard\u0131r. \u00c7\u00fcnk\u00fc d\u00fc\u015f\u00fcnmek demek, \u00f6\u011frenilenlerle sonradan g\u00f6zlemlenenler aras\u0131nda \u00e7eli\u015fmeler ve onlardan do\u011fan gerilimler \u00fcretmek demek. Dolay\u0131s\u0131yla, okuyan\u0131n bildi\u011fi ve inand\u0131\u011f\u0131 konulardan konu\u015furken, bilinegelenlerin ger\u00e7e\u011fin ta kendisi oldu\u011fu konusunda ku\u015fku uyand\u0131rabiliyorsa, bu kitab\u0131n bir i\u015fe yaramas\u0131 m\u00fcmk\u00fcnd\u00fcr.<\/p>\n","protected":false},"excerpt":{"rendered":"<p>R\u00fcya, \u0130n\u015fa, \u0130tiraz ismi, kitab\u0131n amac\u0131n\u0131n ne oldu\u011funu ve i\u00e7inde nelerden s\u00f6z edildi\u011fini a\u00e7\u0131k bi\u00e7imde \u00f6zetliyor. Hatta g\u00fcncel mimarl\u0131k d\u00fc\u015f\u00fcncesi ortam\u0131na ve onun i\u015fleme mekanizmas\u0131na bir<span class=\"excerpt-hellip\"> [\u2026]<\/span><\/p>\n","protected":false},"featured_media":0,"template":"","meta":{"_monsterinsights_skip_tracking":false,"_monsterinsights_sitenote_active":false,"_monsterinsights_sitenote_note":"","_monsterinsights_sitenote_category":0},"product_brand":[],"product_cat":[13512,12408],"product_tag":[],"class_list":{"0":"post-744099","1":"product","2":"type-product","3":"status-publish","5":"product_cat-mimarlik","6":"product_cat-sanat","7":"pa_cilt-ciltsiz","8":"pa_tur-kitap","9":"pa_yayinevi-fol-kitap","10":"pa_yazar-ugur-tanyeli","12":"first","13":"instock","14":"sale","15":"shipping-taxable","16":"purchasable","17":"product-type-simple"},"_links":{"self":[{"href":"https:\/\/roveyayinevi.com.tr\/index.php\/wp-json\/wp\/v2\/product\/744099","targetHints":{"allow":["GET"]}}],"collection":[{"href":"https:\/\/roveyayinevi.com.tr\/index.php\/wp-json\/wp\/v2\/product"}],"about":[{"href":"https:\/\/roveyayinevi.com.tr\/index.php\/wp-json\/wp\/v2\/types\/product"}],"wp:attachment":[{"href":"https:\/\/roveyayinevi.com.tr\/index.php\/wp-json\/wp\/v2\/media?parent=744099"}],"wp:term":[{"taxonomy":"product_brand","embeddable":true,"href":"https:\/\/roveyayinevi.com.tr\/index.php\/wp-json\/wp\/v2\/product_brand?post=744099"},{"taxonomy":"product_cat","embeddable":true,"href":"https:\/\/roveyayinevi.com.tr\/index.php\/wp-json\/wp\/v2\/product_cat?post=744099"},{"taxonomy":"product_tag","embeddable":true,"href":"https:\/\/roveyayinevi.com.tr\/index.php\/wp-json\/wp\/v2\/product_tag?post=744099"}],"curies":[{"name":"wp","href":"https:\/\/api.w.org\/{rel}","templated":true}]}}