{"id":744098,"date":"2025-08-28T01:49:26","date_gmt":"2025-08-27T22:49:26","guid":{"rendered":"https:\/\/roveyayinevi.com.tr\/index.php\/urun\/politik-hukukbilim-bodinden-modern-sonrasina\/"},"modified":"2026-04-16T02:55:41","modified_gmt":"2026-04-15T23:55:41","slug":"politik-hukukbilim-bodinden-modern-sonrasina","status":"publish","type":"product","link":"https:\/\/roveyayinevi.com.tr\/index.php\/urun\/politik-hukukbilim-bodinden-modern-sonrasina\/","title":{"rendered":"Politik Hukukbilim  \u2013 Bodin\u2019den Modern Sonras\u0131na"},"content":{"rendered":"<p>Politik hukukbilim, hukuku insan deneyiminin \u2018politik\u2019 bir y\u00f6n\u00fc olarak ele alan hukuk bilimi dal\u0131d\u0131r. Hukukun, insan deneyiminin \u2018politik\u2019 k\u0131sm\u0131n\u0131n bir ve\u00e7hesi olarak anla\u015f\u0131lmas\u0131 gerekti\u011fini iddia eder. Politik hukuk\u00e7ular, ne \u00fctopist ne de evrensel bilgi aray\u0131\u015f\u0131ndaki filozoflard\u0131r; onlar politik d\u00fc\u015f\u00fcn\u00fcrlerdir; d\u00fcnyayla, oldu\u011fu h\u00e2liyle \u00e7al\u0131\u015f\u0131rlar. Politik hukukbilim, siyasi otoritenin nas\u0131l olu\u015fturuldu\u011fu sorusunun, hukuk d\u00fczeninin mahiyetini anlaman\u0131n anahtar\u0131 oldu\u011funu savunur. Politik hukukbilim, Bodin\u2019in 16. y\u00fczy\u0131ldaki \u00e7al\u0131\u015fmalar\u0131ndan Schmitt\u2019in 20. y\u00fczy\u0131ldaki eserlerine kadar uzanan ortak bir Avrupa s\u00f6ylemi olarak geli\u015fmi\u015ftir. Bodin, Grotius, Pufendorf, Montesquieu, Hauriou, Romano, Heller ve Schmitt gibi \u00e7\u0131\u011f\u0131r a\u00e7\u0131c\u0131 hukuk\u00e7ular\u0131n pek \u00e7o\u011fu hukuk uygulamas\u0131nda da yer alm\u0131\u015ft\u0131r. Hamilton, Burke ve de Tocqueville gibi baz\u0131lar\u0131, hukuk\u00e7u olarak yeti\u015fmi\u015f ancak ba\u015fka \u00f6zellikleriyle tan\u0131nm\u0131\u015ft\u0131r. Hobbes, Spinoza, Rousseau ve Hegel\u2019in de d\u00e2hil oldu\u011fu di\u011ferleri ise genellikle siyaset felsefecileri olarak kabul edilmi\u015ftir. Ancak hepsi politik hukukbilime dikkate de\u011fer katk\u0131larda bulunmu\u015ftur. Alan\u0131nda yaz\u0131lm\u0131\u015f en \u00f6nemli \u00e7al\u0131\u015fmalardan biri olan elinizdeki kitap, politik hukukbilimin do\u011fu\u015fu, geli\u015fimi ve \u00e7a\u011fda\u015f hukuk felsefesi a\u00e7\u0131s\u0131ndan \u00f6nemini ele al\u0131yor.<\/p>\n","protected":false},"excerpt":{"rendered":"<p>Politik hukukbilim, hukuku insan deneyiminin \u2018politik\u2019 bir y\u00f6n\u00fc olarak ele alan hukuk bilimi dal\u0131d\u0131r. Hukukun, insan deneyiminin \u2018politik\u2019 k\u0131sm\u0131n\u0131n bir ve\u00e7hesi olarak anla\u015f\u0131lmas\u0131 gerekti\u011fini iddia eder.<span class=\"excerpt-hellip\"> [\u2026]<\/span><\/p>\n","protected":false},"featured_media":0,"template":"","meta":{"_monsterinsights_skip_tracking":false,"_monsterinsights_sitenote_active":false,"_monsterinsights_sitenote_note":"","_monsterinsights_sitenote_category":0},"product_brand":[],"product_cat":[15350,17602],"product_tag":[],"class_list":{"0":"post-744098","1":"product","2":"type-product","3":"status-publish","5":"product_cat-hukuk","6":"product_cat-hukuk-uzerine","7":"pa_cilt-ciltsiz","8":"pa_tur-kitap","9":"pa_yayinevi-fol-kitap","10":"pa_yazar-martin-loughlin","12":"first","13":"instock","14":"sale","15":"shipping-taxable","16":"purchasable","17":"product-type-simple"},"_links":{"self":[{"href":"https:\/\/roveyayinevi.com.tr\/index.php\/wp-json\/wp\/v2\/product\/744098","targetHints":{"allow":["GET"]}}],"collection":[{"href":"https:\/\/roveyayinevi.com.tr\/index.php\/wp-json\/wp\/v2\/product"}],"about":[{"href":"https:\/\/roveyayinevi.com.tr\/index.php\/wp-json\/wp\/v2\/types\/product"}],"wp:attachment":[{"href":"https:\/\/roveyayinevi.com.tr\/index.php\/wp-json\/wp\/v2\/media?parent=744098"}],"wp:term":[{"taxonomy":"product_brand","embeddable":true,"href":"https:\/\/roveyayinevi.com.tr\/index.php\/wp-json\/wp\/v2\/product_brand?post=744098"},{"taxonomy":"product_cat","embeddable":true,"href":"https:\/\/roveyayinevi.com.tr\/index.php\/wp-json\/wp\/v2\/product_cat?post=744098"},{"taxonomy":"product_tag","embeddable":true,"href":"https:\/\/roveyayinevi.com.tr\/index.php\/wp-json\/wp\/v2\/product_tag?post=744098"}],"curies":[{"name":"wp","href":"https:\/\/api.w.org\/{rel}","templated":true}]}}